{"id":8502,"date":"2025-07-07T17:11:15","date_gmt":"2025-07-07T20:11:15","guid":{"rendered":"https:\/\/hospitalariars.com.br\/?post_type=product&#038;p=8502"},"modified":"2026-03-27T16:03:30","modified_gmt":"2026-03-27T19:03:30","slug":"extensao-em-nylon-trancado-3-m-para-oxigenio-haoxi","status":"publish","type":"product","link":"https:\/\/hospitalariars.com.br\/index.php\/produto\/extensao-em-nylon-trancado-3-m-para-oxigenio-haoxi\/","title":{"rendered":"Extens\u00e3o em Nylon Tran\u00e7ado 3\u202fm para Oxig\u00eanio &#8211; Haoxi"},"content":{"rendered":"<p data-start=\"212\" data-end=\"616\"><strong data-start=\"212\" data-end=\"226\">Descri\u00e7\u00e3o:<\/strong><br data-start=\"226\" data-end=\"229\" \/>A Extens\u00e3o em Nylon Tran\u00e7ado 3\u202fm para Oxig\u00eanio Haoxi \u00e9 ideal para condu\u00e7\u00e3o de oxig\u00eanio medicinal em ambientes cl\u00ednicos, hospitalares e domiciliares. Fabricada em nylon resistente com malha tran\u00e7ada, garante seguran\u00e7a, durabilidade e flexibilidade no uso di\u00e1rio. Seu comprimento de 3 metros permite maior mobilidade entre a fonte de oxig\u00eanio e o paciente, mantendo a integridade do fluxo.<\/p>\n<p data-start=\"618\" data-end=\"648\"><strong data-start=\"618\" data-end=\"646\">Especifica\u00e7\u00f5es T\u00e9cnicas:<\/strong><\/p>\n<ul data-start=\"649\" data-end=\"944\">\n<li data-start=\"649\" data-end=\"674\">\n<p data-start=\"651\" data-end=\"674\">Comprimento: 3 metros<\/p>\n<\/li>\n<li data-start=\"675\" data-end=\"723\">\n<p data-start=\"677\" data-end=\"723\">Material: Nylon tran\u00e7ado de alta resist\u00eancia<\/p>\n<\/li>\n<li data-start=\"724\" data-end=\"769\">\n<p data-start=\"726\" data-end=\"769\">Aplica\u00e7\u00e3o: Condu\u00e7\u00e3o de oxig\u00eanio medicinal<\/p>\n<\/li>\n<li data-start=\"770\" data-end=\"830\">\n<p data-start=\"772\" data-end=\"830\">Cor: Transparente ou transl\u00facida (varia conforme o lote)<\/p>\n<\/li>\n<li data-start=\"831\" data-end=\"881\">\n<p data-start=\"833\" data-end=\"881\">Conex\u00f5es: Compat\u00edveis com padr\u00f5es hospitalares<\/p>\n<\/li>\n<li data-start=\"882\" data-end=\"927\">\n<p data-start=\"884\" data-end=\"927\">Uso: Reutiliz\u00e1vel e de f\u00e1cil higieniza\u00e7\u00e3o<\/p>\n<\/li>\n<li data-start=\"928\" data-end=\"944\">\n<p data-start=\"930\" data-end=\"944\">Marca: Haoxi<\/p>\n<\/li>\n<\/ul>\n","protected":false},"excerpt":{"rendered":"Descri\u00e7\u00e3o:A Extens\u00e3o em Nylon Tran\u00e7ado 3\u202fm para Oxig\u00eanio Haoxi \u00e9 ideal para condu\u00e7\u00e3o de oxig\u00eanio medicinal em ambientes&hellip;","protected":false},"featured_media":8498,"comment_status":"open","ping_status":"closed","template":"","meta":{"slim_seo":{"title":"Extens\u00e3o em Nylon Tran\u00e7ado 3\u202fm para Oxig\u00eanio - Haoxi - Hospitalaria RS","description":"Descri\u00e7\u00e3o: A Extens\u00e3o em Nylon Tran\u00e7ado 3\u202fm para Oxig\u00eanio Haoxi \u00e9 ideal para condu\u00e7\u00e3o de oxig\u00eanio medicinal em ambientes cl\u00ednicos, hospitalares e domiciliares."}},"product_brand":[1065],"product_cat":[38],"product_tag":[1338,1078,1343,1332,1327,1345,1334,1069,1344,1342],"class_list":{"0":"post-8502","1":"product","2":"type-product","3":"status-publish","4":"has-post-thumbnail","6":"product_brand-haoxi","7":"product_cat-oxigenoterapia","8":"product_tag-conduite-hospitalar","9":"product_tag-equipamento-respiratorio","10":"product_tag-extensao-3-metros-oxigenio","11":"product_tag-extensao-haoxi","12":"product_tag-extensao-oxigenio","13":"product_tag-mangueira-para-o","14":"product_tag-mangueira-reforcada","15":"product_tag-oxigenoterapia","16":"product_tag-tubo-clinico","17":"product_tag-tubo-nylon-trancado","18":"mbf-entry","20":"first","21":"outofstock","22":"shipping-taxable","23":"purchasable","24":"product-type-simple"},"_links":{"self":[{"href":"https:\/\/hospitalariars.com.br\/index.php\/wp-json\/wp\/v2\/product\/8502","targetHints":{"allow":["GET"]}}],"collection":[{"href":"https:\/\/hospitalariars.com.br\/index.php\/wp-json\/wp\/v2\/product"}],"about":[{"href":"https:\/\/hospitalariars.com.br\/index.php\/wp-json\/wp\/v2\/types\/product"}],"replies":[{"embeddable":true,"href":"https:\/\/hospitalariars.com.br\/index.php\/wp-json\/wp\/v2\/comments?post=8502"}],"wp:featuredmedia":[{"embeddable":true,"href":"https:\/\/hospitalariars.com.br\/index.php\/wp-json\/wp\/v2\/media\/8498"}],"wp:attachment":[{"href":"https:\/\/hospitalariars.com.br\/index.php\/wp-json\/wp\/v2\/media?parent=8502"}],"wp:term":[{"taxonomy":"product_brand","embeddable":true,"href":"https:\/\/hospitalariars.com.br\/index.php\/wp-json\/wp\/v2\/product_brand?post=8502"},{"taxonomy":"product_cat","embeddable":true,"href":"https:\/\/hospitalariars.com.br\/index.php\/wp-json\/wp\/v2\/product_cat?post=8502"},{"taxonomy":"product_tag","embeddable":true,"href":"https:\/\/hospitalariars.com.br\/index.php\/wp-json\/wp\/v2\/product_tag?post=8502"}],"curies":[{"name":"wp","href":"https:\/\/api.w.org\/{rel}","templated":true}]}}