{"id":8504,"date":"2025-07-07T17:13:54","date_gmt":"2025-07-07T20:13:54","guid":{"rendered":"https:\/\/hospitalariars.com.br\/?post_type=product&#038;p=8504"},"modified":"2026-03-27T16:03:30","modified_gmt":"2026-03-27T19:03:30","slug":"extensao-em-nylon-trancado-5-m-para-oxigenio-haoxi","status":"publish","type":"product","link":"https:\/\/hospitalariars.com.br\/index.php\/produto\/extensao-em-nylon-trancado-5-m-para-oxigenio-haoxi\/","title":{"rendered":"Extens\u00e3o em Nylon Tran\u00e7ado 5\u202fm para Oxig\u00eanio \u2013 Haoxi"},"content":{"rendered":"<p data-start=\"187\" data-end=\"624\"><strong data-start=\"187\" data-end=\"201\">Descri\u00e7\u00e3o:<\/strong><br data-start=\"201\" data-end=\"204\" \/>A Extens\u00e3o em Nylon Tran\u00e7ado 5\u202fm para Oxig\u00eanio \u2013 Haoxi \u00e9 indicada para condu\u00e7\u00e3o de oxig\u00eanio medicinal de forma segura e eficiente. Com estrutura refor\u00e7ada em nylon com malha tran\u00e7ada, proporciona resist\u00eancia, flexibilidade e durabilidade mesmo em uso cont\u00ednuo. Seu comprimento de 5 metros oferece excelente mobilidade entre o paciente e a fonte de oxig\u00eanio, sendo ideal para hospitais, cl\u00ednicas e atendimento domiciliar.<\/p>\n<p data-start=\"626\" data-end=\"656\"><strong data-start=\"626\" data-end=\"654\">Especifica\u00e7\u00f5es T\u00e9cnicas:<\/strong><\/p>\n<ul data-start=\"657\" data-end=\"951\">\n<li data-start=\"657\" data-end=\"682\">\n<p data-start=\"659\" data-end=\"682\">Comprimento: 5 metros<\/p>\n<\/li>\n<li data-start=\"683\" data-end=\"731\">\n<p data-start=\"685\" data-end=\"731\">Material: Nylon tran\u00e7ado de alta resist\u00eancia<\/p>\n<\/li>\n<li data-start=\"732\" data-end=\"777\">\n<p data-start=\"734\" data-end=\"777\">Aplica\u00e7\u00e3o: Condu\u00e7\u00e3o de oxig\u00eanio medicinal<\/p>\n<\/li>\n<li data-start=\"778\" data-end=\"841\">\n<p data-start=\"780\" data-end=\"841\">Cor: Transparente ou transl\u00facida (varia\u00e7\u00e3o conforme o lote)<\/p>\n<\/li>\n<li data-start=\"842\" data-end=\"892\">\n<p data-start=\"844\" data-end=\"892\">Conex\u00f5es: Compat\u00edveis com padr\u00f5es hospitalares<\/p>\n<\/li>\n<li data-start=\"893\" data-end=\"934\">\n<p data-start=\"895\" data-end=\"934\">Uso: Reutiliz\u00e1vel, f\u00e1cil higieniza\u00e7\u00e3o<\/p>\n<\/li>\n<li data-start=\"935\" data-end=\"951\">\n<p data-start=\"937\" data-end=\"951\">Marca: Haoxi<\/p>\n<\/li>\n<\/ul>\n","protected":false},"excerpt":{"rendered":"Descri\u00e7\u00e3o:A Extens\u00e3o em Nylon Tran\u00e7ado 5\u202fm para Oxig\u00eanio \u2013 Haoxi \u00e9 indicada para condu\u00e7\u00e3o de oxig\u00eanio medicinal de&hellip;","protected":false},"featured_media":8498,"comment_status":"open","ping_status":"closed","template":"","meta":{"slim_seo":{"title":"Extens\u00e3o em Nylon Tran\u00e7ado 5\u202fm para Oxig\u00eanio \u2013 Haoxi - Hospitalaria RS","description":"Descri\u00e7\u00e3o: A Extens\u00e3o em Nylon Tran\u00e7ado 5\u202fm para Oxig\u00eanio \u2013 Haoxi \u00e9 indicada para condu\u00e7\u00e3o de oxig\u00eanio medicinal de forma segura e eficiente. Com estrutura refo"}},"product_brand":[1065],"product_cat":[38],"product_tag":[1338,1078,1351,1332,1327,1345,1334,1069,1344,1342],"class_list":{"0":"post-8504","1":"product","2":"type-product","3":"status-publish","4":"has-post-thumbnail","6":"product_brand-haoxi","7":"product_cat-oxigenoterapia","8":"product_tag-conduite-hospitalar","9":"product_tag-equipamento-respiratorio","10":"product_tag-extensao-5-metros-oxigenio","11":"product_tag-extensao-haoxi","12":"product_tag-extensao-oxigenio","13":"product_tag-mangueira-para-o","14":"product_tag-mangueira-reforcada","15":"product_tag-oxigenoterapia","16":"product_tag-tubo-clinico","17":"product_tag-tubo-nylon-trancado","18":"mbf-entry","20":"first","21":"outofstock","22":"shipping-taxable","23":"purchasable","24":"product-type-simple"},"_links":{"self":[{"href":"https:\/\/hospitalariars.com.br\/index.php\/wp-json\/wp\/v2\/product\/8504","targetHints":{"allow":["GET"]}}],"collection":[{"href":"https:\/\/hospitalariars.com.br\/index.php\/wp-json\/wp\/v2\/product"}],"about":[{"href":"https:\/\/hospitalariars.com.br\/index.php\/wp-json\/wp\/v2\/types\/product"}],"replies":[{"embeddable":true,"href":"https:\/\/hospitalariars.com.br\/index.php\/wp-json\/wp\/v2\/comments?post=8504"}],"wp:featuredmedia":[{"embeddable":true,"href":"https:\/\/hospitalariars.com.br\/index.php\/wp-json\/wp\/v2\/media\/8498"}],"wp:attachment":[{"href":"https:\/\/hospitalariars.com.br\/index.php\/wp-json\/wp\/v2\/media?parent=8504"}],"wp:term":[{"taxonomy":"product_brand","embeddable":true,"href":"https:\/\/hospitalariars.com.br\/index.php\/wp-json\/wp\/v2\/product_brand?post=8504"},{"taxonomy":"product_cat","embeddable":true,"href":"https:\/\/hospitalariars.com.br\/index.php\/wp-json\/wp\/v2\/product_cat?post=8504"},{"taxonomy":"product_tag","embeddable":true,"href":"https:\/\/hospitalariars.com.br\/index.php\/wp-json\/wp\/v2\/product_tag?post=8504"}],"curies":[{"name":"wp","href":"https:\/\/api.w.org\/{rel}","templated":true}]}}