{"id":8508,"date":"2025-07-07T17:19:29","date_gmt":"2025-07-07T20:19:29","guid":{"rendered":"https:\/\/hospitalariars.com.br\/?post_type=product&#038;p=8508"},"modified":"2026-03-27T16:03:29","modified_gmt":"2026-03-27T19:03:29","slug":"painel-posto-de-parede-externo-para-ar-comprimido-haoxi","status":"publish","type":"product","link":"https:\/\/hospitalariars.com.br\/index.php\/produto\/painel-posto-de-parede-externo-para-ar-comprimido-haoxi\/","title":{"rendered":"Painel Posto de Parede Externo para Ar Comprimido \u2013 Haoxi"},"content":{"rendered":"<p data-start=\"183\" data-end=\"595\"><strong data-start=\"183\" data-end=\"197\">Descri\u00e7\u00e3o:<\/strong><br data-start=\"197\" data-end=\"200\" \/>O Painel Posto de Parede Externo para Ar Comprimido \u2013 Haoxi \u00e9 utilizado para distribui\u00e7\u00e3o segura de ar comprimido em ambientes hospitalares e cl\u00ednicos. Possui estrutura resistente e conex\u00e3o padronizada, garantindo f\u00e1cil instala\u00e7\u00e3o em parede e compatibilidade com equipamentos pneum\u00e1ticos. Ideal para garantir o fornecimento est\u00e1vel e cont\u00ednuo de ar comprimido para diversos dispositivos m\u00e9dicos.<\/p>\n<p data-start=\"597\" data-end=\"627\"><strong data-start=\"597\" data-end=\"625\">Especifica\u00e7\u00f5es T\u00e9cnicas:<\/strong><\/p>\n<ul data-start=\"628\" data-end=\"926\">\n<li data-start=\"628\" data-end=\"661\">\n<p data-start=\"630\" data-end=\"661\">Tipo: Posto de parede externo<\/p>\n<\/li>\n<li data-start=\"662\" data-end=\"684\">\n<p data-start=\"664\" data-end=\"684\">G\u00e1s: Ar comprimido<\/p>\n<\/li>\n<li data-start=\"685\" data-end=\"745\">\n<p data-start=\"687\" data-end=\"745\">Aplica\u00e7\u00e3o: Distribui\u00e7\u00e3o de ar comprimido em pontos fixos<\/p>\n<\/li>\n<li data-start=\"746\" data-end=\"808\">\n<p data-start=\"748\" data-end=\"808\">Material: Estrutura resistente (metal ou pl\u00e1stico t\u00e9cnico)<\/p>\n<\/li>\n<li data-start=\"809\" data-end=\"850\">\n<p data-start=\"811\" data-end=\"850\">Instala\u00e7\u00e3o: Fixa\u00e7\u00e3o externa em parede<\/p>\n<\/li>\n<li data-start=\"851\" data-end=\"909\">\n<p data-start=\"853\" data-end=\"909\">Compatibilidade: Equipamentos hospitalares pneum\u00e1ticos<\/p>\n<\/li>\n<li data-start=\"910\" data-end=\"926\">\n<p data-start=\"912\" data-end=\"926\">Marca: Haoxi<\/p>\n<\/li>\n<\/ul>\n","protected":false},"excerpt":{"rendered":"Descri\u00e7\u00e3o:O Painel Posto de Parede Externo para Ar Comprimido \u2013 Haoxi \u00e9 utilizado para distribui\u00e7\u00e3o segura de ar&hellip;","protected":false},"featured_media":8509,"comment_status":"open","ping_status":"closed","template":"","meta":{"slim_seo":{"title":"Painel Posto de Parede Externo para Ar Comprimido \u2013 Haoxi - Hospitalaria RS","description":"Descri\u00e7\u00e3o: O Painel Posto de Parede Externo para Ar Comprimido \u2013 Haoxi \u00e9 utilizado para distribui\u00e7\u00e3o segura de ar comprimido em ambientes hospitalares e cl\u00ednico"}},"product_brand":[1065],"product_cat":[38],"product_tag":[1368,1071,1364,1363,1365,1360,1366,1367,1356,1369],"class_list":{"0":"post-8508","1":"product","2":"type-product","3":"status-publish","4":"has-post-thumbnail","6":"product_brand-haoxi","7":"product_cat-oxigenoterapia","8":"product_tag-distribuicao-ar-comprimido","9":"product_tag-equipamento-hospitalar","10":"product_tag-painel-ar-comprimido","11":"product_tag-painel-clinico","12":"product_tag-painel-de-parede","13":"product_tag-painel-haoxi","14":"product_tag-painel-hospitalar","15":"product_tag-ponto-de-ar-comprimido","16":"product_tag-posto-de-parede","17":"product_tag-suporte-pneumatico","18":"mbf-entry","20":"first","21":"outofstock","22":"shipping-taxable","23":"purchasable","24":"product-type-simple"},"_links":{"self":[{"href":"https:\/\/hospitalariars.com.br\/index.php\/wp-json\/wp\/v2\/product\/8508","targetHints":{"allow":["GET"]}}],"collection":[{"href":"https:\/\/hospitalariars.com.br\/index.php\/wp-json\/wp\/v2\/product"}],"about":[{"href":"https:\/\/hospitalariars.com.br\/index.php\/wp-json\/wp\/v2\/types\/product"}],"replies":[{"embeddable":true,"href":"https:\/\/hospitalariars.com.br\/index.php\/wp-json\/wp\/v2\/comments?post=8508"}],"wp:featuredmedia":[{"embeddable":true,"href":"https:\/\/hospitalariars.com.br\/index.php\/wp-json\/wp\/v2\/media\/8509"}],"wp:attachment":[{"href":"https:\/\/hospitalariars.com.br\/index.php\/wp-json\/wp\/v2\/media?parent=8508"}],"wp:term":[{"taxonomy":"product_brand","embeddable":true,"href":"https:\/\/hospitalariars.com.br\/index.php\/wp-json\/wp\/v2\/product_brand?post=8508"},{"taxonomy":"product_cat","embeddable":true,"href":"https:\/\/hospitalariars.com.br\/index.php\/wp-json\/wp\/v2\/product_cat?post=8508"},{"taxonomy":"product_tag","embeddable":true,"href":"https:\/\/hospitalariars.com.br\/index.php\/wp-json\/wp\/v2\/product_tag?post=8508"}],"curies":[{"name":"wp","href":"https:\/\/api.w.org\/{rel}","templated":true}]}}