{"id":8510,"date":"2025-07-07T17:21:10","date_gmt":"2025-07-07T20:21:10","guid":{"rendered":"https:\/\/hospitalariars.com.br\/?post_type=product&#038;p=8510"},"modified":"2026-03-27T16:03:29","modified_gmt":"2026-03-27T19:03:29","slug":"dreno-coletor-de-agua-autoclavavel-haoxi","status":"publish","type":"product","link":"https:\/\/hospitalariars.com.br\/index.php\/produto\/dreno-coletor-de-agua-autoclavavel-haoxi\/","title":{"rendered":"Dreno Coletor de \u00c1gua Autoclav\u00e1vel \u2013 Haoxi"},"content":{"rendered":"<p data-start=\"191\" data-end=\"586\"><strong data-start=\"191\" data-end=\"205\">Descri\u00e7\u00e3o:<\/strong><br data-start=\"205\" data-end=\"208\" \/>O Dreno Coletor de \u00c1gua Autoclav\u00e1vel \u2013 Haoxi \u00e9 indicado para uso em sistemas hospitalares e laboratoriais que requerem coleta eficiente e segura de l\u00edquidos. Fabricado em material resistente e autoclav\u00e1vel, permite esteriliza\u00e7\u00e3o r\u00e1pida e reutiliza\u00e7\u00e3o, garantindo higiene e durabilidade. Ideal para procedimentos que exigem manejo cuidadoso de l\u00edquidos, prevenindo contamina\u00e7\u00f5es.<\/p>\n<p data-start=\"588\" data-end=\"618\"><strong data-start=\"588\" data-end=\"616\">Especifica\u00e7\u00f5es T\u00e9cnicas:<\/strong><\/p>\n<ul data-start=\"619\" data-end=\"934\">\n<li data-start=\"619\" data-end=\"674\">\n<p data-start=\"621\" data-end=\"674\">Material: Pl\u00e1stico autoclav\u00e1vel de alta resist\u00eancia<\/p>\n<\/li>\n<li data-start=\"675\" data-end=\"715\">\n<p data-start=\"677\" data-end=\"715\">Capacidade: Vari\u00e1vel conforme modelo<\/p>\n<\/li>\n<li data-start=\"716\" data-end=\"769\">\n<p data-start=\"718\" data-end=\"769\">Uso: Reutiliz\u00e1vel ap\u00f3s esteriliza\u00e7\u00e3o em autoclave<\/p>\n<\/li>\n<li data-start=\"770\" data-end=\"855\">\n<p data-start=\"772\" data-end=\"855\">Aplica\u00e7\u00e3o: Coleta de l\u00edquidos em ambientes hospitalares, laboratoriais e cl\u00ednicos<\/p>\n<\/li>\n<li data-start=\"856\" data-end=\"917\">\n<p data-start=\"858\" data-end=\"917\">Compatibilidade: Sistemas de drenagem e coleta hospitalar<\/p>\n<\/li>\n<li data-start=\"918\" data-end=\"934\">\n<p data-start=\"920\" data-end=\"934\">Marca: Haoxi<\/p>\n<\/li>\n<\/ul>\n","protected":false},"excerpt":{"rendered":"Descri\u00e7\u00e3o:O Dreno Coletor de \u00c1gua Autoclav\u00e1vel \u2013 Haoxi \u00e9 indicado para uso em sistemas hospitalares e laboratoriais que&hellip;","protected":false},"featured_media":8511,"comment_status":"open","ping_status":"closed","template":"","meta":{"slim_seo":{"title":"Dreno Coletor de \u00c1gua Autoclav\u00e1vel \u2013 Haoxi - Hospitalaria RS","description":"Descri\u00e7\u00e3o: O Dreno Coletor de \u00c1gua Autoclav\u00e1vel \u2013 Haoxi \u00e9 indicado para uso em sistemas hospitalares e laboratoriais que requerem coleta eficiente e segura de l"}},"product_brand":[1065],"product_cat":[38],"product_tag":[1372,1306,1371,1370,1374,1376,1316,1071,1375,1373],"class_list":{"0":"post-8510","1":"product","2":"type-product","3":"status-publish","4":"has-post-thumbnail","6":"product_brand-haoxi","7":"product_cat-oxigenoterapia","8":"product_tag-coleta-de-liquidos","9":"product_tag-drenagem-hospitalar","10":"product_tag-dreno-autoclavavel","11":"product_tag-dreno-coletor-de-agua","12":"product_tag-dreno-haoxi","13":"product_tag-dreno-reutilizavel","14":"product_tag-equipamento-clinico","15":"product_tag-equipamento-hospitalar","16":"product_tag-produto-autoclavavel","17":"product_tag-sistema-de-drenagem","18":"mbf-entry","20":"first","21":"outofstock","22":"shipping-taxable","23":"purchasable","24":"product-type-simple"},"_links":{"self":[{"href":"https:\/\/hospitalariars.com.br\/index.php\/wp-json\/wp\/v2\/product\/8510","targetHints":{"allow":["GET"]}}],"collection":[{"href":"https:\/\/hospitalariars.com.br\/index.php\/wp-json\/wp\/v2\/product"}],"about":[{"href":"https:\/\/hospitalariars.com.br\/index.php\/wp-json\/wp\/v2\/types\/product"}],"replies":[{"embeddable":true,"href":"https:\/\/hospitalariars.com.br\/index.php\/wp-json\/wp\/v2\/comments?post=8510"}],"wp:featuredmedia":[{"embeddable":true,"href":"https:\/\/hospitalariars.com.br\/index.php\/wp-json\/wp\/v2\/media\/8511"}],"wp:attachment":[{"href":"https:\/\/hospitalariars.com.br\/index.php\/wp-json\/wp\/v2\/media?parent=8510"}],"wp:term":[{"taxonomy":"product_brand","embeddable":true,"href":"https:\/\/hospitalariars.com.br\/index.php\/wp-json\/wp\/v2\/product_brand?post=8510"},{"taxonomy":"product_cat","embeddable":true,"href":"https:\/\/hospitalariars.com.br\/index.php\/wp-json\/wp\/v2\/product_cat?post=8510"},{"taxonomy":"product_tag","embeddable":true,"href":"https:\/\/hospitalariars.com.br\/index.php\/wp-json\/wp\/v2\/product_tag?post=8510"}],"curies":[{"name":"wp","href":"https:\/\/api.w.org\/{rel}","templated":true}]}}