{"id":8524,"date":"2025-07-07T17:37:08","date_gmt":"2025-07-07T20:37:08","guid":{"rendered":"https:\/\/hospitalariars.com.br\/?post_type=product&#038;p=8524"},"modified":"2026-03-27T16:03:29","modified_gmt":"2026-03-27T19:03:29","slug":"mascara-inflavel-clear-confort-com-valvula-n-1-infantil-haoxi","status":"publish","type":"product","link":"https:\/\/hospitalariars.com.br\/index.php\/produto\/mascara-inflavel-clear-confort-com-valvula-n-1-infantil-haoxi\/","title":{"rendered":"M\u00e1scara Infl\u00e1vel Clear Confort com V\u00e1lvula N\u00b0 1 \u2013 Infantil \u2013 Haoxi"},"content":{"rendered":"<p data-start=\"169\" data-end=\"597\"><strong data-start=\"169\" data-end=\"183\">Descri\u00e7\u00e3o:<\/strong><br data-start=\"183\" data-end=\"186\" \/>A M\u00e1scara Infl\u00e1vel Clear Confort com V\u00e1lvula N\u00b0 1 \u2013 Haoxi \u00e9 indicada para suporte respirat\u00f3rio em pacientes infantis, oferecendo conforto e seguran\u00e7a durante a ventila\u00e7\u00e3o manual. Fabricada em material flex\u00edvel e at\u00f3xico, possui v\u00e1lvula integrada para facilitar a circula\u00e7\u00e3o de ar, garantindo excelente veda\u00e7\u00e3o e facilidade no manuseio. Ideal para uso em hospitais, cl\u00ednicas pedi\u00e1tricas e unidades de emerg\u00eancia.<\/p>\n<p data-start=\"599\" data-end=\"629\"><strong data-start=\"599\" data-end=\"627\">Especifica\u00e7\u00f5es T\u00e9cnicas:<\/strong><\/p>\n<ul data-start=\"630\" data-end=\"884\">\n<li data-start=\"630\" data-end=\"658\">\n<p data-start=\"632\" data-end=\"658\">Tamanho: N\u00b0 1 \u2013 Infantil<\/p>\n<\/li>\n<li data-start=\"659\" data-end=\"700\">\n<p data-start=\"661\" data-end=\"700\">Material: Silicone flex\u00edvel e at\u00f3xico<\/p>\n<\/li>\n<li data-start=\"701\" data-end=\"747\">\n<p data-start=\"703\" data-end=\"747\">V\u00e1lvula: Integrada para melhor fluxo de ar<\/p>\n<\/li>\n<li data-start=\"748\" data-end=\"814\">\n<p data-start=\"750\" data-end=\"814\">Aplica\u00e7\u00e3o: Ventila\u00e7\u00e3o manual e suporte respirat\u00f3rio pedi\u00e1trico<\/p>\n<\/li>\n<li data-start=\"815\" data-end=\"867\">\n<p data-start=\"817\" data-end=\"867\">Uso: Reutiliz\u00e1vel mediante higieniza\u00e7\u00e3o adequada<\/p>\n<\/li>\n<li data-start=\"868\" data-end=\"884\">\n<p data-start=\"870\" data-end=\"884\">Marca: Haoxi<\/p>\n<\/li>\n<\/ul>\n","protected":false},"excerpt":{"rendered":"Descri\u00e7\u00e3o:A M\u00e1scara Infl\u00e1vel Clear Confort com V\u00e1lvula N\u00b0 1 \u2013 Haoxi \u00e9 indicada para suporte respirat\u00f3rio em pacientes&hellip;","protected":false},"featured_media":8525,"comment_status":"open","ping_status":"closed","template":"","meta":{"slim_seo":{"title":"M\u00e1scara Infl\u00e1vel Clear Confort com V\u00e1lvula N\u00b0 1 \u2013 Infantil \u2013 Haoxi - Hospitalaria RS","description":"Descri\u00e7\u00e3o: A M\u00e1scara Infl\u00e1vel Clear Confort com V\u00e1lvula N\u00b0 1 \u2013 Haoxi \u00e9 indicada para suporte respirat\u00f3rio em pacientes infantis, oferecendo conforto e seguran\u00e7a"}},"product_brand":[1065],"product_cat":[38],"product_tag":[1071,1264,1239,1250,1262,1252,1398,1243,1395,1215],"class_list":{"0":"post-8524","1":"product","2":"type-product","3":"status-publish","4":"has-post-thumbnail","6":"product_brand-haoxi","7":"product_cat-oxigenoterapia","8":"product_tag-equipamento-hospitalar","9":"product_tag-mascara-clear-confort","10":"product_tag-mascara-haoxi","11":"product_tag-mascara-infantil","12":"product_tag-mascara-inflavel","13":"product_tag-mascara-pediatrica","14":"product_tag-produto-clinico","15":"product_tag-suporte-respiratorio","16":"product_tag-valvula-integrada","17":"product_tag-ventilacao-manual","18":"mbf-entry","20":"first","21":"outofstock","22":"shipping-taxable","23":"purchasable","24":"product-type-simple"},"_links":{"self":[{"href":"https:\/\/hospitalariars.com.br\/index.php\/wp-json\/wp\/v2\/product\/8524","targetHints":{"allow":["GET"]}}],"collection":[{"href":"https:\/\/hospitalariars.com.br\/index.php\/wp-json\/wp\/v2\/product"}],"about":[{"href":"https:\/\/hospitalariars.com.br\/index.php\/wp-json\/wp\/v2\/types\/product"}],"replies":[{"embeddable":true,"href":"https:\/\/hospitalariars.com.br\/index.php\/wp-json\/wp\/v2\/comments?post=8524"}],"wp:featuredmedia":[{"embeddable":true,"href":"https:\/\/hospitalariars.com.br\/index.php\/wp-json\/wp\/v2\/media\/8525"}],"wp:attachment":[{"href":"https:\/\/hospitalariars.com.br\/index.php\/wp-json\/wp\/v2\/media?parent=8524"}],"wp:term":[{"taxonomy":"product_brand","embeddable":true,"href":"https:\/\/hospitalariars.com.br\/index.php\/wp-json\/wp\/v2\/product_brand?post=8524"},{"taxonomy":"product_cat","embeddable":true,"href":"https:\/\/hospitalariars.com.br\/index.php\/wp-json\/wp\/v2\/product_cat?post=8524"},{"taxonomy":"product_tag","embeddable":true,"href":"https:\/\/hospitalariars.com.br\/index.php\/wp-json\/wp\/v2\/product_tag?post=8524"}],"curies":[{"name":"wp","href":"https:\/\/api.w.org\/{rel}","templated":true}]}}