{"id":8526,"date":"2025-07-07T17:44:11","date_gmt":"2025-07-07T20:44:11","guid":{"rendered":"https:\/\/hospitalariars.com.br\/?post_type=product&#038;p=8526"},"modified":"2026-03-27T16:03:29","modified_gmt":"2026-03-27T19:03:29","slug":"mascara-inflavel-clear-confort-com-valvula-n-2-pediatrica-haoxi","status":"publish","type":"product","link":"https:\/\/hospitalariars.com.br\/index.php\/produto\/mascara-inflavel-clear-confort-com-valvula-n-2-pediatrica-haoxi\/","title":{"rendered":"M\u00e1scara Infl\u00e1vel Clear Confort com V\u00e1lvula N\u00b0 2 \u2013 Pedi\u00e1trica \u2013 Haoxi"},"content":{"rendered":"<p data-start=\"187\" data-end=\"611\"><strong data-start=\"187\" data-end=\"201\">Descri\u00e7\u00e3o:<\/strong><br data-start=\"201\" data-end=\"204\" \/>A M\u00e1scara Infl\u00e1vel Clear Confort com V\u00e1lvula N\u00b0 2 \u2013 Haoxi \u00e9 indicada para suporte respirat\u00f3rio em pacientes pedi\u00e1tricos, proporcionando conforto e seguran\u00e7a durante a ventila\u00e7\u00e3o manual. Fabricada com material flex\u00edvel e at\u00f3xico, conta com v\u00e1lvula integrada que facilita o fluxo de ar, garantindo excelente veda\u00e7\u00e3o e f\u00e1cil manuseio. Ideal para uso em hospitais, cl\u00ednicas pedi\u00e1tricas e unidades de emerg\u00eancia.<\/p>\n<p data-start=\"613\" data-end=\"643\"><strong data-start=\"613\" data-end=\"641\">Especifica\u00e7\u00f5es T\u00e9cnicas:<\/strong><\/p>\n<ul data-start=\"644\" data-end=\"900\">\n<li data-start=\"644\" data-end=\"674\">\n<p data-start=\"646\" data-end=\"674\">Tamanho: N\u00b0 2 \u2013 Pedi\u00e1trica<\/p>\n<\/li>\n<li data-start=\"675\" data-end=\"716\">\n<p data-start=\"677\" data-end=\"716\">Material: Silicone flex\u00edvel e at\u00f3xico<\/p>\n<\/li>\n<li data-start=\"717\" data-end=\"763\">\n<p data-start=\"719\" data-end=\"763\">V\u00e1lvula: Integrada para melhor fluxo de ar<\/p>\n<\/li>\n<li data-start=\"764\" data-end=\"830\">\n<p data-start=\"766\" data-end=\"830\">Aplica\u00e7\u00e3o: Ventila\u00e7\u00e3o manual e suporte respirat\u00f3rio pedi\u00e1trico<\/p>\n<\/li>\n<li data-start=\"831\" data-end=\"883\">\n<p data-start=\"833\" data-end=\"883\">Uso: Reutiliz\u00e1vel mediante higieniza\u00e7\u00e3o adequada<\/p>\n<\/li>\n<li data-start=\"884\" data-end=\"900\">\n<p data-start=\"886\" data-end=\"900\">Marca: Haoxi<\/p>\n<\/li>\n<\/ul>\n","protected":false},"excerpt":{"rendered":"Descri\u00e7\u00e3o:A M\u00e1scara Infl\u00e1vel Clear Confort com V\u00e1lvula N\u00b0 2 \u2013 Haoxi \u00e9 indicada para suporte respirat\u00f3rio em pacientes&hellip;","protected":false},"featured_media":8527,"comment_status":"open","ping_status":"closed","template":"","meta":{"slim_seo":{"title":"M\u00e1scara Infl\u00e1vel Clear Confort com V\u00e1lvula N\u00b0 2 \u2013 Pedi\u00e1trica \u2013 Haoxi - Hospitalaria RS","description":"Descri\u00e7\u00e3o: A M\u00e1scara Infl\u00e1vel Clear Confort com V\u00e1lvula N\u00b0 2 \u2013 Haoxi \u00e9 indicada para suporte respirat\u00f3rio em pacientes pedi\u00e1tricos, proporcionando conforto e se"}},"product_brand":[1065],"product_cat":[38],"product_tag":[1071,1264,1239,1250,1262,1252,1398,1243,1395,1215],"class_list":{"0":"post-8526","1":"product","2":"type-product","3":"status-publish","4":"has-post-thumbnail","6":"product_brand-haoxi","7":"product_cat-oxigenoterapia","8":"product_tag-equipamento-hospitalar","9":"product_tag-mascara-clear-confort","10":"product_tag-mascara-haoxi","11":"product_tag-mascara-infantil","12":"product_tag-mascara-inflavel","13":"product_tag-mascara-pediatrica","14":"product_tag-produto-clinico","15":"product_tag-suporte-respiratorio","16":"product_tag-valvula-integrada","17":"product_tag-ventilacao-manual","18":"mbf-entry","20":"first","21":"outofstock","22":"shipping-taxable","23":"purchasable","24":"product-type-simple"},"_links":{"self":[{"href":"https:\/\/hospitalariars.com.br\/index.php\/wp-json\/wp\/v2\/product\/8526","targetHints":{"allow":["GET"]}}],"collection":[{"href":"https:\/\/hospitalariars.com.br\/index.php\/wp-json\/wp\/v2\/product"}],"about":[{"href":"https:\/\/hospitalariars.com.br\/index.php\/wp-json\/wp\/v2\/types\/product"}],"replies":[{"embeddable":true,"href":"https:\/\/hospitalariars.com.br\/index.php\/wp-json\/wp\/v2\/comments?post=8526"}],"wp:featuredmedia":[{"embeddable":true,"href":"https:\/\/hospitalariars.com.br\/index.php\/wp-json\/wp\/v2\/media\/8527"}],"wp:attachment":[{"href":"https:\/\/hospitalariars.com.br\/index.php\/wp-json\/wp\/v2\/media?parent=8526"}],"wp:term":[{"taxonomy":"product_brand","embeddable":true,"href":"https:\/\/hospitalariars.com.br\/index.php\/wp-json\/wp\/v2\/product_brand?post=8526"},{"taxonomy":"product_cat","embeddable":true,"href":"https:\/\/hospitalariars.com.br\/index.php\/wp-json\/wp\/v2\/product_cat?post=8526"},{"taxonomy":"product_tag","embeddable":true,"href":"https:\/\/hospitalariars.com.br\/index.php\/wp-json\/wp\/v2\/product_tag?post=8526"}],"curies":[{"name":"wp","href":"https:\/\/api.w.org\/{rel}","templated":true}]}}