{"id":8528,"date":"2025-07-07T17:46:00","date_gmt":"2025-07-07T20:46:00","guid":{"rendered":"https:\/\/hospitalariars.com.br\/?post_type=product&#038;p=8528"},"modified":"2026-03-27T16:03:29","modified_gmt":"2026-03-27T19:03:29","slug":"reanimador-manual-em-silicone-autoclavavel-com-reservatorio-e-mascara-n-1-uso-recem-nato-haoxi","status":"publish","type":"product","link":"https:\/\/hospitalariars.com.br\/index.php\/produto\/reanimador-manual-em-silicone-autoclavavel-com-reservatorio-e-mascara-n-1-uso-recem-nato-haoxi\/","title":{"rendered":"Reanimador Manual em Silicone Autoclav\u00e1vel com Reservat\u00f3rio e M\u00e1scara N\u00b0 1 \u2013 Uso Rec\u00e9m-Nato \u2013 Haoxi"},"content":{"rendered":"<p data-start=\"262\" data-end=\"656\"><strong data-start=\"262\" data-end=\"276\">Descri\u00e7\u00e3o:<\/strong><br data-start=\"276\" data-end=\"279\" \/>O Reanimador Manual em Silicone Autoclav\u00e1vel \u2013 Haoxi \u00e9 indicado para ventila\u00e7\u00e3o manual em rec\u00e9m-natos, oferecendo alta performance, durabilidade e seguran\u00e7a. Com reservat\u00f3rio e m\u00e1scara em silicone, garante veda\u00e7\u00e3o eficaz e conforto durante os procedimentos de suporte respirat\u00f3rio. Seu design autoclav\u00e1vel permite f\u00e1cil esteriliza\u00e7\u00e3o, sendo ideal para uso hospitalar e cl\u00ednico.<\/p>\n<p data-start=\"658\" data-end=\"688\"><strong data-start=\"658\" data-end=\"686\">Especifica\u00e7\u00f5es T\u00e9cnicas:<\/strong><\/p>\n<ul data-start=\"689\" data-end=\"912\">\n<li data-start=\"689\" data-end=\"724\">\n<p data-start=\"691\" data-end=\"724\">Material: Silicone autoclav\u00e1vel<\/p>\n<\/li>\n<li data-start=\"725\" data-end=\"766\">\n<p data-start=\"727\" data-end=\"766\">Tamanho da m\u00e1scara: N\u00b0 1 \u2013 Rec\u00e9m-Nato<\/p>\n<\/li>\n<li data-start=\"767\" data-end=\"818\">\n<p data-start=\"769\" data-end=\"818\">Componentes: Reservat\u00f3rio e m\u00e1scara em silicone<\/p>\n<\/li>\n<li data-start=\"819\" data-end=\"858\">\n<p data-start=\"821\" data-end=\"858\">Uso: Ventila\u00e7\u00e3o manual n\u00e3o invasiva<\/p>\n<\/li>\n<li data-start=\"859\" data-end=\"895\">\n<p data-start=\"861\" data-end=\"895\">Esteriliz\u00e1vel: Sim, em autoclave<\/p>\n<\/li>\n<li data-start=\"896\" data-end=\"912\">\n<p data-start=\"898\" data-end=\"912\">Marca: Haoxi<\/p>\n<\/li>\n<\/ul>\n","protected":false},"excerpt":{"rendered":"Descri\u00e7\u00e3o:O Reanimador Manual em Silicone Autoclav\u00e1vel \u2013 Haoxi \u00e9 indicado para ventila\u00e7\u00e3o manual em rec\u00e9m-natos, oferecendo alta performance,&hellip;","protected":false},"featured_media":8529,"comment_status":"open","ping_status":"closed","template":"","meta":{"slim_seo":{"title":"Reanimador Manual em Silicone Autoclav\u00e1vel com Reservat\u00f3rio e M\u00e1scara N\u00b0 1 \u2013 Uso Rec\u00e9m-Nato \u2013 Haoxi - Hospitalaria RS","description":"Descri\u00e7\u00e3o: O Reanimador Manual em Silicone Autoclav\u00e1vel \u2013 Haoxi \u00e9 indicado para ventila\u00e7\u00e3o manual em rec\u00e9m-natos, oferecendo alta performance, durabilidade e se"}},"product_brand":[1065],"product_cat":[38],"product_tag":[1071,1402,1392,1400,1401,1200,1399,1243,1215,1228],"class_list":{"0":"post-8528","1":"product","2":"type-product","3":"status-publish","4":"has-post-thumbnail","6":"product_brand-haoxi","7":"product_cat-oxigenoterapia","8":"product_tag-equipamento-hospitalar","9":"product_tag-mascara-silicone","10":"product_tag-produto-hospitalar","11":"product_tag-reanimador-autoclavavel","12":"product_tag-reanimador-haoxi","13":"product_tag-reanimador-manual","14":"product_tag-reanimador-silicone","15":"product_tag-suporte-respiratorio","16":"product_tag-ventilacao-manual","17":"product_tag-ventilacao-neonatal","18":"mbf-entry","20":"first","21":"outofstock","22":"shipping-taxable","23":"purchasable","24":"product-type-simple"},"_links":{"self":[{"href":"https:\/\/hospitalariars.com.br\/index.php\/wp-json\/wp\/v2\/product\/8528","targetHints":{"allow":["GET"]}}],"collection":[{"href":"https:\/\/hospitalariars.com.br\/index.php\/wp-json\/wp\/v2\/product"}],"about":[{"href":"https:\/\/hospitalariars.com.br\/index.php\/wp-json\/wp\/v2\/types\/product"}],"replies":[{"embeddable":true,"href":"https:\/\/hospitalariars.com.br\/index.php\/wp-json\/wp\/v2\/comments?post=8528"}],"wp:featuredmedia":[{"embeddable":true,"href":"https:\/\/hospitalariars.com.br\/index.php\/wp-json\/wp\/v2\/media\/8529"}],"wp:attachment":[{"href":"https:\/\/hospitalariars.com.br\/index.php\/wp-json\/wp\/v2\/media?parent=8528"}],"wp:term":[{"taxonomy":"product_brand","embeddable":true,"href":"https:\/\/hospitalariars.com.br\/index.php\/wp-json\/wp\/v2\/product_brand?post=8528"},{"taxonomy":"product_cat","embeddable":true,"href":"https:\/\/hospitalariars.com.br\/index.php\/wp-json\/wp\/v2\/product_cat?post=8528"},{"taxonomy":"product_tag","embeddable":true,"href":"https:\/\/hospitalariars.com.br\/index.php\/wp-json\/wp\/v2\/product_tag?post=8528"}],"curies":[{"name":"wp","href":"https:\/\/api.w.org\/{rel}","templated":true}]}}