{"id":8530,"date":"2025-07-07T17:47:09","date_gmt":"2025-07-07T20:47:09","guid":{"rendered":"https:\/\/hospitalariars.com.br\/?post_type=product&#038;p=8530"},"modified":"2026-03-27T16:03:29","modified_gmt":"2026-03-27T19:03:29","slug":"reanimador-manual-autoclavavel-com-reservatorio-e-mascara-em-silicone-n-2-uso-infantil-haoxi","status":"publish","type":"product","link":"https:\/\/hospitalariars.com.br\/index.php\/produto\/reanimador-manual-autoclavavel-com-reservatorio-e-mascara-em-silicone-n-2-uso-infantil-haoxi\/","title":{"rendered":"Reanimador Manual Autoclav\u00e1vel com Reservat\u00f3rio e M\u00e1scara em Silicone N\u00b0 2 \u2013 Uso Infantil \u2013 Haoxi"},"content":{"rendered":"<p data-start=\"225\" data-end=\"602\"><strong data-start=\"225\" data-end=\"239\">Descri\u00e7\u00e3o:<\/strong><br data-start=\"239\" data-end=\"242\" \/>O Reanimador Manual Autoclav\u00e1vel \u2013 Haoxi, com reservat\u00f3rio e m\u00e1scara em silicone, \u00e9 indicado para ventila\u00e7\u00e3o manual segura em pacientes infantis. Fabricado em material autoclav\u00e1vel, proporciona alta durabilidade, f\u00e1cil higieniza\u00e7\u00e3o e excelente veda\u00e7\u00e3o, garantindo conforto e efici\u00eancia no suporte respirat\u00f3rio. Ideal para uso hospitalar, cl\u00ednico e emergencial.<\/p>\n<p data-start=\"604\" data-end=\"634\"><strong data-start=\"604\" data-end=\"632\">Especifica\u00e7\u00f5es T\u00e9cnicas:<\/strong><\/p>\n<ul data-start=\"635\" data-end=\"856\">\n<li data-start=\"635\" data-end=\"670\">\n<p data-start=\"637\" data-end=\"670\">Material: Silicone autoclav\u00e1vel<\/p>\n<\/li>\n<li data-start=\"671\" data-end=\"710\">\n<p data-start=\"673\" data-end=\"710\">Tamanho da m\u00e1scara: N\u00b0 2 \u2013 Infantil<\/p>\n<\/li>\n<li data-start=\"711\" data-end=\"762\">\n<p data-start=\"713\" data-end=\"762\">Componentes: Reservat\u00f3rio e m\u00e1scara em silicone<\/p>\n<\/li>\n<li data-start=\"763\" data-end=\"802\">\n<p data-start=\"765\" data-end=\"802\">Uso: Ventila\u00e7\u00e3o manual n\u00e3o invasiva<\/p>\n<\/li>\n<li data-start=\"803\" data-end=\"839\">\n<p data-start=\"805\" data-end=\"839\">Esteriliz\u00e1vel: Sim, em autoclave<\/p>\n<\/li>\n<li data-start=\"840\" data-end=\"856\">\n<p data-start=\"842\" data-end=\"856\">Marca: Haoxi<\/p>\n<\/li>\n<\/ul>\n","protected":false},"excerpt":{"rendered":"Descri\u00e7\u00e3o:O Reanimador Manual Autoclav\u00e1vel \u2013 Haoxi, com reservat\u00f3rio e m\u00e1scara em silicone, \u00e9 indicado para ventila\u00e7\u00e3o manual segura&hellip;","protected":false},"featured_media":8529,"comment_status":"open","ping_status":"closed","template":"","meta":{"slim_seo":{"title":"Reanimador Manual Autoclav\u00e1vel com Reservat\u00f3rio e M\u00e1scara em Silicone N\u00b0 2 \u2013 Uso Infantil \u2013 Haoxi - Hospitalaria RS","description":"Descri\u00e7\u00e3o: O Reanimador Manual Autoclav\u00e1vel \u2013 Haoxi, com reservat\u00f3rio e m\u00e1scara em silicone, \u00e9 indicado para ventila\u00e7\u00e3o manual segura em pacientes infantis. Fab"}},"product_brand":[1065],"product_cat":[38],"product_tag":[1071,1402,1392,1400,1401,1200,1399,1243,1185,1215],"class_list":{"0":"post-8530","1":"product","2":"type-product","3":"status-publish","4":"has-post-thumbnail","6":"product_brand-haoxi","7":"product_cat-oxigenoterapia","8":"product_tag-equipamento-hospitalar","9":"product_tag-mascara-silicone","10":"product_tag-produto-hospitalar","11":"product_tag-reanimador-autoclavavel","12":"product_tag-reanimador-haoxi","13":"product_tag-reanimador-manual","14":"product_tag-reanimador-silicone","15":"product_tag-suporte-respiratorio","16":"product_tag-ventilacao-infantil","17":"product_tag-ventilacao-manual","18":"mbf-entry","20":"first","21":"outofstock","22":"shipping-taxable","23":"purchasable","24":"product-type-simple"},"_links":{"self":[{"href":"https:\/\/hospitalariars.com.br\/index.php\/wp-json\/wp\/v2\/product\/8530","targetHints":{"allow":["GET"]}}],"collection":[{"href":"https:\/\/hospitalariars.com.br\/index.php\/wp-json\/wp\/v2\/product"}],"about":[{"href":"https:\/\/hospitalariars.com.br\/index.php\/wp-json\/wp\/v2\/types\/product"}],"replies":[{"embeddable":true,"href":"https:\/\/hospitalariars.com.br\/index.php\/wp-json\/wp\/v2\/comments?post=8530"}],"wp:featuredmedia":[{"embeddable":true,"href":"https:\/\/hospitalariars.com.br\/index.php\/wp-json\/wp\/v2\/media\/8529"}],"wp:attachment":[{"href":"https:\/\/hospitalariars.com.br\/index.php\/wp-json\/wp\/v2\/media?parent=8530"}],"wp:term":[{"taxonomy":"product_brand","embeddable":true,"href":"https:\/\/hospitalariars.com.br\/index.php\/wp-json\/wp\/v2\/product_brand?post=8530"},{"taxonomy":"product_cat","embeddable":true,"href":"https:\/\/hospitalariars.com.br\/index.php\/wp-json\/wp\/v2\/product_cat?post=8530"},{"taxonomy":"product_tag","embeddable":true,"href":"https:\/\/hospitalariars.com.br\/index.php\/wp-json\/wp\/v2\/product_tag?post=8530"}],"curies":[{"name":"wp","href":"https:\/\/api.w.org\/{rel}","templated":true}]}}