{"id":8531,"date":"2025-07-07T17:52:22","date_gmt":"2025-07-07T20:52:22","guid":{"rendered":"https:\/\/hospitalariars.com.br\/?post_type=product&#038;p=8531"},"modified":"2026-03-27T16:03:29","modified_gmt":"2026-03-27T19:03:29","slug":"traqueia-em-silicone-ponteira-15-x-15-mm-comprimento-15-x-1200-mm-haoxi","status":"publish","type":"product","link":"https:\/\/hospitalariars.com.br\/index.php\/produto\/traqueia-em-silicone-ponteira-15-x-15-mm-comprimento-15-x-1200-mm-haoxi\/","title":{"rendered":"Traqueia em Silicone (Ponteira 15 x 15 mm, Comprimento 15 x 1200 mm) \u2013 Haoxi"},"content":{"rendered":"<p data-start=\"204\" data-end=\"567\"><strong data-start=\"204\" data-end=\"218\">Descri\u00e7\u00e3o:<\/strong><br data-start=\"218\" data-end=\"221\" \/>A Traqueia em Silicone \u2013 Haoxi \u00e9 indicada para procedimentos de intuba\u00e7\u00e3o e ventila\u00e7\u00e3o mec\u00e2nica, oferecendo resist\u00eancia e biocompatibilidade. Com ponteira de 15 x 15 mm e comprimento de 1200 mm, proporciona flexibilidade e seguran\u00e7a durante o uso hospitalar e cl\u00ednico. Fabricada em silicone de alta qualidade, \u00e9 f\u00e1cil de higienizar e esterilizar.<\/p>\n<p data-start=\"569\" data-end=\"599\"><strong data-start=\"569\" data-end=\"597\">Especifica\u00e7\u00f5es T\u00e9cnicas:<\/strong><\/p>\n<ul data-start=\"600\" data-end=\"787\">\n<li data-start=\"600\" data-end=\"636\">\n<p data-start=\"602\" data-end=\"636\">Material: Silicone biocompat\u00edvel<\/p>\n<\/li>\n<li data-start=\"637\" data-end=\"661\">\n<p data-start=\"639\" data-end=\"661\">Ponteira: 15 x 15 mm<\/p>\n<\/li>\n<li data-start=\"662\" data-end=\"686\">\n<p data-start=\"664\" data-end=\"686\">Comprimento: 1200 mm<\/p>\n<\/li>\n<li data-start=\"687\" data-end=\"733\">\n<p data-start=\"689\" data-end=\"733\">Aplica\u00e7\u00e3o: Intuba\u00e7\u00e3o e ventila\u00e7\u00e3o mec\u00e2nica<\/p>\n<\/li>\n<li data-start=\"734\" data-end=\"770\">\n<p data-start=\"736\" data-end=\"770\">Uso: Reutiliz\u00e1vel, esteriliz\u00e1vel<\/p>\n<\/li>\n<li data-start=\"771\" data-end=\"787\">\n<p data-start=\"773\" data-end=\"787\">Marca: Haoxi<\/p>\n<\/li>\n<\/ul>\n","protected":false},"excerpt":{"rendered":"Descri\u00e7\u00e3o:A Traqueia em Silicone \u2013 Haoxi \u00e9 indicada para procedimentos de intuba\u00e7\u00e3o e ventila\u00e7\u00e3o mec\u00e2nica, oferecendo resist\u00eancia e&hellip;","protected":false},"featured_media":8532,"comment_status":"open","ping_status":"closed","template":"","meta":{"slim_seo":{"title":"Traqueia em Silicone (Ponteira 15 x 15 mm, Comprimento 15 x 1200 mm) \u2013 Haoxi - Hospitalaria RS","description":"Descri\u00e7\u00e3o: A Traqueia em Silicone \u2013 Haoxi \u00e9 indicada para procedimentos de intuba\u00e7\u00e3o e ventila\u00e7\u00e3o mec\u00e2nica, oferecendo resist\u00eancia e biocompatibilidade. Com pon"}},"product_brand":[1065],"product_cat":[38],"product_tag":[1405,1409,1406,1398,1243,1408,1404,1403,1407,1137],"class_list":{"0":"post-8531","1":"product","2":"type-product","3":"status-publish","4":"has-post-thumbnail","6":"product_brand-haoxi","7":"product_cat-oxigenoterapia","8":"product_tag-equipamento-ventilacao","9":"product_tag-intubacao-hospitalar","10":"product_tag-ponteira-15x15mm","11":"product_tag-produto-clinico","12":"product_tag-suporte-respiratorio","13":"product_tag-traqueia-haoxi","14":"product_tag-traqueia-hospitalar","15":"product_tag-traqueia-silicone","16":"product_tag-tubo-silicone","17":"product_tag-ventilacao-mecanica","18":"mbf-entry","20":"first","21":"outofstock","22":"shipping-taxable","23":"purchasable","24":"product-type-simple"},"_links":{"self":[{"href":"https:\/\/hospitalariars.com.br\/index.php\/wp-json\/wp\/v2\/product\/8531","targetHints":{"allow":["GET"]}}],"collection":[{"href":"https:\/\/hospitalariars.com.br\/index.php\/wp-json\/wp\/v2\/product"}],"about":[{"href":"https:\/\/hospitalariars.com.br\/index.php\/wp-json\/wp\/v2\/types\/product"}],"replies":[{"embeddable":true,"href":"https:\/\/hospitalariars.com.br\/index.php\/wp-json\/wp\/v2\/comments?post=8531"}],"wp:featuredmedia":[{"embeddable":true,"href":"https:\/\/hospitalariars.com.br\/index.php\/wp-json\/wp\/v2\/media\/8532"}],"wp:attachment":[{"href":"https:\/\/hospitalariars.com.br\/index.php\/wp-json\/wp\/v2\/media?parent=8531"}],"wp:term":[{"taxonomy":"product_brand","embeddable":true,"href":"https:\/\/hospitalariars.com.br\/index.php\/wp-json\/wp\/v2\/product_brand?post=8531"},{"taxonomy":"product_cat","embeddable":true,"href":"https:\/\/hospitalariars.com.br\/index.php\/wp-json\/wp\/v2\/product_cat?post=8531"},{"taxonomy":"product_tag","embeddable":true,"href":"https:\/\/hospitalariars.com.br\/index.php\/wp-json\/wp\/v2\/product_tag?post=8531"}],"curies":[{"name":"wp","href":"https:\/\/api.w.org\/{rel}","templated":true}]}}