{"id":8535,"date":"2025-07-08T10:23:51","date_gmt":"2025-07-08T13:23:51","guid":{"rendered":"https:\/\/hospitalariars.com.br\/?post_type=product&#038;p=8535"},"modified":"2026-03-27T16:03:28","modified_gmt":"2026-03-27T19:03:28","slug":"circuito-respiratorio-recem-nato-com-drenos-e-linha-proximal-haoxi","status":"publish","type":"product","link":"https:\/\/hospitalariars.com.br\/index.php\/produto\/circuito-respiratorio-recem-nato-com-drenos-e-linha-proximal-haoxi\/","title":{"rendered":"Circuito Respirat\u00f3rio Rec\u00e9m-Nato com Drenos e Linha Proximal \u2013 Haoxi"},"content":{"rendered":"<p data-start=\"210\" data-end=\"664\"><strong data-start=\"210\" data-end=\"224\">Descri\u00e7\u00e3o:<\/strong><br data-start=\"224\" data-end=\"227\" \/>O Circuito Respirat\u00f3rio Rec\u00e9m-Nato com Drenos e Linha Proximal \u2013 Haoxi \u00e9 desenvolvido para oferecer ventila\u00e7\u00e3o mec\u00e2nica segura e eficaz em pacientes neonatais. Composto por drenos para elimina\u00e7\u00e3o de condensado e linha proximal para conex\u00e3o com sensores de press\u00e3o e fluxo, proporciona controle preciso da ventila\u00e7\u00e3o. Fabricado com materiais leves, flex\u00edveis e at\u00f3xicos, \u00e9 compat\u00edvel com a maioria dos ventiladores dispon\u00edveis no mercado.<\/p>\n<p data-start=\"666\" data-end=\"696\"><strong data-start=\"666\" data-end=\"694\">Especifica\u00e7\u00f5es T\u00e9cnicas:<\/strong><\/p>\n<ul data-start=\"697\" data-end=\"1027\">\n<li data-start=\"697\" data-end=\"737\">\n<p data-start=\"699\" data-end=\"737\">Indica\u00e7\u00e3o: Uso neonatal (rec\u00e9m-nato)<\/p>\n<\/li>\n<li data-start=\"738\" data-end=\"800\">\n<p data-start=\"740\" data-end=\"800\">Componentes: Circuito completo com drenos e linha proximal<\/p>\n<\/li>\n<li data-start=\"801\" data-end=\"849\">\n<p data-start=\"803\" data-end=\"849\">Material: Flex\u00edvel, at\u00f3xico e livre de l\u00e1tex<\/p>\n<\/li>\n<li data-start=\"850\" data-end=\"910\">\n<p data-start=\"852\" data-end=\"910\">Conex\u00f5es: Compat\u00edveis com ventiladores e sensores padr\u00e3o<\/p>\n<\/li>\n<li data-start=\"911\" data-end=\"954\">\n<p data-start=\"913\" data-end=\"954\">Aplica\u00e7\u00e3o: Ventila\u00e7\u00e3o mec\u00e2nica neonatal<\/p>\n<\/li>\n<li data-start=\"955\" data-end=\"1010\">\n<p data-start=\"957\" data-end=\"1010\">Uso: Descart\u00e1vel ou reutiliz\u00e1vel conforme protocolo<\/p>\n<\/li>\n<li data-start=\"1011\" data-end=\"1027\">\n<p data-start=\"1013\" data-end=\"1027\">Marca: Haoxi<\/p>\n<\/li>\n<\/ul>\n","protected":false},"excerpt":{"rendered":"Descri\u00e7\u00e3o:O Circuito Respirat\u00f3rio Rec\u00e9m-Nato com Drenos e Linha Proximal \u2013 Haoxi \u00e9 desenvolvido para oferecer ventila\u00e7\u00e3o mec\u00e2nica segura&hellip;","protected":false},"featured_media":8536,"comment_status":"open","ping_status":"closed","template":"","meta":{"slim_seo":{"title":"Circuito Respirat\u00f3rio Rec\u00e9m-Nato com Drenos e Linha Proximal \u2013 Haoxi - Hospitalaria RS","description":"Descri\u00e7\u00e3o: O Circuito Respirat\u00f3rio Rec\u00e9m-Nato com Drenos e Linha Proximal \u2013 Haoxi \u00e9 desenvolvido para oferecer ventila\u00e7\u00e3o mec\u00e2nica segura e eficaz em pacientes"}},"product_brand":[1065],"product_cat":[38],"product_tag":[1130,1413,1411,1155,1071,1138,1414,1243,1415,1412],"class_list":{"0":"post-8535","1":"product","2":"type-product","3":"status-publish","4":"has-post-thumbnail","6":"product_brand-haoxi","7":"product_cat-oxigenoterapia","8":"product_tag-circuito-com-drenos","9":"product_tag-circuito-haoxi","10":"product_tag-circuito-neonatal","11":"product_tag-circuito-respiratorio","12":"product_tag-equipamento-hospitalar","13":"product_tag-linha-proximal","14":"product_tag-respirador-neonatal","15":"product_tag-suporte-respiratorio","16":"product_tag-tubo-para-recem-nato","17":"product_tag-ventilacao-mecanica-neonatal","18":"mbf-entry","20":"first","21":"outofstock","22":"shipping-taxable","23":"purchasable","24":"product-type-simple"},"_links":{"self":[{"href":"https:\/\/hospitalariars.com.br\/index.php\/wp-json\/wp\/v2\/product\/8535","targetHints":{"allow":["GET"]}}],"collection":[{"href":"https:\/\/hospitalariars.com.br\/index.php\/wp-json\/wp\/v2\/product"}],"about":[{"href":"https:\/\/hospitalariars.com.br\/index.php\/wp-json\/wp\/v2\/types\/product"}],"replies":[{"embeddable":true,"href":"https:\/\/hospitalariars.com.br\/index.php\/wp-json\/wp\/v2\/comments?post=8535"}],"wp:featuredmedia":[{"embeddable":true,"href":"https:\/\/hospitalariars.com.br\/index.php\/wp-json\/wp\/v2\/media\/8536"}],"wp:attachment":[{"href":"https:\/\/hospitalariars.com.br\/index.php\/wp-json\/wp\/v2\/media?parent=8535"}],"wp:term":[{"taxonomy":"product_brand","embeddable":true,"href":"https:\/\/hospitalariars.com.br\/index.php\/wp-json\/wp\/v2\/product_brand?post=8535"},{"taxonomy":"product_cat","embeddable":true,"href":"https:\/\/hospitalariars.com.br\/index.php\/wp-json\/wp\/v2\/product_cat?post=8535"},{"taxonomy":"product_tag","embeddable":true,"href":"https:\/\/hospitalariars.com.br\/index.php\/wp-json\/wp\/v2\/product_tag?post=8535"}],"curies":[{"name":"wp","href":"https:\/\/api.w.org\/{rel}","templated":true}]}}