{"id":8541,"date":"2025-07-08T15:28:29","date_gmt":"2025-07-08T18:28:29","guid":{"rendered":"https:\/\/hospitalariars.com.br\/?post_type=product&#038;p=8541"},"modified":"2026-03-27T16:03:28","modified_gmt":"2026-03-27T19:03:28","slug":"cabo-adulto-para-laringoscopio-convencional-haoxi","status":"publish","type":"product","link":"https:\/\/hospitalariars.com.br\/index.php\/produto\/cabo-adulto-para-laringoscopio-convencional-haoxi\/","title":{"rendered":"Cabo Adulto para Laringosc\u00f3pio Convencional \u2013 Haoxi"},"content":{"rendered":"<p data-start=\"188\" data-end=\"562\"><strong data-start=\"188\" data-end=\"202\">Descri\u00e7\u00e3o:<\/strong><br data-start=\"202\" data-end=\"205\" \/>O Cabo Adulto para Laringosc\u00f3pio Convencional \u2013 Haoxi \u00e9 utilizado como fonte de energia para l\u00e2minas de laringosc\u00f3pios convencionais. Projetado com estrutura met\u00e1lica resistente e compat\u00edvel com l\u00e2minas padr\u00e3o, garante ilumina\u00e7\u00e3o eficiente e manuseio seguro durante procedimentos de intuba\u00e7\u00e3o. Ideal para uso hospitalar, emergencial e em centros cir\u00fargicos.<\/p>\n<p data-start=\"564\" data-end=\"594\"><strong data-start=\"564\" data-end=\"592\">Especifica\u00e7\u00f5es T\u00e9cnicas:<\/strong><\/p>\n<ul data-start=\"595\" data-end=\"945\">\n<li data-start=\"595\" data-end=\"644\">\n<p data-start=\"597\" data-end=\"644\">Aplica\u00e7\u00e3o: Laringoscopia em pacientes adultos<\/p>\n<\/li>\n<li data-start=\"645\" data-end=\"706\">\n<p data-start=\"647\" data-end=\"706\">Compatibilidade: L\u00e2minas convencionais (padr\u00e3o universal)<\/p>\n<\/li>\n<li data-start=\"707\" data-end=\"750\">\n<p data-start=\"709\" data-end=\"750\">Tipo: Convencional (n\u00e3o \u00e9 fibra \u00f3ptica)<\/p>\n<\/li>\n<li data-start=\"751\" data-end=\"809\">\n<p data-start=\"753\" data-end=\"809\">Material: Corpo met\u00e1lico com acabamento antiderrapante<\/p>\n<\/li>\n<li data-start=\"810\" data-end=\"875\">\n<p data-start=\"812\" data-end=\"875\">Alimenta\u00e7\u00e3o: Pilhas alcalinas ou recarreg\u00e1veis (n\u00e3o inclusas)<\/p>\n<\/li>\n<li data-start=\"876\" data-end=\"928\">\n<p data-start=\"878\" data-end=\"928\">Uso: Reutiliz\u00e1vel mediante higieniza\u00e7\u00e3o adequada<\/p>\n<\/li>\n<li data-start=\"929\" data-end=\"945\">\n<p data-start=\"931\" data-end=\"945\">Marca: Haoxi<\/p>\n<\/li>\n<\/ul>\n","protected":false},"excerpt":{"rendered":"Descri\u00e7\u00e3o:O Cabo Adulto para Laringosc\u00f3pio Convencional \u2013 Haoxi \u00e9 utilizado como fonte de energia para l\u00e2minas de laringosc\u00f3pios&hellip;","protected":false},"featured_media":8542,"comment_status":"open","ping_status":"closed","template":"","meta":{"slim_seo":{"title":"Cabo Adulto para Laringosc\u00f3pio Convencional \u2013 Haoxi - Hospitalaria RS","description":"Descri\u00e7\u00e3o: O Cabo Adulto para Laringosc\u00f3pio Convencional \u2013 Haoxi \u00e9 utilizado como fonte de energia para l\u00e2minas de laringosc\u00f3pios convencionais. Projetado com e"}},"product_brand":[1065],"product_cat":[38],"product_tag":[1426,1428,1430,1424,1429,1316,1427,1431,1425,1432],"class_list":{"0":"post-8541","1":"product","2":"type-product","3":"status-publish","4":"has-post-thumbnail","6":"product_brand-haoxi","7":"product_cat-oxigenoterapia","8":"product_tag-cabo-convencional","9":"product_tag-cabo-haoxi","10":"product_tag-cabo-hospitalar","11":"product_tag-cabo-laringoscopio","12":"product_tag-cabo-metalico","13":"product_tag-equipamento-clinico","14":"product_tag-equipamento-intubacao","15":"product_tag-intubacao-adulto","16":"product_tag-laringoscopio-adulto","17":"product_tag-suporte-laringoscopio","18":"mbf-entry","20":"first","21":"outofstock","22":"shipping-taxable","23":"purchasable","24":"product-type-simple"},"_links":{"self":[{"href":"https:\/\/hospitalariars.com.br\/index.php\/wp-json\/wp\/v2\/product\/8541","targetHints":{"allow":["GET"]}}],"collection":[{"href":"https:\/\/hospitalariars.com.br\/index.php\/wp-json\/wp\/v2\/product"}],"about":[{"href":"https:\/\/hospitalariars.com.br\/index.php\/wp-json\/wp\/v2\/types\/product"}],"replies":[{"embeddable":true,"href":"https:\/\/hospitalariars.com.br\/index.php\/wp-json\/wp\/v2\/comments?post=8541"}],"wp:featuredmedia":[{"embeddable":true,"href":"https:\/\/hospitalariars.com.br\/index.php\/wp-json\/wp\/v2\/media\/8542"}],"wp:attachment":[{"href":"https:\/\/hospitalariars.com.br\/index.php\/wp-json\/wp\/v2\/media?parent=8541"}],"wp:term":[{"taxonomy":"product_brand","embeddable":true,"href":"https:\/\/hospitalariars.com.br\/index.php\/wp-json\/wp\/v2\/product_brand?post=8541"},{"taxonomy":"product_cat","embeddable":true,"href":"https:\/\/hospitalariars.com.br\/index.php\/wp-json\/wp\/v2\/product_cat?post=8541"},{"taxonomy":"product_tag","embeddable":true,"href":"https:\/\/hospitalariars.com.br\/index.php\/wp-json\/wp\/v2\/product_tag?post=8541"}],"curies":[{"name":"wp","href":"https:\/\/api.w.org\/{rel}","templated":true}]}}