{"id":8543,"date":"2025-07-08T15:35:06","date_gmt":"2025-07-08T18:35:06","guid":{"rendered":"https:\/\/hospitalariars.com.br\/?post_type=product&#038;p=8543"},"modified":"2026-03-27T16:03:28","modified_gmt":"2026-03-27T19:03:28","slug":"cabo-infantil-para-laringoscopio-convencional-haoxi","status":"publish","type":"product","link":"https:\/\/hospitalariars.com.br\/index.php\/produto\/cabo-infantil-para-laringoscopio-convencional-haoxi\/","title":{"rendered":"Cabo Infantil para Laringosc\u00f3pio Convencional \u2013 Haoxi"},"content":{"rendered":"<p data-start=\"179\" data-end=\"571\"><strong data-start=\"179\" data-end=\"193\">Descri\u00e7\u00e3o:<\/strong><br data-start=\"193\" data-end=\"196\" \/>O Cabo Infantil para Laringosc\u00f3pio Convencional \u2013 Haoxi \u00e9 um acess\u00f3rio essencial para procedimentos de intuba\u00e7\u00e3o pedi\u00e1trica. Compat\u00edvel com l\u00e2minas padr\u00e3o convencional, oferece excelente ilumina\u00e7\u00e3o e manuseio preciso durante o uso. Possui estrutura resistente, tamanho adequado para uso infantil e acabamento ergon\u00f4mico, sendo ideal para ambientes hospitalares e de urg\u00eancia.<\/p>\n<p data-start=\"573\" data-end=\"603\"><strong data-start=\"573\" data-end=\"601\">Especifica\u00e7\u00f5es T\u00e9cnicas:<\/strong><\/p>\n<ul data-start=\"604\" data-end=\"864\">\n<li data-start=\"604\" data-end=\"647\">\n<p data-start=\"606\" data-end=\"647\">Tipo: Convencional (n\u00e3o \u00e9 fibra \u00f3ptica)<\/p>\n<\/li>\n<li data-start=\"648\" data-end=\"677\">\n<p data-start=\"650\" data-end=\"677\">211,26Indica\u00e7\u00e3o: Uso pedi\u00e1trico<\/p>\n<\/li>\n<li data-start=\"678\" data-end=\"730\">\n<p data-start=\"680\" data-end=\"730\">Compatibilidade: L\u00e2minas de laringosc\u00f3pio padr\u00e3o<\/p>\n<\/li>\n<li data-start=\"731\" data-end=\"786\">\n<p data-start=\"733\" data-end=\"786\">Material: Corpo met\u00e1lico com textura antiderrapante<\/p>\n<\/li>\n<li data-start=\"787\" data-end=\"825\">\n<p data-start=\"789\" data-end=\"825\">Alimenta\u00e7\u00e3o: Pilhas (n\u00e3o inclusas)<\/p>\n<\/li>\n<li data-start=\"826\" data-end=\"847\">\n<p data-start=\"828\" data-end=\"847\">Uso: Reutiliz\u00e1vel<\/p>\n<\/li>\n<li data-start=\"848\" data-end=\"864\">\n<p data-start=\"850\" data-end=\"864\">Marca: Haoxi<\/p>\n<\/li>\n<\/ul>\n","protected":false},"excerpt":{"rendered":"Descri\u00e7\u00e3o:O Cabo Infantil para Laringosc\u00f3pio Convencional \u2013 Haoxi \u00e9 um acess\u00f3rio essencial para procedimentos de intuba\u00e7\u00e3o pedi\u00e1trica. Compat\u00edvel&hellip;","protected":false},"featured_media":8544,"comment_status":"open","ping_status":"closed","template":"","meta":{"slim_seo":{"title":"Cabo Infantil para Laringosc\u00f3pio Convencional \u2013 Haoxi - Hospitalaria RS","description":"Descri\u00e7\u00e3o: O Cabo Infantil para Laringosc\u00f3pio Convencional \u2013 Haoxi \u00e9 um acess\u00f3rio essencial para procedimentos de intuba\u00e7\u00e3o pedi\u00e1trica. Compat\u00edvel com l\u00e2minas p"}},"product_brand":[1065],"product_cat":[38],"product_tag":[1437,1435,1433,1438,1439,1316,1436,1440,1434,1432],"class_list":{"0":"post-8543","1":"product","2":"type-product","3":"status-publish","4":"has-post-thumbnail","6":"product_brand-haoxi","7":"product_cat-oxigenoterapia","8":"product_tag-acessorio-hospitalar","9":"product_tag-cabo-convencional-haoxi","10":"product_tag-cabo-laringoscopio-infantil","11":"product_tag-cabo-metalico-infantil","12":"product_tag-cabo-para-lamina","13":"product_tag-equipamento-clinico","14":"product_tag-equipamento-de-intubacao","15":"product_tag-intubacao-pediatrica","16":"product_tag-laringoscopio-pediatrico","17":"product_tag-suporte-laringoscopio","18":"mbf-entry","20":"first","21":"outofstock","22":"shipping-taxable","23":"purchasable","24":"product-type-simple"},"_links":{"self":[{"href":"https:\/\/hospitalariars.com.br\/index.php\/wp-json\/wp\/v2\/product\/8543","targetHints":{"allow":["GET"]}}],"collection":[{"href":"https:\/\/hospitalariars.com.br\/index.php\/wp-json\/wp\/v2\/product"}],"about":[{"href":"https:\/\/hospitalariars.com.br\/index.php\/wp-json\/wp\/v2\/types\/product"}],"replies":[{"embeddable":true,"href":"https:\/\/hospitalariars.com.br\/index.php\/wp-json\/wp\/v2\/comments?post=8543"}],"wp:featuredmedia":[{"embeddable":true,"href":"https:\/\/hospitalariars.com.br\/index.php\/wp-json\/wp\/v2\/media\/8544"}],"wp:attachment":[{"href":"https:\/\/hospitalariars.com.br\/index.php\/wp-json\/wp\/v2\/media?parent=8543"}],"wp:term":[{"taxonomy":"product_brand","embeddable":true,"href":"https:\/\/hospitalariars.com.br\/index.php\/wp-json\/wp\/v2\/product_brand?post=8543"},{"taxonomy":"product_cat","embeddable":true,"href":"https:\/\/hospitalariars.com.br\/index.php\/wp-json\/wp\/v2\/product_cat?post=8543"},{"taxonomy":"product_tag","embeddable":true,"href":"https:\/\/hospitalariars.com.br\/index.php\/wp-json\/wp\/v2\/product_tag?post=8543"}],"curies":[{"name":"wp","href":"https:\/\/api.w.org\/{rel}","templated":true}]}}