{"id":8546,"date":"2025-07-08T15:41:09","date_gmt":"2025-07-08T18:41:09","guid":{"rendered":"https:\/\/hospitalariars.com.br\/?post_type=product&#038;p=8546"},"modified":"2026-03-27T16:03:28","modified_gmt":"2026-03-27T19:03:28","slug":"lamina-reta-convencional-n-0-em-aco-inoxidavel-haoxi","status":"publish","type":"product","link":"https:\/\/hospitalariars.com.br\/index.php\/produto\/lamina-reta-convencional-n-0-em-aco-inoxidavel-haoxi\/","title":{"rendered":"L\u00e2mina Reta Convencional N\u00b0 0 em A\u00e7o Inoxid\u00e1vel \u2013 Haoxi"},"content":{"rendered":"<p data-start=\"183\" data-end=\"549\"><strong data-start=\"183\" data-end=\"197\">Descri\u00e7\u00e3o:<\/strong><br data-start=\"197\" data-end=\"200\" \/>A L\u00e2mina Reta Convencional N\u00b0 0 em A\u00e7o Inoxid\u00e1vel \u2013 Haoxi \u00e9 indicada para procedimentos de intuba\u00e7\u00e3o em neonatos. Fabricada em a\u00e7o inox de alta qualidade, oferece resist\u00eancia, durabilidade e excelente ilumina\u00e7\u00e3o quando acoplada ao cabo do laringosc\u00f3pio convencional. Seu formato reto permite melhor visualiza\u00e7\u00e3o da glote em pacientes rec\u00e9m-nascidos.<\/p>\n<p data-start=\"551\" data-end=\"581\"><strong data-start=\"551\" data-end=\"579\">Especifica\u00e7\u00f5es T\u00e9cnicas:<\/strong><\/p>\n<ul data-start=\"582\" data-end=\"818\">\n<li data-start=\"582\" data-end=\"596\">\n<p data-start=\"584\" data-end=\"596\">Tipo: Reta<\/p>\n<\/li>\n<li data-start=\"597\" data-end=\"640\">\n<p data-start=\"599\" data-end=\"640\">Modelo: Convencional (n\u00e3o fibra \u00f3ptica)<\/p>\n<\/li>\n<li data-start=\"641\" data-end=\"669\">\n<p data-start=\"643\" data-end=\"669\">Tamanho: N\u00b0 0 \u2013 Neonatal<\/p>\n<\/li>\n<li data-start=\"670\" data-end=\"698\">\n<p data-start=\"672\" data-end=\"698\">Material: A\u00e7o inoxid\u00e1vel<\/p>\n<\/li>\n<li data-start=\"699\" data-end=\"763\">\n<p data-start=\"701\" data-end=\"763\">Compatibilidade: Cabos de laringosc\u00f3pio convencionais padr\u00e3o<\/p>\n<\/li>\n<li data-start=\"764\" data-end=\"801\">\n<p data-start=\"766\" data-end=\"801\">Uso: Reutiliz\u00e1vel e esteriliz\u00e1vel<\/p>\n<\/li>\n<li data-start=\"802\" data-end=\"818\">\n<p data-start=\"804\" data-end=\"818\">Marca: Haoxi<\/p>\n<\/li>\n<\/ul>\n","protected":false},"excerpt":{"rendered":"Descri\u00e7\u00e3o:A L\u00e2mina Reta Convencional N\u00b0 0 em A\u00e7o Inoxid\u00e1vel \u2013 Haoxi \u00e9 indicada para procedimentos de intuba\u00e7\u00e3o em&hellip;","protected":false},"featured_media":8547,"comment_status":"open","ping_status":"closed","template":"","meta":{"slim_seo":{"title":"L\u00e2mina Reta Convencional N\u00b0 0 em A\u00e7o Inoxid\u00e1vel \u2013 Haoxi - Hospitalaria RS","description":"Descri\u00e7\u00e3o: A L\u00e2mina Reta Convencional N\u00b0 0 em A\u00e7o Inoxid\u00e1vel \u2013 Haoxi \u00e9 indicada para procedimentos de intuba\u00e7\u00e3o em neonatos. Fabricada em a\u00e7o inox de alta quali"}},"product_brand":[1065],"product_cat":[38],"product_tag":[937,1436,1448,1443,1445,1442,1446,1441,1447,1444],"class_list":{"0":"post-8546","1":"product","2":"type-product","3":"status-publish","4":"has-post-thumbnail","6":"product_brand-haoxi","7":"product_cat-oxigenoterapia","8":"product_tag-aco-inoxidavel","9":"product_tag-equipamento-de-intubacao","10":"product_tag-intubacao-recem-nato","11":"product_tag-lamina-convencional","12":"product_tag-lamina-haoxi","13":"product_tag-lamina-n-0","14":"product_tag-lamina-para-laringoscopio","15":"product_tag-lamina-reta-neonatal","16":"product_tag-lamina-reutilizavel","17":"product_tag-laringoscopio-neonatal","18":"mbf-entry","20":"first","21":"outofstock","22":"shipping-taxable","23":"purchasable","24":"product-type-simple"},"_links":{"self":[{"href":"https:\/\/hospitalariars.com.br\/index.php\/wp-json\/wp\/v2\/product\/8546","targetHints":{"allow":["GET"]}}],"collection":[{"href":"https:\/\/hospitalariars.com.br\/index.php\/wp-json\/wp\/v2\/product"}],"about":[{"href":"https:\/\/hospitalariars.com.br\/index.php\/wp-json\/wp\/v2\/types\/product"}],"replies":[{"embeddable":true,"href":"https:\/\/hospitalariars.com.br\/index.php\/wp-json\/wp\/v2\/comments?post=8546"}],"wp:featuredmedia":[{"embeddable":true,"href":"https:\/\/hospitalariars.com.br\/index.php\/wp-json\/wp\/v2\/media\/8547"}],"wp:attachment":[{"href":"https:\/\/hospitalariars.com.br\/index.php\/wp-json\/wp\/v2\/media?parent=8546"}],"wp:term":[{"taxonomy":"product_brand","embeddable":true,"href":"https:\/\/hospitalariars.com.br\/index.php\/wp-json\/wp\/v2\/product_brand?post=8546"},{"taxonomy":"product_cat","embeddable":true,"href":"https:\/\/hospitalariars.com.br\/index.php\/wp-json\/wp\/v2\/product_cat?post=8546"},{"taxonomy":"product_tag","embeddable":true,"href":"https:\/\/hospitalariars.com.br\/index.php\/wp-json\/wp\/v2\/product_tag?post=8546"}],"curies":[{"name":"wp","href":"https:\/\/api.w.org\/{rel}","templated":true}]}}