{"id":8548,"date":"2025-07-08T15:46:53","date_gmt":"2025-07-08T18:46:53","guid":{"rendered":"https:\/\/hospitalariars.com.br\/?post_type=product&#038;p=8548"},"modified":"2026-03-27T16:03:28","modified_gmt":"2026-03-27T19:03:28","slug":"lamina-reta-convencional-n-1-em-aco-inoxidavel-haoxi","status":"publish","type":"product","link":"https:\/\/hospitalariars.com.br\/index.php\/produto\/lamina-reta-convencional-n-1-em-aco-inoxidavel-haoxi\/","title":{"rendered":"L\u00e2mina Reta Convencional N\u00b0 1 em A\u00e7o Inoxid\u00e1vel \u2013 Haoxi"},"content":{"rendered":"<p data-start=\"168\" data-end=\"567\"><strong data-start=\"168\" data-end=\"182\">Descri\u00e7\u00e3o:<\/strong><br data-start=\"182\" data-end=\"185\" \/>A L\u00e2mina Reta Convencional N\u00b0 1 em A\u00e7o Inoxid\u00e1vel \u2013 Haoxi \u00e9 indicada para procedimentos de intuba\u00e7\u00e3o em pacientes pedi\u00e1tricos. Produzida em a\u00e7o inox resistente, proporciona durabilidade, facilidade na esteriliza\u00e7\u00e3o e excelente ilumina\u00e7\u00e3o ao ser acoplada em cabos de laringosc\u00f3pio convencionais. Seu formato reto permite visualiza\u00e7\u00e3o precisa da glote, facilitando a intuba\u00e7\u00e3o segura.<\/p>\n<p data-start=\"569\" data-end=\"599\"><strong data-start=\"569\" data-end=\"597\">Especifica\u00e7\u00f5es T\u00e9cnicas:<\/strong><\/p>\n<ul data-start=\"600\" data-end=\"858\">\n<li data-start=\"600\" data-end=\"614\">\n<p data-start=\"602\" data-end=\"614\">Tipo: Reta<\/p>\n<\/li>\n<li data-start=\"615\" data-end=\"658\">\n<p data-start=\"617\" data-end=\"658\">Modelo: Convencional (n\u00e3o fibra \u00f3ptica)<\/p>\n<\/li>\n<li data-start=\"659\" data-end=\"689\">\n<p data-start=\"661\" data-end=\"689\">Tamanho: N\u00b0 1 \u2013 Pedi\u00e1trico<\/p>\n<\/li>\n<li data-start=\"690\" data-end=\"738\">\n<p data-start=\"692\" data-end=\"738\">Material: A\u00e7o inoxid\u00e1vel de alta resist\u00eancia<\/p>\n<\/li>\n<li data-start=\"739\" data-end=\"803\">\n<p data-start=\"741\" data-end=\"803\">Compatibilidade: Cabos de laringosc\u00f3pio convencionais padr\u00e3o<\/p>\n<\/li>\n<li data-start=\"804\" data-end=\"841\">\n<p data-start=\"806\" data-end=\"841\">Uso: Reutiliz\u00e1vel e esteriliz\u00e1vel<\/p>\n<\/li>\n<li data-start=\"842\" data-end=\"858\">\n<p data-start=\"844\" data-end=\"858\">Marca: Haoxi<\/p>\n<\/li>\n<\/ul>\n","protected":false},"excerpt":{"rendered":"Descri\u00e7\u00e3o:A L\u00e2mina Reta Convencional N\u00b0 1 em A\u00e7o Inoxid\u00e1vel \u2013 Haoxi \u00e9 indicada para procedimentos de intuba\u00e7\u00e3o em&hellip;","protected":false},"featured_media":8549,"comment_status":"open","ping_status":"closed","template":"","meta":{"slim_seo":{"title":"L\u00e2mina Reta Convencional N\u00b0 1 em A\u00e7o Inoxid\u00e1vel \u2013 Haoxi - Hospitalaria RS","description":"Descri\u00e7\u00e3o: A L\u00e2mina Reta Convencional N\u00b0 1 em A\u00e7o Inoxid\u00e1vel \u2013 Haoxi \u00e9 indicada para procedimentos de intuba\u00e7\u00e3o em pacientes pedi\u00e1tricos. Produzida em a\u00e7o inox"}},"product_brand":[1065],"product_cat":[38],"product_tag":[937,1436,1440,1443,1445,1450,1446,1449,1447,1451],"class_list":{"0":"post-8548","1":"product","2":"type-product","3":"status-publish","4":"has-post-thumbnail","6":"product_brand-haoxi","7":"product_cat-oxigenoterapia","8":"product_tag-aco-inoxidavel","9":"product_tag-equipamento-de-intubacao","10":"product_tag-intubacao-pediatrica","11":"product_tag-lamina-convencional","12":"product_tag-lamina-haoxi","13":"product_tag-lamina-n-1","14":"product_tag-lamina-para-laringoscopio","15":"product_tag-lamina-reta-pediatrica","16":"product_tag-lamina-reutilizavel","17":"product_tag-laringoscopio-infantil","18":"mbf-entry","20":"first","21":"outofstock","22":"shipping-taxable","23":"purchasable","24":"product-type-simple"},"_links":{"self":[{"href":"https:\/\/hospitalariars.com.br\/index.php\/wp-json\/wp\/v2\/product\/8548","targetHints":{"allow":["GET"]}}],"collection":[{"href":"https:\/\/hospitalariars.com.br\/index.php\/wp-json\/wp\/v2\/product"}],"about":[{"href":"https:\/\/hospitalariars.com.br\/index.php\/wp-json\/wp\/v2\/types\/product"}],"replies":[{"embeddable":true,"href":"https:\/\/hospitalariars.com.br\/index.php\/wp-json\/wp\/v2\/comments?post=8548"}],"wp:featuredmedia":[{"embeddable":true,"href":"https:\/\/hospitalariars.com.br\/index.php\/wp-json\/wp\/v2\/media\/8549"}],"wp:attachment":[{"href":"https:\/\/hospitalariars.com.br\/index.php\/wp-json\/wp\/v2\/media?parent=8548"}],"wp:term":[{"taxonomy":"product_brand","embeddable":true,"href":"https:\/\/hospitalariars.com.br\/index.php\/wp-json\/wp\/v2\/product_brand?post=8548"},{"taxonomy":"product_cat","embeddable":true,"href":"https:\/\/hospitalariars.com.br\/index.php\/wp-json\/wp\/v2\/product_cat?post=8548"},{"taxonomy":"product_tag","embeddable":true,"href":"https:\/\/hospitalariars.com.br\/index.php\/wp-json\/wp\/v2\/product_tag?post=8548"}],"curies":[{"name":"wp","href":"https:\/\/api.w.org\/{rel}","templated":true}]}}