{"id":8550,"date":"2025-07-08T15:51:31","date_gmt":"2025-07-08T18:51:31","guid":{"rendered":"https:\/\/hospitalariars.com.br\/?post_type=product&#038;p=8550"},"modified":"2026-03-27T16:03:28","modified_gmt":"2026-03-27T19:03:28","slug":"lamina-reta-convencional-n-4-em-aco-inoxidavel-haoxi","status":"publish","type":"product","link":"https:\/\/hospitalariars.com.br\/index.php\/produto\/lamina-reta-convencional-n-4-em-aco-inoxidavel-haoxi\/","title":{"rendered":"L\u00e2mina Reta Convencional N\u00b0 4 em A\u00e7o Inoxid\u00e1vel \u2013 Haoxi"},"content":{"rendered":"<p data-start=\"186\" data-end=\"587\"><strong data-start=\"186\" data-end=\"200\">Descri\u00e7\u00e3o:<\/strong><br data-start=\"200\" data-end=\"203\" \/>A L\u00e2mina Reta Convencional N\u00b0 4 em A\u00e7o Inoxid\u00e1vel \u2013 Haoxi \u00e9 indicada para procedimentos de intuba\u00e7\u00e3o em pacientes adultos. Fabricada em a\u00e7o inoxid\u00e1vel de alta resist\u00eancia, oferece longa durabilidade, excelente condu\u00e7\u00e3o de luz e compatibilidade com cabos de laringosc\u00f3pio convencionais. Seu design reto proporciona visualiza\u00e7\u00e3o direta da glote, favorecendo a intuba\u00e7\u00e3o r\u00e1pida e segura.<\/p>\n<p data-start=\"589\" data-end=\"619\"><strong data-start=\"589\" data-end=\"617\">Especifica\u00e7\u00f5es T\u00e9cnicas:<\/strong><\/p>\n<ul data-start=\"620\" data-end=\"854\">\n<li data-start=\"620\" data-end=\"634\">\n<p data-start=\"622\" data-end=\"634\">Tipo: Reta<\/p>\n<\/li>\n<li data-start=\"635\" data-end=\"678\">\n<p data-start=\"637\" data-end=\"678\">Modelo: Convencional (n\u00e3o fibra \u00f3ptica)<\/p>\n<\/li>\n<li data-start=\"679\" data-end=\"705\">\n<p data-start=\"681\" data-end=\"705\">Tamanho: N\u00b0 4 \u2013 Adulto<\/p>\n<\/li>\n<li data-start=\"706\" data-end=\"734\">\n<p data-start=\"708\" data-end=\"734\">Material: A\u00e7o inoxid\u00e1vel<\/p>\n<\/li>\n<li data-start=\"735\" data-end=\"799\">\n<p data-start=\"737\" data-end=\"799\">Compatibilidade: Cabos de laringosc\u00f3pio convencionais padr\u00e3o<\/p>\n<\/li>\n<li data-start=\"800\" data-end=\"837\">\n<p data-start=\"802\" data-end=\"837\">Uso: Reutiliz\u00e1vel e esteriliz\u00e1vel<\/p>\n<\/li>\n<li data-start=\"838\" data-end=\"854\">\n<p data-start=\"840\" data-end=\"854\">Marca: Haoxi<\/p>\n<\/li>\n<\/ul>\n","protected":false},"excerpt":{"rendered":"Descri\u00e7\u00e3o:A L\u00e2mina Reta Convencional N\u00b0 4 em A\u00e7o Inoxid\u00e1vel \u2013 Haoxi \u00e9 indicada para procedimentos de intuba\u00e7\u00e3o em&hellip;","protected":false},"featured_media":8551,"comment_status":"open","ping_status":"closed","template":"","meta":{"slim_seo":{"title":"L\u00e2mina Reta Convencional N\u00b0 4 em A\u00e7o Inoxid\u00e1vel \u2013 Haoxi - Hospitalaria RS","description":"Descri\u00e7\u00e3o: A L\u00e2mina Reta Convencional N\u00b0 4 em A\u00e7o Inoxid\u00e1vel \u2013 Haoxi \u00e9 indicada para procedimentos de intuba\u00e7\u00e3o em pacientes adultos. Fabricada em a\u00e7o inoxid\u00e1ve"}},"product_brand":[1065],"product_cat":[38],"product_tag":[937,1436,1409,1443,1445,1453,1446,1452,1447,1425],"class_list":{"0":"post-8550","1":"product","2":"type-product","3":"status-publish","4":"has-post-thumbnail","6":"product_brand-haoxi","7":"product_cat-oxigenoterapia","8":"product_tag-aco-inoxidavel","9":"product_tag-equipamento-de-intubacao","10":"product_tag-intubacao-hospitalar","11":"product_tag-lamina-convencional","12":"product_tag-lamina-haoxi","13":"product_tag-lamina-n-4","14":"product_tag-lamina-para-laringoscopio","15":"product_tag-lamina-reta-adulto","16":"product_tag-lamina-reutilizavel","17":"product_tag-laringoscopio-adulto","18":"mbf-entry","20":"first","21":"outofstock","22":"shipping-taxable","23":"purchasable","24":"product-type-simple"},"_links":{"self":[{"href":"https:\/\/hospitalariars.com.br\/index.php\/wp-json\/wp\/v2\/product\/8550","targetHints":{"allow":["GET"]}}],"collection":[{"href":"https:\/\/hospitalariars.com.br\/index.php\/wp-json\/wp\/v2\/product"}],"about":[{"href":"https:\/\/hospitalariars.com.br\/index.php\/wp-json\/wp\/v2\/types\/product"}],"replies":[{"embeddable":true,"href":"https:\/\/hospitalariars.com.br\/index.php\/wp-json\/wp\/v2\/comments?post=8550"}],"wp:featuredmedia":[{"embeddable":true,"href":"https:\/\/hospitalariars.com.br\/index.php\/wp-json\/wp\/v2\/media\/8551"}],"wp:attachment":[{"href":"https:\/\/hospitalariars.com.br\/index.php\/wp-json\/wp\/v2\/media?parent=8550"}],"wp:term":[{"taxonomy":"product_brand","embeddable":true,"href":"https:\/\/hospitalariars.com.br\/index.php\/wp-json\/wp\/v2\/product_brand?post=8550"},{"taxonomy":"product_cat","embeddable":true,"href":"https:\/\/hospitalariars.com.br\/index.php\/wp-json\/wp\/v2\/product_cat?post=8550"},{"taxonomy":"product_tag","embeddable":true,"href":"https:\/\/hospitalariars.com.br\/index.php\/wp-json\/wp\/v2\/product_tag?post=8550"}],"curies":[{"name":"wp","href":"https:\/\/api.w.org\/{rel}","templated":true}]}}