{"id":8552,"date":"2025-07-08T15:54:14","date_gmt":"2025-07-08T18:54:14","guid":{"rendered":"https:\/\/hospitalariars.com.br\/?post_type=product&#038;p=8552"},"modified":"2026-03-27T16:03:28","modified_gmt":"2026-03-27T19:03:28","slug":"lamina-curva-convencional-n-0-em-aco-inoxidavel-haoxi","status":"publish","type":"product","link":"https:\/\/hospitalariars.com.br\/index.php\/produto\/lamina-curva-convencional-n-0-em-aco-inoxidavel-haoxi\/","title":{"rendered":"L\u00e2mina Curva Convencional N\u00b0 0 em A\u00e7o Inoxid\u00e1vel \u2013 Haoxi"},"content":{"rendered":"<p data-start=\"183\" data-end=\"584\"><strong data-start=\"183\" data-end=\"197\">Descri\u00e7\u00e3o:<\/strong><br data-start=\"197\" data-end=\"200\" \/>A L\u00e2mina Curva Convencional N\u00b0 0 em A\u00e7o Inoxid\u00e1vel \u2013 Haoxi \u00e9 indicada para procedimentos de intuba\u00e7\u00e3o em neonatos. Produzida em a\u00e7o inox de alta qualidade, \u00e9 compat\u00edvel com cabos de laringosc\u00f3pio convencionais e oferece ilumina\u00e7\u00e3o eficiente, al\u00e9m de excelente resist\u00eancia e durabilidade. Seu formato curvo facilita a eleva\u00e7\u00e3o da epiglote, auxiliando na visualiza\u00e7\u00e3o das cordas vocais.<\/p>\n<p data-start=\"586\" data-end=\"616\"><strong data-start=\"586\" data-end=\"614\">Especifica\u00e7\u00f5es T\u00e9cnicas:<\/strong><\/p>\n<ul data-start=\"617\" data-end=\"854\">\n<li data-start=\"617\" data-end=\"632\">\n<p data-start=\"619\" data-end=\"632\">Tipo: Curva<\/p>\n<\/li>\n<li data-start=\"633\" data-end=\"676\">\n<p data-start=\"635\" data-end=\"676\">Modelo: Convencional (n\u00e3o fibra \u00f3ptica)<\/p>\n<\/li>\n<li data-start=\"677\" data-end=\"705\">\n<p data-start=\"679\" data-end=\"705\">Tamanho: N\u00b0 0 \u2013 Neonatal<\/p>\n<\/li>\n<li data-start=\"706\" data-end=\"734\">\n<p data-start=\"708\" data-end=\"734\">Material: A\u00e7o inoxid\u00e1vel<\/p>\n<\/li>\n<li data-start=\"735\" data-end=\"799\">\n<p data-start=\"737\" data-end=\"799\">Compatibilidade: Cabos de laringosc\u00f3pio convencionais padr\u00e3o<\/p>\n<\/li>\n<li data-start=\"800\" data-end=\"837\">\n<p data-start=\"802\" data-end=\"837\">Uso: Reutiliz\u00e1vel e esteriliz\u00e1vel<\/p>\n<\/li>\n<li data-start=\"838\" data-end=\"854\">\n<p data-start=\"840\" data-end=\"854\">Marca: Haoxi<\/p>\n<\/li>\n<\/ul>\n","protected":false},"excerpt":{"rendered":"Descri\u00e7\u00e3o:A L\u00e2mina Curva Convencional N\u00b0 0 em A\u00e7o Inoxid\u00e1vel \u2013 Haoxi \u00e9 indicada para procedimentos de intuba\u00e7\u00e3o em&hellip;","protected":false},"featured_media":8553,"comment_status":"open","ping_status":"closed","template":"","meta":{"slim_seo":{"title":"L\u00e2mina Curva Convencional N\u00b0 0 em A\u00e7o Inoxid\u00e1vel \u2013 Haoxi - Hospitalaria RS","description":"Descri\u00e7\u00e3o: A L\u00e2mina Curva Convencional N\u00b0 0 em A\u00e7o Inoxid\u00e1vel \u2013 Haoxi \u00e9 indicada para procedimentos de intuba\u00e7\u00e3o em neonatos. Produzida em a\u00e7o inox de alta qual"}},"product_brand":[1065],"product_cat":[38],"product_tag":[937,1436,1448,1443,1454,1445,1455,1442,1447,1444],"class_list":{"0":"post-8552","1":"product","2":"type-product","3":"status-publish","4":"has-post-thumbnail","6":"product_brand-haoxi","7":"product_cat-oxigenoterapia","8":"product_tag-aco-inoxidavel","9":"product_tag-equipamento-de-intubacao","10":"product_tag-intubacao-recem-nato","11":"product_tag-lamina-convencional","12":"product_tag-lamina-curva-neonatal","13":"product_tag-lamina-haoxi","14":"product_tag-lamina-hospitalar","15":"product_tag-lamina-n-0","16":"product_tag-lamina-reutilizavel","17":"product_tag-laringoscopio-neonatal","18":"mbf-entry","20":"first","21":"outofstock","22":"shipping-taxable","23":"purchasable","24":"product-type-simple"},"_links":{"self":[{"href":"https:\/\/hospitalariars.com.br\/index.php\/wp-json\/wp\/v2\/product\/8552","targetHints":{"allow":["GET"]}}],"collection":[{"href":"https:\/\/hospitalariars.com.br\/index.php\/wp-json\/wp\/v2\/product"}],"about":[{"href":"https:\/\/hospitalariars.com.br\/index.php\/wp-json\/wp\/v2\/types\/product"}],"replies":[{"embeddable":true,"href":"https:\/\/hospitalariars.com.br\/index.php\/wp-json\/wp\/v2\/comments?post=8552"}],"wp:featuredmedia":[{"embeddable":true,"href":"https:\/\/hospitalariars.com.br\/index.php\/wp-json\/wp\/v2\/media\/8553"}],"wp:attachment":[{"href":"https:\/\/hospitalariars.com.br\/index.php\/wp-json\/wp\/v2\/media?parent=8552"}],"wp:term":[{"taxonomy":"product_brand","embeddable":true,"href":"https:\/\/hospitalariars.com.br\/index.php\/wp-json\/wp\/v2\/product_brand?post=8552"},{"taxonomy":"product_cat","embeddable":true,"href":"https:\/\/hospitalariars.com.br\/index.php\/wp-json\/wp\/v2\/product_cat?post=8552"},{"taxonomy":"product_tag","embeddable":true,"href":"https:\/\/hospitalariars.com.br\/index.php\/wp-json\/wp\/v2\/product_tag?post=8552"}],"curies":[{"name":"wp","href":"https:\/\/api.w.org\/{rel}","templated":true}]}}