{"id":8554,"date":"2025-07-08T15:57:49","date_gmt":"2025-07-08T18:57:49","guid":{"rendered":"https:\/\/hospitalariars.com.br\/?post_type=product&#038;p=8554"},"modified":"2026-03-27T16:03:28","modified_gmt":"2026-03-27T19:03:28","slug":"lamina-curva-convencional-n-1-em-aco-inoxidavel-haoxi","status":"publish","type":"product","link":"https:\/\/hospitalariars.com.br\/index.php\/produto\/lamina-curva-convencional-n-1-em-aco-inoxidavel-haoxi\/","title":{"rendered":"L\u00e2mina Curva Convencional N\u00b0 1 em A\u00e7o Inoxid\u00e1vel \u2013 Haoxi"},"content":{"rendered":"<p data-start=\"186\" data-end=\"580\"><strong data-start=\"186\" data-end=\"200\">Descri\u00e7\u00e3o:<\/strong><br data-start=\"200\" data-end=\"203\" \/>A L\u00e2mina Curva Convencional N\u00b0 1 em A\u00e7o Inoxid\u00e1vel \u2013 Haoxi \u00e9 indicada para procedimentos de intuba\u00e7\u00e3o em pacientes pedi\u00e1tricos. Fabricada em a\u00e7o inox de alta qualidade, oferece durabilidade, resist\u00eancia \u00e0 corros\u00e3o e compatibilidade com cabos de laringosc\u00f3pio convencionais. O formato curvo facilita a visualiza\u00e7\u00e3o das cordas vocais, auxiliando em uma intuba\u00e7\u00e3o r\u00e1pida e segura.<\/p>\n<p data-start=\"582\" data-end=\"612\"><strong data-start=\"582\" data-end=\"610\">Especifica\u00e7\u00f5es T\u00e9cnicas:<\/strong><\/p>\n<ul data-start=\"613\" data-end=\"852\">\n<li data-start=\"613\" data-end=\"628\">\n<p data-start=\"615\" data-end=\"628\">Tipo: Curva<\/p>\n<\/li>\n<li data-start=\"629\" data-end=\"672\">\n<p data-start=\"631\" data-end=\"672\">Modelo: Convencional (n\u00e3o fibra \u00f3ptica)<\/p>\n<\/li>\n<li data-start=\"673\" data-end=\"703\">\n<p data-start=\"675\" data-end=\"703\">Tamanho: N\u00b0 1 \u2013 Pedi\u00e1trico<\/p>\n<\/li>\n<li data-start=\"704\" data-end=\"732\">\n<p data-start=\"706\" data-end=\"732\">Material: A\u00e7o inoxid\u00e1vel<\/p>\n<\/li>\n<li data-start=\"733\" data-end=\"797\">\n<p data-start=\"735\" data-end=\"797\">Compatibilidade: Cabos de laringosc\u00f3pio convencionais padr\u00e3o<\/p>\n<\/li>\n<li data-start=\"798\" data-end=\"835\">\n<p data-start=\"800\" data-end=\"835\">Uso: Reutiliz\u00e1vel e esteriliz\u00e1vel<\/p>\n<\/li>\n<li data-start=\"836\" data-end=\"852\">\n<p data-start=\"838\" data-end=\"852\">Marca: Haoxi<\/p>\n<\/li>\n<\/ul>\n","protected":false},"excerpt":{"rendered":"Descri\u00e7\u00e3o:A L\u00e2mina Curva Convencional N\u00b0 1 em A\u00e7o Inoxid\u00e1vel \u2013 Haoxi \u00e9 indicada para procedimentos de intuba\u00e7\u00e3o em&hellip;","protected":false},"featured_media":8555,"comment_status":"open","ping_status":"closed","template":"","meta":{"slim_seo":{"title":"L\u00e2mina Curva Convencional N\u00b0 1 em A\u00e7o Inoxid\u00e1vel \u2013 Haoxi - Hospitalaria RS","description":"Descri\u00e7\u00e3o: A L\u00e2mina Curva Convencional N\u00b0 1 em A\u00e7o Inoxid\u00e1vel \u2013 Haoxi \u00e9 indicada para procedimentos de intuba\u00e7\u00e3o em pacientes pedi\u00e1tricos. Fabricada em a\u00e7o inox"}},"product_brand":[1065],"product_cat":[38],"product_tag":[937,1436,1440,1443,1456,1445,1455,1450,1447,1451],"class_list":{"0":"post-8554","1":"product","2":"type-product","3":"status-publish","4":"has-post-thumbnail","6":"product_brand-haoxi","7":"product_cat-oxigenoterapia","8":"product_tag-aco-inoxidavel","9":"product_tag-equipamento-de-intubacao","10":"product_tag-intubacao-pediatrica","11":"product_tag-lamina-convencional","12":"product_tag-lamina-curva-pediatrica","13":"product_tag-lamina-haoxi","14":"product_tag-lamina-hospitalar","15":"product_tag-lamina-n-1","16":"product_tag-lamina-reutilizavel","17":"product_tag-laringoscopio-infantil","18":"mbf-entry","20":"first","21":"outofstock","22":"shipping-taxable","23":"purchasable","24":"product-type-simple"},"_links":{"self":[{"href":"https:\/\/hospitalariars.com.br\/index.php\/wp-json\/wp\/v2\/product\/8554","targetHints":{"allow":["GET"]}}],"collection":[{"href":"https:\/\/hospitalariars.com.br\/index.php\/wp-json\/wp\/v2\/product"}],"about":[{"href":"https:\/\/hospitalariars.com.br\/index.php\/wp-json\/wp\/v2\/types\/product"}],"replies":[{"embeddable":true,"href":"https:\/\/hospitalariars.com.br\/index.php\/wp-json\/wp\/v2\/comments?post=8554"}],"wp:featuredmedia":[{"embeddable":true,"href":"https:\/\/hospitalariars.com.br\/index.php\/wp-json\/wp\/v2\/media\/8555"}],"wp:attachment":[{"href":"https:\/\/hospitalariars.com.br\/index.php\/wp-json\/wp\/v2\/media?parent=8554"}],"wp:term":[{"taxonomy":"product_brand","embeddable":true,"href":"https:\/\/hospitalariars.com.br\/index.php\/wp-json\/wp\/v2\/product_brand?post=8554"},{"taxonomy":"product_cat","embeddable":true,"href":"https:\/\/hospitalariars.com.br\/index.php\/wp-json\/wp\/v2\/product_cat?post=8554"},{"taxonomy":"product_tag","embeddable":true,"href":"https:\/\/hospitalariars.com.br\/index.php\/wp-json\/wp\/v2\/product_tag?post=8554"}],"curies":[{"name":"wp","href":"https:\/\/api.w.org\/{rel}","templated":true}]}}