{"id":8556,"date":"2025-07-08T16:41:35","date_gmt":"2025-07-08T19:41:35","guid":{"rendered":"https:\/\/hospitalariars.com.br\/?post_type=product&#038;p=8556"},"modified":"2026-03-27T16:03:28","modified_gmt":"2026-03-27T19:03:28","slug":"lamina-curva-convencional-n-2-em-aco-inoxidavel-haoxi","status":"publish","type":"product","link":"https:\/\/hospitalariars.com.br\/index.php\/produto\/lamina-curva-convencional-n-2-em-aco-inoxidavel-haoxi\/","title":{"rendered":"L\u00e2mina Curva Convencional N\u00b0 2 em A\u00e7o Inoxid\u00e1vel \u2013 Haoxi"},"content":{"rendered":"<p data-start=\"151\" data-end=\"570\"><strong data-start=\"151\" data-end=\"165\">Descri\u00e7\u00e3o:<\/strong><br data-start=\"165\" data-end=\"168\" \/>A L\u00e2mina Curva Convencional N\u00b0 2 em A\u00e7o Inoxid\u00e1vel \u2013 Haoxi \u00e9 indicada para intuba\u00e7\u00e3o em pacientes pedi\u00e1tricos maiores ou adolescentes. Fabricada em a\u00e7o inox resistente, oferece excelente durabilidade e compatibilidade com cabos de laringosc\u00f3pio convencionais. Seu formato curvo facilita o deslocamento da epiglote e a visualiza\u00e7\u00e3o da laringe, auxiliando em procedimentos de emerg\u00eancia e rotina cl\u00ednica.<\/p>\n<p data-start=\"572\" data-end=\"602\"><strong data-start=\"572\" data-end=\"600\">Especifica\u00e7\u00f5es T\u00e9cnicas:<\/strong><\/p>\n<ul data-start=\"603\" data-end=\"874\">\n<li data-start=\"603\" data-end=\"618\">\n<p data-start=\"605\" data-end=\"618\">Tipo: Curva<\/p>\n<\/li>\n<li data-start=\"619\" data-end=\"662\">\n<p data-start=\"621\" data-end=\"662\">Modelo: Convencional (n\u00e3o fibra \u00f3ptica)<\/p>\n<\/li>\n<li data-start=\"663\" data-end=\"705\">\n<p data-start=\"665\" data-end=\"705\">Tamanho: N\u00b0 2 \u2013 Pedi\u00e1trico\/Adolescente<\/p>\n<\/li>\n<li data-start=\"706\" data-end=\"754\">\n<p data-start=\"708\" data-end=\"754\">Material: A\u00e7o inoxid\u00e1vel de alta resist\u00eancia<\/p>\n<\/li>\n<li data-start=\"755\" data-end=\"819\">\n<p data-start=\"757\" data-end=\"819\">Compatibilidade: Cabos de laringosc\u00f3pio convencionais padr\u00e3o<\/p>\n<\/li>\n<li data-start=\"820\" data-end=\"857\">\n<p data-start=\"822\" data-end=\"857\">Uso: Reutiliz\u00e1vel e esteriliz\u00e1vel<\/p>\n<\/li>\n<li data-start=\"858\" data-end=\"874\">\n<p data-start=\"860\" data-end=\"874\">Marca: Haoxi<\/p>\n<\/li>\n<\/ul>\n","protected":false},"excerpt":{"rendered":"Descri\u00e7\u00e3o:A L\u00e2mina Curva Convencional N\u00b0 2 em A\u00e7o Inoxid\u00e1vel \u2013 Haoxi \u00e9 indicada para intuba\u00e7\u00e3o em pacientes pedi\u00e1tricos&hellip;","protected":false},"featured_media":8557,"comment_status":"open","ping_status":"closed","template":"","meta":{"slim_seo":{"title":"L\u00e2mina Curva Convencional N\u00b0 2 em A\u00e7o Inoxid\u00e1vel \u2013 Haoxi - Hospitalaria RS","description":"Descri\u00e7\u00e3o: A L\u00e2mina Curva Convencional N\u00b0 2 em A\u00e7o Inoxid\u00e1vel \u2013 Haoxi \u00e9 indicada para intuba\u00e7\u00e3o em pacientes pedi\u00e1tricos maiores ou adolescentes. Fabricada em a"}},"product_brand":[1065],"product_cat":[38],"product_tag":[937,1436,1409,1443,1457,1445,1458,1446,1447,1434],"class_list":{"0":"post-8556","1":"product","2":"type-product","3":"status-publish","4":"has-post-thumbnail","6":"product_brand-haoxi","7":"product_cat-oxigenoterapia","8":"product_tag-aco-inoxidavel","9":"product_tag-equipamento-de-intubacao","10":"product_tag-intubacao-hospitalar","11":"product_tag-lamina-convencional","12":"product_tag-lamina-curva","13":"product_tag-lamina-haoxi","14":"product_tag-lamina-n-2","15":"product_tag-lamina-para-laringoscopio","16":"product_tag-lamina-reutilizavel","17":"product_tag-laringoscopio-pediatrico","18":"mbf-entry","20":"first","21":"outofstock","22":"shipping-taxable","23":"purchasable","24":"product-type-simple"},"_links":{"self":[{"href":"https:\/\/hospitalariars.com.br\/index.php\/wp-json\/wp\/v2\/product\/8556","targetHints":{"allow":["GET"]}}],"collection":[{"href":"https:\/\/hospitalariars.com.br\/index.php\/wp-json\/wp\/v2\/product"}],"about":[{"href":"https:\/\/hospitalariars.com.br\/index.php\/wp-json\/wp\/v2\/types\/product"}],"replies":[{"embeddable":true,"href":"https:\/\/hospitalariars.com.br\/index.php\/wp-json\/wp\/v2\/comments?post=8556"}],"wp:featuredmedia":[{"embeddable":true,"href":"https:\/\/hospitalariars.com.br\/index.php\/wp-json\/wp\/v2\/media\/8557"}],"wp:attachment":[{"href":"https:\/\/hospitalariars.com.br\/index.php\/wp-json\/wp\/v2\/media?parent=8556"}],"wp:term":[{"taxonomy":"product_brand","embeddable":true,"href":"https:\/\/hospitalariars.com.br\/index.php\/wp-json\/wp\/v2\/product_brand?post=8556"},{"taxonomy":"product_cat","embeddable":true,"href":"https:\/\/hospitalariars.com.br\/index.php\/wp-json\/wp\/v2\/product_cat?post=8556"},{"taxonomy":"product_tag","embeddable":true,"href":"https:\/\/hospitalariars.com.br\/index.php\/wp-json\/wp\/v2\/product_tag?post=8556"}],"curies":[{"name":"wp","href":"https:\/\/api.w.org\/{rel}","templated":true}]}}