{"id":8558,"date":"2025-07-08T16:43:55","date_gmt":"2025-07-08T19:43:55","guid":{"rendered":"https:\/\/hospitalariars.com.br\/?post_type=product&#038;p=8558"},"modified":"2026-03-27T16:03:28","modified_gmt":"2026-03-27T19:03:28","slug":"lamina-curva-convencional-n-3-em-aco-inoxidavel-haoxi","status":"publish","type":"product","link":"https:\/\/hospitalariars.com.br\/index.php\/produto\/lamina-curva-convencional-n-3-em-aco-inoxidavel-haoxi\/","title":{"rendered":"L\u00e2mina Curva Convencional N\u00b0 3 em A\u00e7o Inoxid\u00e1vel \u2013 Haoxi"},"content":{"rendered":"<p data-start=\"152\" data-end=\"546\"><strong data-start=\"152\" data-end=\"166\">Descri\u00e7\u00e3o:<\/strong><br data-start=\"166\" data-end=\"169\" \/>A L\u00e2mina Curva Convencional N\u00b0 3 em A\u00e7o Inoxid\u00e1vel \u2013 Haoxi \u00e9 indicada para intuba\u00e7\u00e3o em pacientes adultos. Com design curvo que facilita a eleva\u00e7\u00e3o da epiglote e visualiza\u00e7\u00e3o da glote, \u00e9 ideal para uso em emerg\u00eancias e procedimentos cl\u00ednicos. Fabricada em a\u00e7o inox de alta qualidade, oferece durabilidade, resist\u00eancia e compatibilidade com cabos de laringosc\u00f3pio convencionais.<\/p>\n<p data-start=\"548\" data-end=\"578\"><strong data-start=\"548\" data-end=\"576\">Especifica\u00e7\u00f5es T\u00e9cnicas:<\/strong><\/p>\n<ul data-start=\"579\" data-end=\"814\">\n<li data-start=\"579\" data-end=\"594\">\n<p data-start=\"581\" data-end=\"594\">Tipo: Curva<\/p>\n<\/li>\n<li data-start=\"595\" data-end=\"638\">\n<p data-start=\"597\" data-end=\"638\">Modelo: Convencional (n\u00e3o fibra \u00f3ptica)<\/p>\n<\/li>\n<li data-start=\"639\" data-end=\"665\">\n<p data-start=\"641\" data-end=\"665\">Tamanho: N\u00b0 3 \u2013 Adulto<\/p>\n<\/li>\n<li data-start=\"666\" data-end=\"694\">\n<p data-start=\"668\" data-end=\"694\">Material: A\u00e7o inoxid\u00e1vel<\/p>\n<\/li>\n<li data-start=\"695\" data-end=\"759\">\n<p data-start=\"697\" data-end=\"759\">Compatibilidade: Cabos de laringosc\u00f3pio convencionais padr\u00e3o<\/p>\n<\/li>\n<li data-start=\"760\" data-end=\"797\">\n<p data-start=\"762\" data-end=\"797\">Uso: Reutiliz\u00e1vel e esteriliz\u00e1vel<\/p>\n<\/li>\n<li data-start=\"798\" data-end=\"814\">\n<p data-start=\"800\" data-end=\"814\">Marca: Haoxi<\/p>\n<\/li>\n<\/ul>\n","protected":false},"excerpt":{"rendered":"Descri\u00e7\u00e3o:A L\u00e2mina Curva Convencional N\u00b0 3 em A\u00e7o Inoxid\u00e1vel \u2013 Haoxi \u00e9 indicada para intuba\u00e7\u00e3o em pacientes adultos.&hellip;","protected":false},"featured_media":8559,"comment_status":"open","ping_status":"closed","template":"","meta":{"slim_seo":{"title":"L\u00e2mina Curva Convencional N\u00b0 3 em A\u00e7o Inoxid\u00e1vel \u2013 Haoxi - Hospitalaria RS","description":"Descri\u00e7\u00e3o: A L\u00e2mina Curva Convencional N\u00b0 3 em A\u00e7o Inoxid\u00e1vel \u2013 Haoxi \u00e9 indicada para intuba\u00e7\u00e3o em pacientes adultos. Com design curvo que facilita a eleva\u00e7\u00e3o d"}},"product_brand":[1065],"product_cat":[38],"product_tag":[937,1436,1409,1443,1459,1445,1460,1446,1447,1425],"class_list":{"0":"post-8558","1":"product","2":"type-product","3":"status-publish","4":"has-post-thumbnail","6":"product_brand-haoxi","7":"product_cat-oxigenoterapia","8":"product_tag-aco-inoxidavel","9":"product_tag-equipamento-de-intubacao","10":"product_tag-intubacao-hospitalar","11":"product_tag-lamina-convencional","12":"product_tag-lamina-curva-adulto","13":"product_tag-lamina-haoxi","14":"product_tag-lamina-n-3","15":"product_tag-lamina-para-laringoscopio","16":"product_tag-lamina-reutilizavel","17":"product_tag-laringoscopio-adulto","18":"mbf-entry","20":"first","21":"outofstock","22":"shipping-taxable","23":"purchasable","24":"product-type-simple"},"_links":{"self":[{"href":"https:\/\/hospitalariars.com.br\/index.php\/wp-json\/wp\/v2\/product\/8558","targetHints":{"allow":["GET"]}}],"collection":[{"href":"https:\/\/hospitalariars.com.br\/index.php\/wp-json\/wp\/v2\/product"}],"about":[{"href":"https:\/\/hospitalariars.com.br\/index.php\/wp-json\/wp\/v2\/types\/product"}],"replies":[{"embeddable":true,"href":"https:\/\/hospitalariars.com.br\/index.php\/wp-json\/wp\/v2\/comments?post=8558"}],"wp:featuredmedia":[{"embeddable":true,"href":"https:\/\/hospitalariars.com.br\/index.php\/wp-json\/wp\/v2\/media\/8559"}],"wp:attachment":[{"href":"https:\/\/hospitalariars.com.br\/index.php\/wp-json\/wp\/v2\/media?parent=8558"}],"wp:term":[{"taxonomy":"product_brand","embeddable":true,"href":"https:\/\/hospitalariars.com.br\/index.php\/wp-json\/wp\/v2\/product_brand?post=8558"},{"taxonomy":"product_cat","embeddable":true,"href":"https:\/\/hospitalariars.com.br\/index.php\/wp-json\/wp\/v2\/product_cat?post=8558"},{"taxonomy":"product_tag","embeddable":true,"href":"https:\/\/hospitalariars.com.br\/index.php\/wp-json\/wp\/v2\/product_tag?post=8558"}],"curies":[{"name":"wp","href":"https:\/\/api.w.org\/{rel}","templated":true}]}}