{"id":8560,"date":"2025-07-08T16:47:39","date_gmt":"2025-07-08T19:47:39","guid":{"rendered":"https:\/\/hospitalariars.com.br\/?post_type=product&#038;p=8560"},"modified":"2026-03-27T16:03:28","modified_gmt":"2026-03-27T19:03:28","slug":"lamina-curva-convencional-n-4-em-aco-inoxidavel-haoxi","status":"publish","type":"product","link":"https:\/\/hospitalariars.com.br\/index.php\/produto\/lamina-curva-convencional-n-4-em-aco-inoxidavel-haoxi\/","title":{"rendered":"L\u00e2mina Curva Convencional N\u00b0 4 em A\u00e7o Inoxid\u00e1vel \u2013 Haoxi"},"content":{"rendered":"<p data-start=\"195\" data-end=\"589\"><strong data-start=\"195\" data-end=\"209\">Descri\u00e7\u00e3o:<\/strong><br data-start=\"209\" data-end=\"212\" \/>A L\u00e2mina Curva Convencional N\u00b0 4 em A\u00e7o Inoxid\u00e1vel \u2013 Haoxi \u00e9 indicada para intuba\u00e7\u00e3o em pacientes adultos de grande porte. Seu formato curvo facilita a visualiza\u00e7\u00e3o direta da laringe, sendo ideal para procedimentos de emerg\u00eancia e anestesia. Fabricada em a\u00e7o inoxid\u00e1vel de alta durabilidade, \u00e9 compat\u00edvel com cabos de laringosc\u00f3pio convencionais e permite esteriliza\u00e7\u00e3o eficaz.<\/p>\n<p data-start=\"591\" data-end=\"621\"><strong data-start=\"591\" data-end=\"619\">Especifica\u00e7\u00f5es T\u00e9cnicas:<\/strong><\/p>\n<ul data-start=\"622\" data-end=\"870\">\n<li data-start=\"622\" data-end=\"637\">\n<p data-start=\"624\" data-end=\"637\">Tipo: Curva<\/p>\n<\/li>\n<li data-start=\"638\" data-end=\"681\">\n<p data-start=\"640\" data-end=\"681\">Modelo: Convencional (n\u00e3o fibra \u00f3ptica)<\/p>\n<\/li>\n<li data-start=\"682\" data-end=\"721\">\n<p data-start=\"684\" data-end=\"721\">Tamanho: N\u00b0 4 \u2013 Adulto grande porte<\/p>\n<\/li>\n<li data-start=\"722\" data-end=\"750\">\n<p data-start=\"724\" data-end=\"750\">Material: A\u00e7o inoxid\u00e1vel<\/p>\n<\/li>\n<li data-start=\"751\" data-end=\"815\">\n<p data-start=\"753\" data-end=\"815\">Compatibilidade: Cabos de laringosc\u00f3pio convencionais padr\u00e3o<\/p>\n<\/li>\n<li data-start=\"816\" data-end=\"853\">\n<p data-start=\"818\" data-end=\"853\">Uso: Reutiliz\u00e1vel e esteriliz\u00e1vel<\/p>\n<\/li>\n<li data-start=\"854\" data-end=\"870\">\n<p data-start=\"856\" data-end=\"870\">Marca: Haoxi<\/p>\n<\/li>\n<\/ul>\n","protected":false},"excerpt":{"rendered":"Descri\u00e7\u00e3o:A L\u00e2mina Curva Convencional N\u00b0 4 em A\u00e7o Inoxid\u00e1vel \u2013 Haoxi \u00e9 indicada para intuba\u00e7\u00e3o em pacientes adultos&hellip;","protected":false},"featured_media":8561,"comment_status":"open","ping_status":"closed","template":"","meta":{"slim_seo":{"title":"L\u00e2mina Curva Convencional N\u00b0 4 em A\u00e7o Inoxid\u00e1vel \u2013 Haoxi - Hospitalaria RS","description":"Descri\u00e7\u00e3o: A L\u00e2mina Curva Convencional N\u00b0 4 em A\u00e7o Inoxid\u00e1vel \u2013 Haoxi \u00e9 indicada para intuba\u00e7\u00e3o em pacientes adultos de grande porte. Seu formato curvo facilita"}},"product_brand":[1065],"product_cat":[38],"product_tag":[937,1436,1409,1443,1459,1445,1453,1446,1447,1461],"class_list":{"0":"post-8560","1":"product","2":"type-product","3":"status-publish","4":"has-post-thumbnail","6":"product_brand-haoxi","7":"product_cat-oxigenoterapia","8":"product_tag-aco-inoxidavel","9":"product_tag-equipamento-de-intubacao","10":"product_tag-intubacao-hospitalar","11":"product_tag-lamina-convencional","12":"product_tag-lamina-curva-adulto","13":"product_tag-lamina-haoxi","14":"product_tag-lamina-n-4","15":"product_tag-lamina-para-laringoscopio","16":"product_tag-lamina-reutilizavel","17":"product_tag-laringoscopio-grande-porte","18":"mbf-entry","20":"first","21":"outofstock","22":"shipping-taxable","23":"purchasable","24":"product-type-simple"},"_links":{"self":[{"href":"https:\/\/hospitalariars.com.br\/index.php\/wp-json\/wp\/v2\/product\/8560","targetHints":{"allow":["GET"]}}],"collection":[{"href":"https:\/\/hospitalariars.com.br\/index.php\/wp-json\/wp\/v2\/product"}],"about":[{"href":"https:\/\/hospitalariars.com.br\/index.php\/wp-json\/wp\/v2\/types\/product"}],"replies":[{"embeddable":true,"href":"https:\/\/hospitalariars.com.br\/index.php\/wp-json\/wp\/v2\/comments?post=8560"}],"wp:featuredmedia":[{"embeddable":true,"href":"https:\/\/hospitalariars.com.br\/index.php\/wp-json\/wp\/v2\/media\/8561"}],"wp:attachment":[{"href":"https:\/\/hospitalariars.com.br\/index.php\/wp-json\/wp\/v2\/media?parent=8560"}],"wp:term":[{"taxonomy":"product_brand","embeddable":true,"href":"https:\/\/hospitalariars.com.br\/index.php\/wp-json\/wp\/v2\/product_brand?post=8560"},{"taxonomy":"product_cat","embeddable":true,"href":"https:\/\/hospitalariars.com.br\/index.php\/wp-json\/wp\/v2\/product_cat?post=8560"},{"taxonomy":"product_tag","embeddable":true,"href":"https:\/\/hospitalariars.com.br\/index.php\/wp-json\/wp\/v2\/product_tag?post=8560"}],"curies":[{"name":"wp","href":"https:\/\/api.w.org\/{rel}","templated":true}]}}