{"id":8562,"date":"2025-07-08T16:51:08","date_gmt":"2025-07-08T19:51:08","guid":{"rendered":"https:\/\/hospitalariars.com.br\/?post_type=product&#038;p=8562"},"modified":"2026-03-27T16:03:28","modified_gmt":"2026-03-27T19:03:28","slug":"lamina-curva-convencional-n-5-em-aco-inoxidavel-haoxi","status":"publish","type":"product","link":"https:\/\/hospitalariars.com.br\/index.php\/produto\/lamina-curva-convencional-n-5-em-aco-inoxidavel-haoxi\/","title":{"rendered":"L\u00e2mina Curva Convencional N\u00b0 5 em A\u00e7o Inoxid\u00e1vel \u2013 Haoxi"},"content":{"rendered":"<p data-start=\"193\" data-end=\"616\"><strong data-start=\"193\" data-end=\"207\">Descri\u00e7\u00e3o:<\/strong><br data-start=\"207\" data-end=\"210\" \/>A L\u00e2mina Curva Convencional N\u00b0 5 em A\u00e7o Inoxid\u00e1vel \u2013 Haoxi \u00e9 indicada para intuba\u00e7\u00e3o em pacientes adultos de grande porte, especialmente em situa\u00e7\u00f5es cr\u00edticas ou complexas. Seu design curvo oferece excelente visualiza\u00e7\u00e3o da laringe, facilitando a intuba\u00e7\u00e3o. Compat\u00edvel com cabos de laringosc\u00f3pio convencionais, \u00e9 fabricada em a\u00e7o inox de alta resist\u00eancia, garantindo durabilidade e esteriliza\u00e7\u00e3o eficiente.<\/p>\n<p data-start=\"618\" data-end=\"648\"><strong data-start=\"618\" data-end=\"646\">Especifica\u00e7\u00f5es T\u00e9cnicas:<\/strong><\/p>\n<ul data-start=\"649\" data-end=\"899\">\n<li data-start=\"649\" data-end=\"664\">\n<p data-start=\"651\" data-end=\"664\">Tipo: Curva<\/p>\n<\/li>\n<li data-start=\"665\" data-end=\"708\">\n<p data-start=\"667\" data-end=\"708\">Modelo: Convencional (n\u00e3o fibra \u00f3ptica)<\/p>\n<\/li>\n<li data-start=\"709\" data-end=\"750\">\n<p data-start=\"711\" data-end=\"750\">Tamanho: N\u00b0 5 \u2013 Adulto (porte grande)<\/p>\n<\/li>\n<li data-start=\"751\" data-end=\"779\">\n<p data-start=\"753\" data-end=\"779\">Material: A\u00e7o inoxid\u00e1vel<\/p>\n<\/li>\n<li data-start=\"780\" data-end=\"844\">\n<p data-start=\"782\" data-end=\"844\">Compatibilidade: Cabos de laringosc\u00f3pio convencionais padr\u00e3o<\/p>\n<\/li>\n<li data-start=\"845\" data-end=\"882\">\n<p data-start=\"847\" data-end=\"882\">Uso: Reutiliz\u00e1vel e esteriliz\u00e1vel<\/p>\n<\/li>\n<li data-start=\"883\" data-end=\"899\">\n<p data-start=\"885\" data-end=\"899\">Marca: Haoxi<\/p>\n<\/li>\n<\/ul>\n","protected":false},"excerpt":{"rendered":"Descri\u00e7\u00e3o:A L\u00e2mina Curva Convencional N\u00b0 5 em A\u00e7o Inoxid\u00e1vel \u2013 Haoxi \u00e9 indicada para intuba\u00e7\u00e3o em pacientes adultos&hellip;","protected":false},"featured_media":8563,"comment_status":"open","ping_status":"closed","template":"","meta":{"slim_seo":{"title":"L\u00e2mina Curva Convencional N\u00b0 5 em A\u00e7o Inoxid\u00e1vel \u2013 Haoxi - Hospitalaria RS","description":"Descri\u00e7\u00e3o: A L\u00e2mina Curva Convencional N\u00b0 5 em A\u00e7o Inoxid\u00e1vel \u2013 Haoxi \u00e9 indicada para intuba\u00e7\u00e3o em pacientes adultos de grande porte, especialmente em situa\u00e7\u00f5es"}},"product_brand":[1065],"product_cat":[38],"product_tag":[937,1436,1463,1443,1459,1445,1455,1462,1447,1461],"class_list":{"0":"post-8562","1":"product","2":"type-product","3":"status-publish","4":"has-post-thumbnail","6":"product_brand-haoxi","7":"product_cat-oxigenoterapia","8":"product_tag-aco-inoxidavel","9":"product_tag-equipamento-de-intubacao","10":"product_tag-intubacao-critica","11":"product_tag-lamina-convencional","12":"product_tag-lamina-curva-adulto","13":"product_tag-lamina-haoxi","14":"product_tag-lamina-hospitalar","15":"product_tag-lamina-n-5","16":"product_tag-lamina-reutilizavel","17":"product_tag-laringoscopio-grande-porte","18":"mbf-entry","20":"first","21":"outofstock","22":"shipping-taxable","23":"purchasable","24":"product-type-simple"},"_links":{"self":[{"href":"https:\/\/hospitalariars.com.br\/index.php\/wp-json\/wp\/v2\/product\/8562","targetHints":{"allow":["GET"]}}],"collection":[{"href":"https:\/\/hospitalariars.com.br\/index.php\/wp-json\/wp\/v2\/product"}],"about":[{"href":"https:\/\/hospitalariars.com.br\/index.php\/wp-json\/wp\/v2\/types\/product"}],"replies":[{"embeddable":true,"href":"https:\/\/hospitalariars.com.br\/index.php\/wp-json\/wp\/v2\/comments?post=8562"}],"wp:featuredmedia":[{"embeddable":true,"href":"https:\/\/hospitalariars.com.br\/index.php\/wp-json\/wp\/v2\/media\/8563"}],"wp:attachment":[{"href":"https:\/\/hospitalariars.com.br\/index.php\/wp-json\/wp\/v2\/media?parent=8562"}],"wp:term":[{"taxonomy":"product_brand","embeddable":true,"href":"https:\/\/hospitalariars.com.br\/index.php\/wp-json\/wp\/v2\/product_brand?post=8562"},{"taxonomy":"product_cat","embeddable":true,"href":"https:\/\/hospitalariars.com.br\/index.php\/wp-json\/wp\/v2\/product_cat?post=8562"},{"taxonomy":"product_tag","embeddable":true,"href":"https:\/\/hospitalariars.com.br\/index.php\/wp-json\/wp\/v2\/product_tag?post=8562"}],"curies":[{"name":"wp","href":"https:\/\/api.w.org\/{rel}","templated":true}]}}