{"id":8564,"date":"2025-07-08T16:53:08","date_gmt":"2025-07-08T19:53:08","guid":{"rendered":"https:\/\/hospitalariars.com.br\/?post_type=product&#038;p=8564"},"modified":"2026-03-27T16:03:28","modified_gmt":"2026-03-27T19:03:28","slug":"lampada-led-para-laringoscopio-haoxi","status":"publish","type":"product","link":"https:\/\/hospitalariars.com.br\/index.php\/produto\/lampada-led-para-laringoscopio-haoxi\/","title":{"rendered":"L\u00e2mpada LED para Laringosc\u00f3pio \u2013 Haoxi"},"content":{"rendered":"<p data-start=\"143\" data-end=\"543\"><strong data-start=\"143\" data-end=\"157\">Descri\u00e7\u00e3o:<\/strong><br data-start=\"157\" data-end=\"160\" \/>A L\u00e2mpada LED para Laringosc\u00f3pio \u2013 Haoxi \u00e9 uma pe\u00e7a de reposi\u00e7\u00e3o indicada para cabos de laringosc\u00f3pios convencionais. Fornece ilumina\u00e7\u00e3o clara, potente e precisa durante os procedimentos de intuba\u00e7\u00e3o, permitindo melhor visualiza\u00e7\u00e3o das vias a\u00e9reas. Fabricada com tecnologia LED, oferece maior durabilidade, efici\u00eancia energ\u00e9tica e confiabilidade em ambientes cl\u00ednicos e hospitalares.<\/p>\n<p data-start=\"545\" data-end=\"575\"><strong data-start=\"545\" data-end=\"573\">Especifica\u00e7\u00f5es T\u00e9cnicas:<\/strong><\/p>\n<ul data-start=\"576\" data-end=\"806\">\n<li data-start=\"576\" data-end=\"597\">\n<p data-start=\"578\" data-end=\"597\">Tipo: L\u00e2mpada LED<\/p>\n<\/li>\n<li data-start=\"598\" data-end=\"648\">\n<p data-start=\"600\" data-end=\"648\">Aplica\u00e7\u00e3o: Cabos de laringosc\u00f3pio convencional<\/p>\n<\/li>\n<li data-start=\"649\" data-end=\"697\">\n<p data-start=\"651\" data-end=\"697\">Ilumina\u00e7\u00e3o: Alta intensidade e baixo consumo<\/p>\n<\/li>\n<li data-start=\"698\" data-end=\"745\">\n<p data-start=\"700\" data-end=\"745\">Compatibilidade: Universal com rosca padr\u00e3o<\/p>\n<\/li>\n<li data-start=\"746\" data-end=\"770\">\n<p data-start=\"748\" data-end=\"770\">Vida \u00fatil prolongada<\/p>\n<\/li>\n<li data-start=\"771\" data-end=\"789\">\n<p data-start=\"773\" data-end=\"789\">Uso: Reposi\u00e7\u00e3o<\/p>\n<\/li>\n<li data-start=\"790\" data-end=\"806\">\n<p data-start=\"792\" data-end=\"806\">Marca: Haoxi<\/p>\n<\/li>\n<\/ul>\n","protected":false},"excerpt":{"rendered":"Descri\u00e7\u00e3o:A L\u00e2mpada LED para Laringosc\u00f3pio \u2013 Haoxi \u00e9 uma pe\u00e7a de reposi\u00e7\u00e3o indicada para cabos de laringosc\u00f3pios convencionais.&hellip;","protected":false},"featured_media":8565,"comment_status":"open","ping_status":"closed","template":"","meta":{"slim_seo":{"title":"L\u00e2mpada LED para Laringosc\u00f3pio \u2013 Haoxi - Hospitalaria RS","description":"Descri\u00e7\u00e3o: A L\u00e2mpada LED para Laringosc\u00f3pio \u2013 Haoxi \u00e9 uma pe\u00e7a de reposi\u00e7\u00e3o indicada para cabos de laringosc\u00f3pios convencionais. Fornece ilumina\u00e7\u00e3o clara, poten"}},"product_brand":[1065],"product_cat":[38],"product_tag":[1316,1469,1466,1467,1464,1470,1472,1471,1468,1465],"class_list":{"0":"post-8564","1":"product","2":"type-product","3":"status-publish","4":"has-post-thumbnail","6":"product_brand-haoxi","7":"product_cat-oxigenoterapia","8":"product_tag-equipamento-clinico","9":"product_tag-iluminacao-hospitalar","10":"product_tag-iluminacao-laringoscopia","11":"product_tag-lampada-haoxi","12":"product_tag-lampada-led-laringoscopio","13":"product_tag-lampada-para-intubacao","14":"product_tag-laringoscopio-convencional","15":"product_tag-led-medico","16":"product_tag-peca-laringoscopio","17":"product_tag-reposicao-laringoscopio","18":"mbf-entry","20":"first","21":"outofstock","22":"shipping-taxable","23":"purchasable","24":"product-type-simple"},"_links":{"self":[{"href":"https:\/\/hospitalariars.com.br\/index.php\/wp-json\/wp\/v2\/product\/8564","targetHints":{"allow":["GET"]}}],"collection":[{"href":"https:\/\/hospitalariars.com.br\/index.php\/wp-json\/wp\/v2\/product"}],"about":[{"href":"https:\/\/hospitalariars.com.br\/index.php\/wp-json\/wp\/v2\/types\/product"}],"replies":[{"embeddable":true,"href":"https:\/\/hospitalariars.com.br\/index.php\/wp-json\/wp\/v2\/comments?post=8564"}],"wp:featuredmedia":[{"embeddable":true,"href":"https:\/\/hospitalariars.com.br\/index.php\/wp-json\/wp\/v2\/media\/8565"}],"wp:attachment":[{"href":"https:\/\/hospitalariars.com.br\/index.php\/wp-json\/wp\/v2\/media?parent=8564"}],"wp:term":[{"taxonomy":"product_brand","embeddable":true,"href":"https:\/\/hospitalariars.com.br\/index.php\/wp-json\/wp\/v2\/product_brand?post=8564"},{"taxonomy":"product_cat","embeddable":true,"href":"https:\/\/hospitalariars.com.br\/index.php\/wp-json\/wp\/v2\/product_cat?post=8564"},{"taxonomy":"product_tag","embeddable":true,"href":"https:\/\/hospitalariars.com.br\/index.php\/wp-json\/wp\/v2\/product_tag?post=8564"}],"curies":[{"name":"wp","href":"https:\/\/api.w.org\/{rel}","templated":true}]}}