{"id":8566,"date":"2025-07-08T16:57:43","date_gmt":"2025-07-08T19:57:43","guid":{"rendered":"https:\/\/hospitalariars.com.br\/?post_type=product&#038;p=8566"},"modified":"2026-03-27T16:03:27","modified_gmt":"2026-03-27T19:03:27","slug":"lamina-reta-convencional-n-2-em-aco-inoxidavel-haoxi","status":"publish","type":"product","link":"https:\/\/hospitalariars.com.br\/index.php\/produto\/lamina-reta-convencional-n-2-em-aco-inoxidavel-haoxi\/","title":{"rendered":"L\u00e2mina Reta Convencional N\u00b0 2 em A\u00e7o Inoxid\u00e1vel \u2013 Haoxi"},"content":{"rendered":"<p data-start=\"148\" data-end=\"582\"><strong data-start=\"148\" data-end=\"162\">Descri\u00e7\u00e3o:<\/strong><br data-start=\"162\" data-end=\"165\" \/>A L\u00e2mina Reta Convencional N\u00b0 2 em A\u00e7o Inoxid\u00e1vel \u2013 Haoxi \u00e9 indicada para procedimentos de intuba\u00e7\u00e3o em pacientes pedi\u00e1tricos maiores ou adolescentes. Fabricada em a\u00e7o inoxid\u00e1vel de alta qualidade, proporciona durabilidade, excelente ilumina\u00e7\u00e3o e compatibilidade com cabos de laringosc\u00f3pio convencionais. Seu formato reto oferece visualiza\u00e7\u00e3o clara das vias a\u00e9reas, contribuindo para uma intuba\u00e7\u00e3o segura e eficiente.<\/p>\n<p data-start=\"584\" data-end=\"614\"><strong data-start=\"584\" data-end=\"612\">Especifica\u00e7\u00f5es T\u00e9cnicas:<\/strong><\/p>\n<ul data-start=\"615\" data-end=\"865\">\n<li data-start=\"615\" data-end=\"629\">\n<p data-start=\"617\" data-end=\"629\">Tipo: Reta<\/p>\n<\/li>\n<li data-start=\"630\" data-end=\"673\">\n<p data-start=\"632\" data-end=\"673\">Modelo: Convencional (n\u00e3o fibra \u00f3ptica)<\/p>\n<\/li>\n<li data-start=\"674\" data-end=\"716\">\n<p data-start=\"676\" data-end=\"716\">Tamanho: N\u00b0 2 \u2013 Pedi\u00e1trico\/Adolescente<\/p>\n<\/li>\n<li data-start=\"717\" data-end=\"745\">\n<p data-start=\"719\" data-end=\"745\">Material: A\u00e7o inoxid\u00e1vel<\/p>\n<\/li>\n<li data-start=\"746\" data-end=\"810\">\n<p data-start=\"748\" data-end=\"810\">Compatibilidade: Cabos de laringosc\u00f3pio convencionais padr\u00e3o<\/p>\n<\/li>\n<li data-start=\"811\" data-end=\"848\">\n<p data-start=\"813\" data-end=\"848\">Uso: Reutiliz\u00e1vel e esteriliz\u00e1vel<\/p>\n<\/li>\n<li data-start=\"849\" data-end=\"865\">\n<p data-start=\"851\" data-end=\"865\">Marca: Haoxi<\/p>\n<\/li>\n<\/ul>\n","protected":false},"excerpt":{"rendered":"Descri\u00e7\u00e3o:A L\u00e2mina Reta Convencional N\u00b0 2 em A\u00e7o Inoxid\u00e1vel \u2013 Haoxi \u00e9 indicada para procedimentos de intuba\u00e7\u00e3o em&hellip;","protected":false},"featured_media":8567,"comment_status":"open","ping_status":"closed","template":"","meta":{"slim_seo":{"title":"L\u00e2mina Reta Convencional N\u00b0 2 em A\u00e7o Inoxid\u00e1vel \u2013 Haoxi - Hospitalaria RS","description":"Descri\u00e7\u00e3o: A L\u00e2mina Reta Convencional N\u00b0 2 em A\u00e7o Inoxid\u00e1vel \u2013 Haoxi \u00e9 indicada para procedimentos de intuba\u00e7\u00e3o em pacientes pedi\u00e1tricos maiores ou adolescentes"}},"product_brand":[1065],"product_cat":[38],"product_tag":[937,1436,1409,1443,1445,1458,1446,1449,1447,1451],"class_list":{"0":"post-8566","1":"product","2":"type-product","3":"status-publish","4":"has-post-thumbnail","6":"product_brand-haoxi","7":"product_cat-oxigenoterapia","8":"product_tag-aco-inoxidavel","9":"product_tag-equipamento-de-intubacao","10":"product_tag-intubacao-hospitalar","11":"product_tag-lamina-convencional","12":"product_tag-lamina-haoxi","13":"product_tag-lamina-n-2","14":"product_tag-lamina-para-laringoscopio","15":"product_tag-lamina-reta-pediatrica","16":"product_tag-lamina-reutilizavel","17":"product_tag-laringoscopio-infantil","18":"mbf-entry","20":"first","21":"outofstock","22":"shipping-taxable","23":"purchasable","24":"product-type-simple"},"_links":{"self":[{"href":"https:\/\/hospitalariars.com.br\/index.php\/wp-json\/wp\/v2\/product\/8566","targetHints":{"allow":["GET"]}}],"collection":[{"href":"https:\/\/hospitalariars.com.br\/index.php\/wp-json\/wp\/v2\/product"}],"about":[{"href":"https:\/\/hospitalariars.com.br\/index.php\/wp-json\/wp\/v2\/types\/product"}],"replies":[{"embeddable":true,"href":"https:\/\/hospitalariars.com.br\/index.php\/wp-json\/wp\/v2\/comments?post=8566"}],"wp:featuredmedia":[{"embeddable":true,"href":"https:\/\/hospitalariars.com.br\/index.php\/wp-json\/wp\/v2\/media\/8567"}],"wp:attachment":[{"href":"https:\/\/hospitalariars.com.br\/index.php\/wp-json\/wp\/v2\/media?parent=8566"}],"wp:term":[{"taxonomy":"product_brand","embeddable":true,"href":"https:\/\/hospitalariars.com.br\/index.php\/wp-json\/wp\/v2\/product_brand?post=8566"},{"taxonomy":"product_cat","embeddable":true,"href":"https:\/\/hospitalariars.com.br\/index.php\/wp-json\/wp\/v2\/product_cat?post=8566"},{"taxonomy":"product_tag","embeddable":true,"href":"https:\/\/hospitalariars.com.br\/index.php\/wp-json\/wp\/v2\/product_tag?post=8566"}],"curies":[{"name":"wp","href":"https:\/\/api.w.org\/{rel}","templated":true}]}}