{"id":8570,"date":"2025-07-09T11:12:09","date_gmt":"2025-07-09T14:12:09","guid":{"rendered":"https:\/\/hospitalariars.com.br\/?post_type=product&#038;p=8570"},"modified":"2026-03-27T16:03:27","modified_gmt":"2026-03-27T19:03:27","slug":"estetoscopio-adulto-simples-haoxi","status":"publish","type":"product","link":"https:\/\/hospitalariars.com.br\/index.php\/produto\/estetoscopio-adulto-simples-haoxi\/","title":{"rendered":"Estetosc\u00f3pio Adulto Simples \u2013 Haoxi"},"content":{"rendered":"<p data-start=\"189\" data-end=\"549\"><strong data-start=\"189\" data-end=\"203\">Descri\u00e7\u00e3o:<\/strong><br data-start=\"203\" data-end=\"206\" \/>O Estetosc\u00f3pio Adulto Simples \u2013 Haoxi \u00e9 um instrumento essencial para auscultas cl\u00ednicas, permitindo a escuta precisa de sons card\u00edacos, pulmonares e abdominais. Ideal para uso em hospitais, cl\u00ednicas e consult\u00f3rios, possui auscultador \u00fanico, tubo flex\u00edvel e olivas confort\u00e1veis, garantindo boa ac\u00fastica e praticidade no dia a dia profissional.<\/p>\n<p data-start=\"551\" data-end=\"581\"><strong data-start=\"551\" data-end=\"579\">Especifica\u00e7\u00f5es T\u00e9cnicas:<\/strong><\/p>\n<ul data-start=\"582\" data-end=\"863\">\n<li data-start=\"582\" data-end=\"626\">\n<p data-start=\"584\" data-end=\"626\">Tipo: Adulto simples (auscultador \u00fanico)<\/p>\n<\/li>\n<li data-start=\"627\" data-end=\"681\">\n<p data-start=\"629\" data-end=\"681\">Aplica\u00e7\u00e3o: Ausculta card\u00edaca, pulmonar e abdominal<\/p>\n<\/li>\n<li data-start=\"682\" data-end=\"731\">\n<p data-start=\"684\" data-end=\"731\">Material: Arco met\u00e1lico, tubo em PVC flex\u00edvel<\/p>\n<\/li>\n<li data-start=\"732\" data-end=\"769\">\n<p data-start=\"734\" data-end=\"769\">Olivas: Anat\u00f4micas e confort\u00e1veis<\/p>\n<\/li>\n<li data-start=\"770\" data-end=\"801\">\n<p data-start=\"772\" data-end=\"801\">Uso: Profissional e cl\u00ednico<\/p>\n<\/li>\n<li data-start=\"802\" data-end=\"846\">\n<p data-start=\"804\" data-end=\"846\">Cor: Variada (consultar disponibilidade)<\/p>\n<\/li>\n<li data-start=\"847\" data-end=\"863\">\n<p data-start=\"849\" data-end=\"863\">Marca: Haoxi<\/p>\n<\/li>\n<\/ul>\n","protected":false},"excerpt":{"rendered":"Descri\u00e7\u00e3o:O Estetosc\u00f3pio Adulto Simples \u2013 Haoxi \u00e9 um instrumento essencial para auscultas cl\u00ednicas, permitindo a escuta precisa de&hellip;","protected":false},"featured_media":8571,"comment_status":"open","ping_status":"closed","template":"","meta":{"slim_seo":{"title":"Estetosc\u00f3pio Adulto Simples \u2013 Haoxi - Hospitalaria RS","description":"Descri\u00e7\u00e3o: O Estetosc\u00f3pio Adulto Simples \u2013 Haoxi \u00e9 um instrumento essencial para auscultas cl\u00ednicas, permitindo a escuta precisa de sons card\u00edacos, pulmonares e"}},"product_brand":[1065],"product_cat":[38],"product_tag":[1478,1479,1475,1012,1473,1476,1477,1474,1481,1480],"class_list":{"0":"post-8570","1":"product","2":"type-product","3":"status-publish","4":"has-post-thumbnail","6":"product_brand-haoxi","7":"product_cat-oxigenoterapia","8":"product_tag-ausculta-cardiaca","9":"product_tag-ausculta-pulmonar","10":"product_tag-auscultador-unico","11":"product_tag-equipamento-medico","12":"product_tag-estetoscopio-adulto","13":"product_tag-estetoscopio-clinico","14":"product_tag-estetoscopio-haoxi","15":"product_tag-estetoscopio-simples","16":"product_tag-exame-fisico","17":"product_tag-material-hospitalar","18":"mbf-entry","20":"first","21":"outofstock","22":"shipping-taxable","23":"purchasable","24":"product-type-simple"},"_links":{"self":[{"href":"https:\/\/hospitalariars.com.br\/index.php\/wp-json\/wp\/v2\/product\/8570","targetHints":{"allow":["GET"]}}],"collection":[{"href":"https:\/\/hospitalariars.com.br\/index.php\/wp-json\/wp\/v2\/product"}],"about":[{"href":"https:\/\/hospitalariars.com.br\/index.php\/wp-json\/wp\/v2\/types\/product"}],"replies":[{"embeddable":true,"href":"https:\/\/hospitalariars.com.br\/index.php\/wp-json\/wp\/v2\/comments?post=8570"}],"wp:featuredmedia":[{"embeddable":true,"href":"https:\/\/hospitalariars.com.br\/index.php\/wp-json\/wp\/v2\/media\/8571"}],"wp:attachment":[{"href":"https:\/\/hospitalariars.com.br\/index.php\/wp-json\/wp\/v2\/media?parent=8570"}],"wp:term":[{"taxonomy":"product_brand","embeddable":true,"href":"https:\/\/hospitalariars.com.br\/index.php\/wp-json\/wp\/v2\/product_brand?post=8570"},{"taxonomy":"product_cat","embeddable":true,"href":"https:\/\/hospitalariars.com.br\/index.php\/wp-json\/wp\/v2\/product_cat?post=8570"},{"taxonomy":"product_tag","embeddable":true,"href":"https:\/\/hospitalariars.com.br\/index.php\/wp-json\/wp\/v2\/product_tag?post=8570"}],"curies":[{"name":"wp","href":"https:\/\/api.w.org\/{rel}","templated":true}]}}