{"id":8572,"date":"2025-07-09T11:14:12","date_gmt":"2025-07-09T14:14:12","guid":{"rendered":"https:\/\/hospitalariars.com.br\/?post_type=product&#038;p=8572"},"modified":"2026-03-27T16:03:27","modified_gmt":"2026-03-27T19:03:27","slug":"estetoscopio-infantil-simples-haoxi","status":"publish","type":"product","link":"https:\/\/hospitalariars.com.br\/index.php\/produto\/estetoscopio-infantil-simples-haoxi\/","title":{"rendered":"Estetosc\u00f3pio Infantil Simples \u2013 Haoxi"},"content":{"rendered":"<p data-start=\"146\" data-end=\"477\"><strong data-start=\"146\" data-end=\"160\">Descri\u00e7\u00e3o:<\/strong><br data-start=\"160\" data-end=\"163\" \/>O Estetosc\u00f3pio Infantil Simples \u2013 Haoxi \u00e9 desenvolvido especialmente para a ausculta em pacientes pedi\u00e1tricos. Com design adaptado ao t\u00f3rax infantil, oferece escuta clara e precisa dos sons card\u00edacos, pulmonares e abdominais. Leve, pr\u00e1tico e confort\u00e1vel, \u00e9 ideal para uso em consult\u00f3rios, ambulat\u00f3rios e hospitais.<\/p>\n<p data-start=\"479\" data-end=\"509\"><strong data-start=\"479\" data-end=\"507\">Especifica\u00e7\u00f5es T\u00e9cnicas:<\/strong><\/p>\n<ul data-start=\"510\" data-end=\"813\">\n<li data-start=\"510\" data-end=\"556\">\n<p data-start=\"512\" data-end=\"556\">Tipo: Infantil simples (auscultador \u00fanico)<\/p>\n<\/li>\n<li data-start=\"557\" data-end=\"623\">\n<p data-start=\"559\" data-end=\"623\">Aplica\u00e7\u00e3o: Ausculta card\u00edaca, pulmonar e abdominal em crian\u00e7as<\/p>\n<\/li>\n<li data-start=\"624\" data-end=\"676\">\n<p data-start=\"626\" data-end=\"676\">Material: Arco met\u00e1lico com tubo em PVC flex\u00edvel<\/p>\n<\/li>\n<li data-start=\"677\" data-end=\"708\">\n<p data-start=\"679\" data-end=\"708\">Olivas: Anat\u00f4micas e macias<\/p>\n<\/li>\n<li data-start=\"709\" data-end=\"753\">\n<p data-start=\"711\" data-end=\"753\">Cor: Variada (consultar disponibilidade)<\/p>\n<\/li>\n<li data-start=\"754\" data-end=\"796\">\n<p data-start=\"756\" data-end=\"796\">Uso: Profissional e cl\u00ednico pedi\u00e1trico<\/p>\n<\/li>\n<li data-start=\"797\" data-end=\"813\">\n<p data-start=\"799\" data-end=\"813\">Marca: Haoxi<\/p>\n<\/li>\n<\/ul>\n","protected":false},"excerpt":{"rendered":"Descri\u00e7\u00e3o:O Estetosc\u00f3pio Infantil Simples \u2013 Haoxi \u00e9 desenvolvido especialmente para a ausculta em pacientes pedi\u00e1tricos. Com design adaptado&hellip;","protected":false},"featured_media":8573,"comment_status":"open","ping_status":"closed","template":"","meta":{"slim_seo":{"title":"Estetosc\u00f3pio Infantil Simples \u2013 Haoxi - Hospitalaria RS","description":"Descri\u00e7\u00e3o: O Estetosc\u00f3pio Infantil Simples \u2013 Haoxi \u00e9 desenvolvido especialmente para a ausculta em pacientes pedi\u00e1tricos. Com design adaptado ao t\u00f3rax infantil,"}},"product_brand":[1065],"product_cat":[38],"product_tag":[1478,1484,1479,1483,1485,1477,1482,1474,1486,1480],"class_list":{"0":"post-8572","1":"product","2":"type-product","3":"status-publish","4":"has-post-thumbnail","6":"product_brand-haoxi","7":"product_cat-oxigenoterapia","8":"product_tag-ausculta-cardiaca","9":"product_tag-ausculta-infantil","10":"product_tag-ausculta-pulmonar","11":"product_tag-auscultador-pediatrico","12":"product_tag-equipamento-medico-infantil","13":"product_tag-estetoscopio-haoxi","14":"product_tag-estetoscopio-infantil","15":"product_tag-estetoscopio-simples","16":"product_tag-exame-fisico-pediatrico","17":"product_tag-material-hospitalar","18":"mbf-entry","20":"first","21":"outofstock","22":"shipping-taxable","23":"purchasable","24":"product-type-simple"},"_links":{"self":[{"href":"https:\/\/hospitalariars.com.br\/index.php\/wp-json\/wp\/v2\/product\/8572","targetHints":{"allow":["GET"]}}],"collection":[{"href":"https:\/\/hospitalariars.com.br\/index.php\/wp-json\/wp\/v2\/product"}],"about":[{"href":"https:\/\/hospitalariars.com.br\/index.php\/wp-json\/wp\/v2\/types\/product"}],"replies":[{"embeddable":true,"href":"https:\/\/hospitalariars.com.br\/index.php\/wp-json\/wp\/v2\/comments?post=8572"}],"wp:featuredmedia":[{"embeddable":true,"href":"https:\/\/hospitalariars.com.br\/index.php\/wp-json\/wp\/v2\/media\/8573"}],"wp:attachment":[{"href":"https:\/\/hospitalariars.com.br\/index.php\/wp-json\/wp\/v2\/media?parent=8572"}],"wp:term":[{"taxonomy":"product_brand","embeddable":true,"href":"https:\/\/hospitalariars.com.br\/index.php\/wp-json\/wp\/v2\/product_brand?post=8572"},{"taxonomy":"product_cat","embeddable":true,"href":"https:\/\/hospitalariars.com.br\/index.php\/wp-json\/wp\/v2\/product_cat?post=8572"},{"taxonomy":"product_tag","embeddable":true,"href":"https:\/\/hospitalariars.com.br\/index.php\/wp-json\/wp\/v2\/product_tag?post=8572"}],"curies":[{"name":"wp","href":"https:\/\/api.w.org\/{rel}","templated":true}]}}