{"id":8574,"date":"2025-07-09T11:20:00","date_gmt":"2025-07-09T14:20:00","guid":{"rendered":"https:\/\/hospitalariars.com.br\/?post_type=product&#038;p=8574"},"modified":"2026-03-27T16:03:27","modified_gmt":"2026-03-27T19:03:27","slug":"micronebulizador-15-ml-adulto-com-conector-ox-haoxi","status":"publish","type":"product","link":"https:\/\/hospitalariars.com.br\/index.php\/produto\/micronebulizador-15-ml-adulto-com-conector-ox-haoxi\/","title":{"rendered":"Micronebulizador 15 mL Adulto com Conector OX \u2013 Haoxi"},"content":{"rendered":"<p data-start=\"158\" data-end=\"543\"><strong data-start=\"158\" data-end=\"172\">Descri\u00e7\u00e3o:<\/strong><br data-start=\"172\" data-end=\"175\" \/>O Micronebulizador 15 mL Adulto com Conector OX \u2013 Haoxi \u00e9 indicado para administra\u00e7\u00e3o de medicamentos por inala\u00e7\u00e3o em pacientes adultos. Com design anat\u00f4mico e eficiente, garante \u00f3tima dispers\u00e3o da n\u00e9voa e melhor absor\u00e7\u00e3o do f\u00e1rmaco. Acompanha m\u00e1scara, copo nebulizador de 15 mL e tubo com conector padr\u00e3o OX, sendo compat\u00edvel com sistemas de oxig\u00eanio e ar comprimido.<\/p>\n<p data-start=\"545\" data-end=\"575\"><strong data-start=\"545\" data-end=\"573\">Especifica\u00e7\u00f5es T\u00e9cnicas:<\/strong><\/p>\n<ul data-start=\"576\" data-end=\"837\">\n<li data-start=\"576\" data-end=\"605\">\n<p data-start=\"578\" data-end=\"605\">Capacidade do copo: 15 mL<\/p>\n<\/li>\n<li data-start=\"606\" data-end=\"625\">\n<p data-start=\"608\" data-end=\"625\">P\u00fablico: Adulto<\/p>\n<\/li>\n<li data-start=\"626\" data-end=\"661\">\n<p data-start=\"628\" data-end=\"661\">Conector: Padr\u00e3o OX (universal)<\/p>\n<\/li>\n<li data-start=\"662\" data-end=\"724\">\n<p data-start=\"664\" data-end=\"724\">Material: M\u00e1scara em PVC at\u00f3xico, copo e traqueia flex\u00edvel<\/p>\n<\/li>\n<li data-start=\"725\" data-end=\"766\">\n<p data-start=\"727\" data-end=\"766\">Uso: Terapia inalat\u00f3ria \/ Nebuliza\u00e7\u00e3o<\/p>\n<\/li>\n<li data-start=\"767\" data-end=\"820\">\n<p data-start=\"769\" data-end=\"820\">Aplica\u00e7\u00e3o: Hospitalar, ambulatorial ou domiciliar<\/p>\n<\/li>\n<li data-start=\"821\" data-end=\"837\">\n<p data-start=\"823\" data-end=\"837\">Marca: Haoxi<\/p>\n<\/li>\n<\/ul>\n","protected":false},"excerpt":{"rendered":"Descri\u00e7\u00e3o:O Micronebulizador 15 mL Adulto com Conector OX \u2013 Haoxi \u00e9 indicado para administra\u00e7\u00e3o de medicamentos por inala\u00e7\u00e3o&hellip;","protected":false},"featured_media":8575,"comment_status":"open","ping_status":"closed","template":"","meta":{"slim_seo":{"title":"Micronebulizador 15 mL Adulto com Conector OX \u2013 Haoxi - Hospitalaria RS","description":"Descri\u00e7\u00e3o: O Micronebulizador 15 mL Adulto com Conector OX \u2013 Haoxi \u00e9 indicado para administra\u00e7\u00e3o de medicamentos por inala\u00e7\u00e3o em pacientes adultos. Com design a"}},"product_brand":[1065],"product_cat":[38],"product_tag":[1071,1488,1494,1492,1490,1487,1491,1493,1489,1075],"class_list":{"0":"post-8574","1":"product","2":"type-product","3":"status-publish","4":"has-post-thumbnail","6":"product_brand-haoxi","7":"product_cat-oxigenoterapia","8":"product_tag-equipamento-hospitalar","9":"product_tag-inalacao-adulto","10":"product_tag-inalador-adulto","11":"product_tag-inalador-com-conector-ox","12":"product_tag-mascara-nebulizacao","13":"product_tag-micronebulizador-adulto","14":"product_tag-micronebulizador-haoxi","15":"product_tag-nebulizacao-hospitalar","16":"product_tag-nebulizador-15ml","17":"product_tag-terapia-respiratoria","18":"mbf-entry","20":"first","21":"outofstock","22":"shipping-taxable","23":"purchasable","24":"product-type-simple"},"_links":{"self":[{"href":"https:\/\/hospitalariars.com.br\/index.php\/wp-json\/wp\/v2\/product\/8574","targetHints":{"allow":["GET"]}}],"collection":[{"href":"https:\/\/hospitalariars.com.br\/index.php\/wp-json\/wp\/v2\/product"}],"about":[{"href":"https:\/\/hospitalariars.com.br\/index.php\/wp-json\/wp\/v2\/types\/product"}],"replies":[{"embeddable":true,"href":"https:\/\/hospitalariars.com.br\/index.php\/wp-json\/wp\/v2\/comments?post=8574"}],"wp:featuredmedia":[{"embeddable":true,"href":"https:\/\/hospitalariars.com.br\/index.php\/wp-json\/wp\/v2\/media\/8575"}],"wp:attachment":[{"href":"https:\/\/hospitalariars.com.br\/index.php\/wp-json\/wp\/v2\/media?parent=8574"}],"wp:term":[{"taxonomy":"product_brand","embeddable":true,"href":"https:\/\/hospitalariars.com.br\/index.php\/wp-json\/wp\/v2\/product_brand?post=8574"},{"taxonomy":"product_cat","embeddable":true,"href":"https:\/\/hospitalariars.com.br\/index.php\/wp-json\/wp\/v2\/product_cat?post=8574"},{"taxonomy":"product_tag","embeddable":true,"href":"https:\/\/hospitalariars.com.br\/index.php\/wp-json\/wp\/v2\/product_tag?post=8574"}],"curies":[{"name":"wp","href":"https:\/\/api.w.org\/{rel}","templated":true}]}}