{"id":8576,"date":"2025-07-09T11:21:51","date_gmt":"2025-07-09T14:21:51","guid":{"rendered":"https:\/\/hospitalariars.com.br\/?post_type=product&#038;p=8576"},"modified":"2026-03-27T16:03:27","modified_gmt":"2026-03-27T19:03:27","slug":"micronebulizador-15-ml-infantil-com-conector-ox-haoxi","status":"publish","type":"product","link":"https:\/\/hospitalariars.com.br\/index.php\/produto\/micronebulizador-15-ml-infantil-com-conector-ox-haoxi\/","title":{"rendered":"Micronebulizador 15 mL Infantil com Conector OX \u2013 Haoxi"},"content":{"rendered":"<p data-start=\"156\" data-end=\"537\"><strong data-start=\"156\" data-end=\"170\">Descri\u00e7\u00e3o:<\/strong><br data-start=\"170\" data-end=\"173\" \/>O Micronebulizador 15 mL Infantil com Conector OX \u2013 Haoxi \u00e9 indicado para administra\u00e7\u00e3o de medicamentos por via inalat\u00f3ria em crian\u00e7as. Possui m\u00e1scara anat\u00f4mica infantil em PVC at\u00f3xico, copo nebulizador com capacidade de 15 mL e tubo com conector padr\u00e3o OX. Proporciona uma n\u00e9voa fina e eficiente, garantindo maior absor\u00e7\u00e3o do medicamento pelas vias respirat\u00f3rias.<\/p>\n<p data-start=\"539\" data-end=\"569\"><strong data-start=\"539\" data-end=\"567\">Especifica\u00e7\u00f5es T\u00e9cnicas:<\/strong><\/p>\n<ul data-start=\"570\" data-end=\"838\">\n<li data-start=\"570\" data-end=\"599\">\n<p data-start=\"572\" data-end=\"599\">Capacidade do copo: 15 mL<\/p>\n<\/li>\n<li data-start=\"600\" data-end=\"621\">\n<p data-start=\"602\" data-end=\"621\">P\u00fablico: Infantil<\/p>\n<\/li>\n<li data-start=\"622\" data-end=\"657\">\n<p data-start=\"624\" data-end=\"657\">Conector: Padr\u00e3o OX (universal)<\/p>\n<\/li>\n<li data-start=\"658\" data-end=\"712\">\n<p data-start=\"660\" data-end=\"712\">Material: M\u00e1scara em PVC, copo e traqueia flex\u00edvel<\/p>\n<\/li>\n<li data-start=\"713\" data-end=\"767\">\n<p data-start=\"715\" data-end=\"767\">Uso: Terapia respirat\u00f3ria \/ Nebuliza\u00e7\u00e3o pedi\u00e1trica<\/p>\n<\/li>\n<li data-start=\"768\" data-end=\"821\">\n<p data-start=\"770\" data-end=\"821\">Aplica\u00e7\u00e3o: Hospitalar, domiciliar ou ambulatorial<\/p>\n<\/li>\n<li data-start=\"822\" data-end=\"838\">\n<p data-start=\"824\" data-end=\"838\">Marca: Haoxi<\/p>\n<\/li>\n<\/ul>\n","protected":false},"excerpt":{"rendered":"Descri\u00e7\u00e3o:O Micronebulizador 15 mL Infantil com Conector OX \u2013 Haoxi \u00e9 indicado para administra\u00e7\u00e3o de medicamentos por via&hellip;","protected":false},"featured_media":8575,"comment_status":"open","ping_status":"closed","template":"","meta":{"slim_seo":{"title":"Micronebulizador 15 mL Infantil com Conector OX \u2013 Haoxi - Hospitalaria RS","description":"Descri\u00e7\u00e3o: O Micronebulizador 15 mL Infantil com Conector OX \u2013 Haoxi \u00e9 indicado para administra\u00e7\u00e3o de medicamentos por via inalat\u00f3ria em crian\u00e7as. Possui m\u00e1scar"}},"product_brand":[1065],"product_cat":[38],"product_tag":[1499,1496,1498,1500,1497,1491,1495,1501,1489,1075],"class_list":{"0":"post-8576","1":"product","2":"type-product","3":"status-publish","4":"has-post-thumbnail","6":"product_brand-haoxi","7":"product_cat-oxigenoterapia","8":"product_tag-equipamento-hospitalar-infantil","9":"product_tag-inalacao-pediatrica","10":"product_tag-inalador-ox","11":"product_tag-inalador-pediatrico","12":"product_tag-mascara-infantil-nebulizacao","13":"product_tag-micronebulizador-haoxi","14":"product_tag-micronebulizador-infantil","15":"product_tag-nebulizacao-infantil","16":"product_tag-nebulizador-15ml","17":"product_tag-terapia-respiratoria","18":"mbf-entry","20":"first","21":"outofstock","22":"shipping-taxable","23":"purchasable","24":"product-type-simple"},"_links":{"self":[{"href":"https:\/\/hospitalariars.com.br\/index.php\/wp-json\/wp\/v2\/product\/8576","targetHints":{"allow":["GET"]}}],"collection":[{"href":"https:\/\/hospitalariars.com.br\/index.php\/wp-json\/wp\/v2\/product"}],"about":[{"href":"https:\/\/hospitalariars.com.br\/index.php\/wp-json\/wp\/v2\/types\/product"}],"replies":[{"embeddable":true,"href":"https:\/\/hospitalariars.com.br\/index.php\/wp-json\/wp\/v2\/comments?post=8576"}],"wp:featuredmedia":[{"embeddable":true,"href":"https:\/\/hospitalariars.com.br\/index.php\/wp-json\/wp\/v2\/media\/8575"}],"wp:attachment":[{"href":"https:\/\/hospitalariars.com.br\/index.php\/wp-json\/wp\/v2\/media?parent=8576"}],"wp:term":[{"taxonomy":"product_brand","embeddable":true,"href":"https:\/\/hospitalariars.com.br\/index.php\/wp-json\/wp\/v2\/product_brand?post=8576"},{"taxonomy":"product_cat","embeddable":true,"href":"https:\/\/hospitalariars.com.br\/index.php\/wp-json\/wp\/v2\/product_cat?post=8576"},{"taxonomy":"product_tag","embeddable":true,"href":"https:\/\/hospitalariars.com.br\/index.php\/wp-json\/wp\/v2\/product_tag?post=8576"}],"curies":[{"name":"wp","href":"https:\/\/api.w.org\/{rel}","templated":true}]}}