{"id":8577,"date":"2025-07-09T11:27:03","date_gmt":"2025-07-09T14:27:03","guid":{"rendered":"https:\/\/hospitalariars.com.br\/?post_type=product&#038;p=8577"},"modified":"2026-03-27T16:03:27","modified_gmt":"2026-03-27T19:03:27","slug":"micronebulizador-15-ml-adulto-para-ar-comprimido-haoxi","status":"publish","type":"product","link":"https:\/\/hospitalariars.com.br\/index.php\/produto\/micronebulizador-15-ml-adulto-para-ar-comprimido-haoxi\/","title":{"rendered":"Micronebulizador 15 mL Adulto para Ar Comprimido \u2013 Haoxi"},"content":{"rendered":"<p data-start=\"166\" data-end=\"552\"><strong data-start=\"166\" data-end=\"180\">Descri\u00e7\u00e3o:<\/strong><br data-start=\"180\" data-end=\"183\" \/>O Micronebulizador 15 mL Adulto para Ar Comprimido \u2013 Haoxi \u00e9 indicado para administra\u00e7\u00e3o de medicamentos por via inalat\u00f3ria em pacientes adultos. Compat\u00edvel com sistemas de ar comprimido, proporciona excelente dispers\u00e3o da medica\u00e7\u00e3o em forma de n\u00e9voa fina, otimizando a absor\u00e7\u00e3o pulmonar. Acompanha m\u00e1scara anat\u00f4mica adulta, copo nebulizador de 15 mL e tubo de conex\u00e3o.<\/p>\n<p data-start=\"554\" data-end=\"584\"><strong data-start=\"554\" data-end=\"582\">Especifica\u00e7\u00f5es T\u00e9cnicas:<\/strong><\/p>\n<ul data-start=\"585\" data-end=\"880\">\n<li data-start=\"585\" data-end=\"614\">\n<p data-start=\"587\" data-end=\"614\">Capacidade do copo: 15 mL<\/p>\n<\/li>\n<li data-start=\"615\" data-end=\"634\">\n<p data-start=\"617\" data-end=\"634\">P\u00fablico: Adulto<\/p>\n<\/li>\n<li data-start=\"635\" data-end=\"677\">\n<p data-start=\"637\" data-end=\"677\">Conex\u00e3o: Para sistema de ar comprimido<\/p>\n<\/li>\n<li data-start=\"678\" data-end=\"765\">\n<p data-start=\"680\" data-end=\"765\">Material: M\u00e1scara em PVC at\u00f3xico, traqueia flex\u00edvel e copo em material transparente<\/p>\n<\/li>\n<li data-start=\"766\" data-end=\"809\">\n<p data-start=\"768\" data-end=\"809\">Uso: Nebuliza\u00e7\u00e3o \/ Terapia respirat\u00f3ria<\/p>\n<\/li>\n<li data-start=\"810\" data-end=\"863\">\n<p data-start=\"812\" data-end=\"863\">Aplica\u00e7\u00e3o: Hospitalar, ambulatorial ou domiciliar<\/p>\n<\/li>\n<li data-start=\"864\" data-end=\"880\">\n<p data-start=\"866\" data-end=\"880\">Marca: Haoxi<\/p>\n<\/li>\n<\/ul>\n","protected":false},"excerpt":{"rendered":"Descri\u00e7\u00e3o:O Micronebulizador 15 mL Adulto para Ar Comprimido \u2013 Haoxi \u00e9 indicado para administra\u00e7\u00e3o de medicamentos por via&hellip;","protected":false},"featured_media":8578,"comment_status":"open","ping_status":"closed","template":"","meta":{"slim_seo":{"title":"Micronebulizador 15 mL Adulto para Ar Comprimido \u2013 Haoxi - Hospitalaria RS","description":"Descri\u00e7\u00e3o: O Micronebulizador 15 mL Adulto para Ar Comprimido \u2013 Haoxi \u00e9 indicado para administra\u00e7\u00e3o de medicamentos por via inalat\u00f3ria em pacientes adultos. Com"}},"product_brand":[1065],"product_cat":[38],"product_tag":[1417,1488,1494,1502,1490,1487,1491,1289,1489,1075],"class_list":{"0":"post-8577","1":"product","2":"type-product","3":"status-publish","4":"has-post-thumbnail","6":"product_brand-haoxi","7":"product_cat-oxigenoterapia","8":"product_tag-ar-comprimido","9":"product_tag-inalacao-adulto","10":"product_tag-inalador-adulto","11":"product_tag-inalador-hospitalar","12":"product_tag-mascara-nebulizacao","13":"product_tag-micronebulizador-adulto","14":"product_tag-micronebulizador-haoxi","15":"product_tag-nebulizacao-ar-comprimido","16":"product_tag-nebulizador-15ml","17":"product_tag-terapia-respiratoria","18":"mbf-entry","20":"first","21":"outofstock","22":"shipping-taxable","23":"purchasable","24":"product-type-simple"},"_links":{"self":[{"href":"https:\/\/hospitalariars.com.br\/index.php\/wp-json\/wp\/v2\/product\/8577","targetHints":{"allow":["GET"]}}],"collection":[{"href":"https:\/\/hospitalariars.com.br\/index.php\/wp-json\/wp\/v2\/product"}],"about":[{"href":"https:\/\/hospitalariars.com.br\/index.php\/wp-json\/wp\/v2\/types\/product"}],"replies":[{"embeddable":true,"href":"https:\/\/hospitalariars.com.br\/index.php\/wp-json\/wp\/v2\/comments?post=8577"}],"wp:featuredmedia":[{"embeddable":true,"href":"https:\/\/hospitalariars.com.br\/index.php\/wp-json\/wp\/v2\/media\/8578"}],"wp:attachment":[{"href":"https:\/\/hospitalariars.com.br\/index.php\/wp-json\/wp\/v2\/media?parent=8577"}],"wp:term":[{"taxonomy":"product_brand","embeddable":true,"href":"https:\/\/hospitalariars.com.br\/index.php\/wp-json\/wp\/v2\/product_brand?post=8577"},{"taxonomy":"product_cat","embeddable":true,"href":"https:\/\/hospitalariars.com.br\/index.php\/wp-json\/wp\/v2\/product_cat?post=8577"},{"taxonomy":"product_tag","embeddable":true,"href":"https:\/\/hospitalariars.com.br\/index.php\/wp-json\/wp\/v2\/product_tag?post=8577"}],"curies":[{"name":"wp","href":"https:\/\/api.w.org\/{rel}","templated":true}]}}