{"id":8581,"date":"2025-07-09T13:32:16","date_gmt":"2025-07-09T16:32:16","guid":{"rendered":"https:\/\/hospitalariars.com.br\/?post_type=product&#038;p=8581"},"modified":"2026-03-27T16:03:27","modified_gmt":"2026-03-27T19:03:27","slug":"canula-de-guedel-n-000-40-mm-haoxi","status":"publish","type":"product","link":"https:\/\/hospitalariars.com.br\/index.php\/produto\/canula-de-guedel-n-000-40-mm-haoxi\/","title":{"rendered":"C\u00e2nula de Guedel N\u00b0 000 \u2013 40 mm \u2013 Haoxi"},"content":{"rendered":"<p data-start=\"142\" data-end=\"481\"><strong data-start=\"142\" data-end=\"156\">Descri\u00e7\u00e3o:<\/strong><br data-start=\"156\" data-end=\"159\" \/>A C\u00e2nula de Guedel N\u00b0 000 \u2013 40 mm \u2013 Haoxi \u00e9 indicada para a manuten\u00e7\u00e3o das vias a\u00e9reas em pacientes neonatais, prevenindo obstru\u00e7\u00f5es causadas pela queda da l\u00edngua. Fabricada em material at\u00f3xico, possui estrutura anat\u00f4mica, leve e resistente, ideal para uso em procedimentos de emerg\u00eancia, anestesia e suporte ventilat\u00f3rio.<\/p>\n<p data-start=\"483\" data-end=\"513\"><strong data-start=\"483\" data-end=\"511\">Especifica\u00e7\u00f5es T\u00e9cnicas:<\/strong><\/p>\n<ul data-start=\"514\" data-end=\"788\">\n<li data-start=\"514\" data-end=\"533\">\n<p data-start=\"516\" data-end=\"533\">Tamanho: N\u00b0 000<\/p>\n<\/li>\n<li data-start=\"534\" data-end=\"556\">\n<p data-start=\"536\" data-end=\"556\">5,48Comprimento: 40 mm<\/p>\n<\/li>\n<li data-start=\"557\" data-end=\"580\">\n<p data-start=\"559\" data-end=\"580\">Indica\u00e7\u00e3o: Neonatal<\/p>\n<\/li>\n<li data-start=\"581\" data-end=\"624\">\n<p data-start=\"583\" data-end=\"624\">Material: Pol\u00edmero at\u00f3xico e resistente<\/p>\n<\/li>\n<li data-start=\"625\" data-end=\"656\">\n<p data-start=\"627\" data-end=\"656\">Cor: Codificada por tamanho<\/p>\n<\/li>\n<li data-start=\"657\" data-end=\"729\">\n<p data-start=\"659\" data-end=\"729\">Uso: Descart\u00e1vel ou reutiliz\u00e1vel (verificar protocolo institucional)<\/p>\n<\/li>\n<li data-start=\"730\" data-end=\"771\">\n<p data-start=\"732\" data-end=\"771\">Aplica\u00e7\u00e3o: Manuten\u00e7\u00e3o das vias a\u00e9reas<\/p>\n<\/li>\n<li data-start=\"772\" data-end=\"788\">\n<p data-start=\"774\" data-end=\"788\">Marca: Haoxi<\/p>\n<\/li>\n<\/ul>\n","protected":false},"excerpt":{"rendered":"Descri\u00e7\u00e3o:A C\u00e2nula de Guedel N\u00b0 000 \u2013 40 mm \u2013 Haoxi \u00e9 indicada para a manuten\u00e7\u00e3o das vias&hellip;","protected":false},"featured_media":8582,"comment_status":"open","ping_status":"closed","template":"","meta":{"slim_seo":{"title":"C\u00e2nula de Guedel N\u00b0 000 \u2013 40 mm \u2013 Haoxi - Hospitalaria RS","description":"Descri\u00e7\u00e3o: A C\u00e2nula de Guedel N\u00b0 000 \u2013 40 mm \u2013 Haoxi \u00e9 indicada para a manuten\u00e7\u00e3o das vias a\u00e9reas em pacientes neonatais, prevenindo obstru\u00e7\u00f5es causadas pela qu"}},"product_brand":[1065],"product_cat":[38],"product_tag":[1140,1505,1510,1504,1508,1509,1071,1507,1243,1506],"class_list":{"0":"post-8581","1":"product","2":"type-product","3":"status-publish","4":"has-post-thumbnail","6":"product_brand-haoxi","7":"product_cat-oxigenoterapia","8":"product_tag-anestesia-pediatrica","9":"product_tag-canula-40mm","10":"product_tag-canula-de-guedel","11":"product_tag-canula-guedel-000","12":"product_tag-canula-haoxi","13":"product_tag-emergencia-neonatal","14":"product_tag-equipamento-hospitalar","15":"product_tag-guedel-neonatal","16":"product_tag-suporte-respiratorio","17":"product_tag-via-aerea-neonatal","18":"mbf-entry","20":"first","21":"outofstock","22":"shipping-taxable","23":"purchasable","24":"product-type-simple"},"_links":{"self":[{"href":"https:\/\/hospitalariars.com.br\/index.php\/wp-json\/wp\/v2\/product\/8581","targetHints":{"allow":["GET"]}}],"collection":[{"href":"https:\/\/hospitalariars.com.br\/index.php\/wp-json\/wp\/v2\/product"}],"about":[{"href":"https:\/\/hospitalariars.com.br\/index.php\/wp-json\/wp\/v2\/types\/product"}],"replies":[{"embeddable":true,"href":"https:\/\/hospitalariars.com.br\/index.php\/wp-json\/wp\/v2\/comments?post=8581"}],"wp:featuredmedia":[{"embeddable":true,"href":"https:\/\/hospitalariars.com.br\/index.php\/wp-json\/wp\/v2\/media\/8582"}],"wp:attachment":[{"href":"https:\/\/hospitalariars.com.br\/index.php\/wp-json\/wp\/v2\/media?parent=8581"}],"wp:term":[{"taxonomy":"product_brand","embeddable":true,"href":"https:\/\/hospitalariars.com.br\/index.php\/wp-json\/wp\/v2\/product_brand?post=8581"},{"taxonomy":"product_cat","embeddable":true,"href":"https:\/\/hospitalariars.com.br\/index.php\/wp-json\/wp\/v2\/product_cat?post=8581"},{"taxonomy":"product_tag","embeddable":true,"href":"https:\/\/hospitalariars.com.br\/index.php\/wp-json\/wp\/v2\/product_tag?post=8581"}],"curies":[{"name":"wp","href":"https:\/\/api.w.org\/{rel}","templated":true}]}}