{"id":8587,"date":"2025-07-09T13:42:54","date_gmt":"2025-07-09T16:42:54","guid":{"rendered":"https:\/\/hospitalariars.com.br\/?post_type=product&#038;p=8587"},"modified":"2026-03-27T16:03:27","modified_gmt":"2026-03-27T19:03:27","slug":"canula-de-guedel-n-1-70-mm-haoxi","status":"publish","type":"product","link":"https:\/\/hospitalariars.com.br\/index.php\/produto\/canula-de-guedel-n-1-70-mm-haoxi\/","title":{"rendered":"C\u00e2nula de Guedel N\u00b0 1 \u2013 70 mm \u2013 Haoxi"},"content":{"rendered":"<p data-start=\"137\" data-end=\"513\"><strong data-start=\"137\" data-end=\"151\">Descri\u00e7\u00e3o:<\/strong><br data-start=\"151\" data-end=\"154\" \/>A C\u00e2nula de Guedel N\u00b0 1 \u2013 70 mm \u2013 Haoxi \u00e9 utilizada para manter as vias a\u00e9reas p\u00e9rvias em pacientes pedi\u00e1tricos maiores ou adolescentes. Indicada em situa\u00e7\u00f5es de emerg\u00eancia, anestesia ou ventila\u00e7\u00e3o assistida, evita a obstru\u00e7\u00e3o da orofaringe causada pela queda da l\u00edngua. Possui corpo r\u00edgido, bordas arredondadas e codifica\u00e7\u00e3o por cor para f\u00e1cil identifica\u00e7\u00e3o.<\/p>\n<p data-start=\"515\" data-end=\"545\"><strong data-start=\"515\" data-end=\"543\">Especifica\u00e7\u00f5es T\u00e9cnicas:<\/strong><\/p>\n<ul data-start=\"546\" data-end=\"840\">\n<li data-start=\"546\" data-end=\"563\">\n<p data-start=\"548\" data-end=\"563\">Tamanho: N\u00b0 1<\/p>\n<\/li>\n<li data-start=\"564\" data-end=\"586\">\n<p data-start=\"566\" data-end=\"586\">5,48Comprimento: 70 mm<\/p>\n<\/li>\n<li data-start=\"587\" data-end=\"632\">\n<p data-start=\"589\" data-end=\"632\">Indica\u00e7\u00e3o: Pedi\u00e1trico maior \/ Adolescente<\/p>\n<\/li>\n<li data-start=\"633\" data-end=\"676\">\n<p data-start=\"635\" data-end=\"676\">Material: Pol\u00edmero at\u00f3xico e resistente<\/p>\n<\/li>\n<li data-start=\"677\" data-end=\"708\">\n<p data-start=\"679\" data-end=\"708\">Cor: Codificada por tamanho<\/p>\n<\/li>\n<li data-start=\"709\" data-end=\"781\">\n<p data-start=\"711\" data-end=\"781\">Uso: Descart\u00e1vel ou reutiliz\u00e1vel (conforme orienta\u00e7\u00e3o institucional)<\/p>\n<\/li>\n<li data-start=\"782\" data-end=\"823\">\n<p data-start=\"784\" data-end=\"823\">Aplica\u00e7\u00e3o: Manuten\u00e7\u00e3o das vias a\u00e9reas<\/p>\n<\/li>\n<li data-start=\"824\" data-end=\"840\">\n<p data-start=\"826\" data-end=\"840\">Marca: Haoxi<\/p>\n<\/li>\n<\/ul>\n","protected":false},"excerpt":{"rendered":"Descri\u00e7\u00e3o:A C\u00e2nula de Guedel N\u00b0 1 \u2013 70 mm \u2013 Haoxi \u00e9 utilizada para manter as vias a\u00e9reas&hellip;","protected":false},"featured_media":8588,"comment_status":"open","ping_status":"closed","template":"","meta":{"slim_seo":{"title":"C\u00e2nula de Guedel N\u00b0 1 \u2013 70 mm \u2013 Haoxi - Hospitalaria RS","description":"Descri\u00e7\u00e3o: A C\u00e2nula de Guedel N\u00b0 1 \u2013 70 mm \u2013 Haoxi \u00e9 utilizada para manter as vias a\u00e9reas p\u00e9rvias em pacientes pedi\u00e1tricos maiores ou adolescentes. Indicada em"}},"product_brand":[1065],"product_cat":[38],"product_tag":[1140,1521,1510,1520,1508,1515,1071,1513,1243,1514],"class_list":{"0":"post-8587","1":"product","2":"type-product","3":"status-publish","4":"has-post-thumbnail","6":"product_brand-haoxi","7":"product_cat-oxigenoterapia","8":"product_tag-anestesia-pediatrica","9":"product_tag-canula-70mm","10":"product_tag-canula-de-guedel","11":"product_tag-canula-guedel-1","12":"product_tag-canula-haoxi","13":"product_tag-emergencia-pediatrica","14":"product_tag-equipamento-hospitalar","15":"product_tag-guedel-pediatrica","16":"product_tag-suporte-respiratorio","17":"product_tag-via-aerea-infantil","18":"mbf-entry","20":"first","21":"outofstock","22":"shipping-taxable","23":"purchasable","24":"product-type-simple"},"_links":{"self":[{"href":"https:\/\/hospitalariars.com.br\/index.php\/wp-json\/wp\/v2\/product\/8587","targetHints":{"allow":["GET"]}}],"collection":[{"href":"https:\/\/hospitalariars.com.br\/index.php\/wp-json\/wp\/v2\/product"}],"about":[{"href":"https:\/\/hospitalariars.com.br\/index.php\/wp-json\/wp\/v2\/types\/product"}],"replies":[{"embeddable":true,"href":"https:\/\/hospitalariars.com.br\/index.php\/wp-json\/wp\/v2\/comments?post=8587"}],"wp:featuredmedia":[{"embeddable":true,"href":"https:\/\/hospitalariars.com.br\/index.php\/wp-json\/wp\/v2\/media\/8588"}],"wp:attachment":[{"href":"https:\/\/hospitalariars.com.br\/index.php\/wp-json\/wp\/v2\/media?parent=8587"}],"wp:term":[{"taxonomy":"product_brand","embeddable":true,"href":"https:\/\/hospitalariars.com.br\/index.php\/wp-json\/wp\/v2\/product_brand?post=8587"},{"taxonomy":"product_cat","embeddable":true,"href":"https:\/\/hospitalariars.com.br\/index.php\/wp-json\/wp\/v2\/product_cat?post=8587"},{"taxonomy":"product_tag","embeddable":true,"href":"https:\/\/hospitalariars.com.br\/index.php\/wp-json\/wp\/v2\/product_tag?post=8587"}],"curies":[{"name":"wp","href":"https:\/\/api.w.org\/{rel}","templated":true}]}}