{"id":8598,"date":"2025-07-09T13:57:06","date_gmt":"2025-07-09T16:57:06","guid":{"rendered":"https:\/\/hospitalariars.com.br\/?post_type=product&#038;p=8598"},"modified":"2026-03-27T16:03:26","modified_gmt":"2026-03-27T19:03:26","slug":"fio-guia-mandril-para-intubacao-endotraqueal-sem-botao-de-regulagem-adulto-haoxi","status":"publish","type":"product","link":"https:\/\/hospitalariars.com.br\/index.php\/produto\/fio-guia-mandril-para-intubacao-endotraqueal-sem-botao-de-regulagem-adulto-haoxi\/","title":{"rendered":"Fio Guia Mandril para Intuba\u00e7\u00e3o Endotraqueal sem Bot\u00e3o de Regulagem \u2013 Adulto \u2013 Haoxi"},"content":{"rendered":"<p data-start=\"191\" data-end=\"605\"><strong data-start=\"191\" data-end=\"205\">Descri\u00e7\u00e3o:<\/strong><br data-start=\"205\" data-end=\"208\" \/>O Fio Guia Mandril para Intuba\u00e7\u00e3o Endotraqueal sem Bot\u00e3o de Regulagem \u2013 Adulto \u2013 Haoxi \u00e9 utilizado para auxiliar na introdu\u00e7\u00e3o de tubos endotraqueais em procedimentos de intuba\u00e7\u00e3o dif\u00edceis. Seu corpo male\u00e1vel permite conforma\u00e7\u00e3o adequada \u00e0 anatomia do paciente, garantindo maior seguran\u00e7a e controle durante o procedimento. Indicado para uso adulto, \u00e9 fabricado com material resistente e flex\u00edvel.<\/p>\n<p data-start=\"607\" data-end=\"637\"><strong data-start=\"607\" data-end=\"635\">Especifica\u00e7\u00f5es T\u00e9cnicas:<\/strong><\/p>\n<ul data-start=\"638\" data-end=\"896\">\n<li data-start=\"638\" data-end=\"659\">\n<p data-start=\"640\" data-end=\"659\">Indica\u00e7\u00e3o: Adulto<\/p>\n<\/li>\n<li data-start=\"660\" data-end=\"697\">\n<p data-start=\"662\" data-end=\"697\">Aplica\u00e7\u00e3o: Intuba\u00e7\u00e3o endotraqueal<\/p>\n<\/li>\n<li data-start=\"698\" data-end=\"732\">\n<p data-start=\"700\" data-end=\"732\">Modelo: Sem bot\u00e3o de regulagem<\/p>\n<\/li>\n<li data-start=\"733\" data-end=\"768\">\n<p data-start=\"735\" data-end=\"768\">Fun\u00e7\u00e3o: Guia para tubo traqueal<\/p>\n<\/li>\n<li data-start=\"769\" data-end=\"821\">\n<p data-start=\"771\" data-end=\"821\">Material: Estrutura male\u00e1vel e revestimento liso<\/p>\n<\/li>\n<li data-start=\"822\" data-end=\"879\">\n<p data-start=\"824\" data-end=\"879\">Uso: M\u00e9dico-hospitalar, emerg\u00eancias, centro cir\u00fargico<\/p>\n<\/li>\n<li data-start=\"880\" data-end=\"896\">\n<p data-start=\"882\" data-end=\"896\">Marca: Haoxi<\/p>\n<\/li>\n<\/ul>\n","protected":false},"excerpt":{"rendered":"Descri\u00e7\u00e3o:O Fio Guia Mandril para Intuba\u00e7\u00e3o Endotraqueal sem Bot\u00e3o de Regulagem \u2013 Adulto \u2013 Haoxi \u00e9 utilizado para&hellip;","protected":false},"featured_media":8599,"comment_status":"open","ping_status":"closed","template":"","meta":{"slim_seo":{"title":"Fio Guia Mandril para Intuba\u00e7\u00e3o Endotraqueal sem Bot\u00e3o de Regulagem \u2013 Adulto \u2013 Haoxi - Hospitalaria RS","description":"Descri\u00e7\u00e3o: O Fio Guia Mandril para Intuba\u00e7\u00e3o Endotraqueal sem Bot\u00e3o de Regulagem \u2013 Adulto \u2013 Haoxi \u00e9 utilizado para auxiliar na introdu\u00e7\u00e3o de tubos endotraqueais"}},"product_brand":[1065],"product_cat":[38],"product_tag":[1542,1526,1539,1537,1544,1540,1431,1543,1541,1538],"class_list":{"0":"post-8598","1":"product","2":"type-product","3":"status-publish","4":"has-post-thumbnail","6":"product_brand-haoxi","7":"product_cat-oxigenoterapia","8":"product_tag-acessorio-anestesia","9":"product_tag-emergencia-hospitalar","10":"product_tag-fio-guia-haoxi","11":"product_tag-fio-guia-intubacao","12":"product_tag-fio-guia-sem-regulagem","13":"product_tag-guia-tubo-traqueal","14":"product_tag-intubacao-adulto","15":"product_tag-intubacao-dificil","16":"product_tag-mandril-flexivel","17":"product_tag-mandril-para-intubacao","18":"mbf-entry","20":"first","21":"outofstock","22":"shipping-taxable","23":"purchasable","24":"product-type-simple"},"_links":{"self":[{"href":"https:\/\/hospitalariars.com.br\/index.php\/wp-json\/wp\/v2\/product\/8598","targetHints":{"allow":["GET"]}}],"collection":[{"href":"https:\/\/hospitalariars.com.br\/index.php\/wp-json\/wp\/v2\/product"}],"about":[{"href":"https:\/\/hospitalariars.com.br\/index.php\/wp-json\/wp\/v2\/types\/product"}],"replies":[{"embeddable":true,"href":"https:\/\/hospitalariars.com.br\/index.php\/wp-json\/wp\/v2\/comments?post=8598"}],"wp:featuredmedia":[{"embeddable":true,"href":"https:\/\/hospitalariars.com.br\/index.php\/wp-json\/wp\/v2\/media\/8599"}],"wp:attachment":[{"href":"https:\/\/hospitalariars.com.br\/index.php\/wp-json\/wp\/v2\/media?parent=8598"}],"wp:term":[{"taxonomy":"product_brand","embeddable":true,"href":"https:\/\/hospitalariars.com.br\/index.php\/wp-json\/wp\/v2\/product_brand?post=8598"},{"taxonomy":"product_cat","embeddable":true,"href":"https:\/\/hospitalariars.com.br\/index.php\/wp-json\/wp\/v2\/product_cat?post=8598"},{"taxonomy":"product_tag","embeddable":true,"href":"https:\/\/hospitalariars.com.br\/index.php\/wp-json\/wp\/v2\/product_tag?post=8598"}],"curies":[{"name":"wp","href":"https:\/\/api.w.org\/{rel}","templated":true}]}}