{"id":8602,"date":"2025-07-09T14:11:29","date_gmt":"2025-07-09T17:11:29","guid":{"rendered":"https:\/\/hospitalariars.com.br\/?post_type=product&#038;p=8602"},"modified":"2026-03-27T16:03:26","modified_gmt":"2026-03-27T19:03:26","slug":"fio-guia-mandril-para-intubacao-endotraqueal-com-botao-de-regulagem-infantil-haoxi","status":"publish","type":"product","link":"https:\/\/hospitalariars.com.br\/index.php\/produto\/fio-guia-mandril-para-intubacao-endotraqueal-com-botao-de-regulagem-infantil-haoxi\/","title":{"rendered":"Fio Guia Mandril para Intuba\u00e7\u00e3o Endotraqueal com Bot\u00e3o de Regulagem \u2013 Infantil \u2013 Haoxi"},"content":{"rendered":"<p data-start=\"173\" data-end=\"580\"><strong data-start=\"173\" data-end=\"187\">Descri\u00e7\u00e3o:<\/strong><br data-start=\"187\" data-end=\"190\" \/>O Fio Guia Mandril para Intuba\u00e7\u00e3o Endotraqueal com Bot\u00e3o de Regulagem \u2013 Infantil \u2013 Haoxi \u00e9 indicado para facilitar a introdu\u00e7\u00e3o de tubos endotraqueais em pacientes pedi\u00e1tricos, permitindo ajustes precisos da curvatura do mandril durante o procedimento. Seu bot\u00e3o de regulagem oferece maior controle e seguran\u00e7a, minimizando riscos de trauma e facilitando a intuba\u00e7\u00e3o em situa\u00e7\u00f5es complexas.<\/p>\n<p data-start=\"582\" data-end=\"612\"><strong data-start=\"582\" data-end=\"610\">Especifica\u00e7\u00f5es T\u00e9cnicas:<\/strong><\/p>\n<ul data-start=\"613\" data-end=\"920\">\n<li data-start=\"613\" data-end=\"636\">\n<p data-start=\"615\" data-end=\"636\">Indica\u00e7\u00e3o: Infantil<\/p>\n<\/li>\n<li data-start=\"637\" data-end=\"685\">\n<p data-start=\"639\" data-end=\"685\">Aplica\u00e7\u00e3o: Intuba\u00e7\u00e3o endotraqueal pedi\u00e1trica<\/p>\n<\/li>\n<li data-start=\"686\" data-end=\"720\">\n<p data-start=\"688\" data-end=\"720\">Modelo: Com bot\u00e3o de regulagem<\/p>\n<\/li>\n<li data-start=\"721\" data-end=\"780\">\n<p data-start=\"723\" data-end=\"780\">Fun\u00e7\u00e3o: Guia para tubo traqueal com ajuste de curvatura<\/p>\n<\/li>\n<li data-start=\"781\" data-end=\"833\">\n<p data-start=\"783\" data-end=\"833\">Material: Estrutura flex\u00edvel e revestimento liso<\/p>\n<\/li>\n<li data-start=\"834\" data-end=\"903\">\n<p data-start=\"836\" data-end=\"903\">Uso: M\u00e9dico-hospitalar, emerg\u00eancias e centro cir\u00fargico pedi\u00e1trico<\/p>\n<\/li>\n<li data-start=\"904\" data-end=\"920\">\n<p data-start=\"906\" data-end=\"920\">Marca: Haoxi<\/p>\n<\/li>\n<\/ul>\n","protected":false},"excerpt":{"rendered":"Descri\u00e7\u00e3o:O Fio Guia Mandril para Intuba\u00e7\u00e3o Endotraqueal com Bot\u00e3o de Regulagem \u2013 Infantil \u2013 Haoxi \u00e9 indicado para&hellip;","protected":false},"featured_media":8603,"comment_status":"open","ping_status":"closed","template":"","meta":{"slim_seo":{"title":"Fio Guia Mandril para Intuba\u00e7\u00e3o Endotraqueal com Bot\u00e3o de Regulagem \u2013 Infantil \u2013 Haoxi - Hospitalaria RS","description":"Descri\u00e7\u00e3o: O Fio Guia Mandril para Intuba\u00e7\u00e3o Endotraqueal com Bot\u00e3o de Regulagem \u2013 Infantil \u2013 Haoxi \u00e9 indicado para facilitar a introdu\u00e7\u00e3o de tubos endotraqueai"}},"product_brand":[1065],"product_cat":[38],"product_tag":[1552,1189,1526,1539,1545,1537,1540,1440,1550,1551],"class_list":{"0":"post-8602","1":"product","2":"type-product","3":"status-publish","4":"has-post-thumbnail","6":"product_brand-haoxi","7":"product_cat-oxigenoterapia","8":"product_tag-acessorio-intubacao","9":"product_tag-anestesia-infantil","10":"product_tag-emergencia-hospitalar","11":"product_tag-fio-guia-haoxi","12":"product_tag-fio-guia-infantil","13":"product_tag-fio-guia-intubacao","14":"product_tag-guia-tubo-traqueal","15":"product_tag-intubacao-pediatrica","16":"product_tag-mandril-com-botao","17":"product_tag-mandril-regulavel","18":"mbf-entry","20":"first","21":"outofstock","22":"shipping-taxable","23":"purchasable","24":"product-type-simple"},"_links":{"self":[{"href":"https:\/\/hospitalariars.com.br\/index.php\/wp-json\/wp\/v2\/product\/8602","targetHints":{"allow":["GET"]}}],"collection":[{"href":"https:\/\/hospitalariars.com.br\/index.php\/wp-json\/wp\/v2\/product"}],"about":[{"href":"https:\/\/hospitalariars.com.br\/index.php\/wp-json\/wp\/v2\/types\/product"}],"replies":[{"embeddable":true,"href":"https:\/\/hospitalariars.com.br\/index.php\/wp-json\/wp\/v2\/comments?post=8602"}],"wp:featuredmedia":[{"embeddable":true,"href":"https:\/\/hospitalariars.com.br\/index.php\/wp-json\/wp\/v2\/media\/8603"}],"wp:attachment":[{"href":"https:\/\/hospitalariars.com.br\/index.php\/wp-json\/wp\/v2\/media?parent=8602"}],"wp:term":[{"taxonomy":"product_brand","embeddable":true,"href":"https:\/\/hospitalariars.com.br\/index.php\/wp-json\/wp\/v2\/product_brand?post=8602"},{"taxonomy":"product_cat","embeddable":true,"href":"https:\/\/hospitalariars.com.br\/index.php\/wp-json\/wp\/v2\/product_cat?post=8602"},{"taxonomy":"product_tag","embeddable":true,"href":"https:\/\/hospitalariars.com.br\/index.php\/wp-json\/wp\/v2\/product_tag?post=8602"}],"curies":[{"name":"wp","href":"https:\/\/api.w.org\/{rel}","templated":true}]}}