{"id":8607,"date":"2025-07-09T14:19:05","date_gmt":"2025-07-09T17:19:05","guid":{"rendered":"https:\/\/hospitalariars.com.br\/?post_type=product&#038;p=8607"},"modified":"2026-03-27T16:03:26","modified_gmt":"2026-03-27T19:03:26","slug":"bracadeira-cardioclip-infantil-jogo-4-pecas-haoxi","status":"publish","type":"product","link":"https:\/\/hospitalariars.com.br\/index.php\/produto\/bracadeira-cardioclip-infantil-jogo-4-pecas-haoxi\/","title":{"rendered":"Bra\u00e7adeira Cardioclip Infantil Jogo 4 Pe\u00e7as \u2013 Haoxi"},"content":{"rendered":"<p data-start=\"158\" data-end=\"542\"><strong data-start=\"158\" data-end=\"172\">Descri\u00e7\u00e3o:<\/strong><br data-start=\"172\" data-end=\"175\" \/>A Bra\u00e7adeira Cardioclip Infantil Jogo 4 Pe\u00e7as \u2013 Haoxi \u00e9 ideal para a medi\u00e7\u00e3o precisa da press\u00e3o arterial em crian\u00e7as. O conjunto cont\u00e9m quatro bra\u00e7adeiras de diferentes tamanhos, garantindo o ajuste correto para pacientes pedi\u00e1tricos de diversas idades. Fabricadas em material resistente e com fechamento pr\u00e1tico, facilitam o uso em ambientes cl\u00ednicos e hospitalares.<\/p>\n<p data-start=\"544\" data-end=\"574\"><strong data-start=\"544\" data-end=\"572\">Especifica\u00e7\u00f5es T\u00e9cnicas:<\/strong><\/p>\n<ul data-start=\"575\" data-end=\"833\">\n<li data-start=\"575\" data-end=\"626\">\n<p data-start=\"577\" data-end=\"626\">Tipo: Bra\u00e7adeira para press\u00e3o arterial infantil<\/p>\n<\/li>\n<li data-start=\"627\" data-end=\"678\">\n<p data-start=\"629\" data-end=\"678\">Conte\u00fado: Jogo com 4 pe\u00e7as de tamanhos variados<\/p>\n<\/li>\n<li data-start=\"679\" data-end=\"732\">\n<p data-start=\"681\" data-end=\"732\">Material: Nylon resistente com fechamento pr\u00e1tico<\/p>\n<\/li>\n<li data-start=\"733\" data-end=\"762\">\n<p data-start=\"735\" data-end=\"762\">Uso: Cl\u00ednico e hospitalar<\/p>\n<\/li>\n<li data-start=\"763\" data-end=\"816\">\n<p data-start=\"765\" data-end=\"816\">Aplica\u00e7\u00e3o: Medi\u00e7\u00e3o de press\u00e3o arterial pedi\u00e1trica<\/p>\n<\/li>\n<li data-start=\"817\" data-end=\"833\">\n<p data-start=\"819\" data-end=\"833\">Marca: Haoxi<\/p>\n<\/li>\n<\/ul>\n","protected":false},"excerpt":{"rendered":"Descri\u00e7\u00e3o:A Bra\u00e7adeira Cardioclip Infantil Jogo 4 Pe\u00e7as \u2013 Haoxi \u00e9 ideal para a medi\u00e7\u00e3o precisa da press\u00e3o arterial&hellip;","protected":false},"featured_media":8608,"comment_status":"open","ping_status":"closed","template":"","meta":{"slim_seo":{"title":"Bra\u00e7adeira Cardioclip Infantil Jogo 4 Pe\u00e7as \u2013 Haoxi - Hospitalaria RS","description":"Descri\u00e7\u00e3o: A Bra\u00e7adeira Cardioclip Infantil Jogo 4 Pe\u00e7as \u2013 Haoxi \u00e9 ideal para a medi\u00e7\u00e3o precisa da press\u00e3o arterial em crian\u00e7as. O conjunto cont\u00e9m quatro bra\u00e7ad"}},"product_brand":[1065],"product_cat":[38],"product_tag":[1569,1564,1560,1570,1565,1555,1568,1566,1561,1567],"class_list":{"0":"post-8607","1":"product","2":"type-product","3":"status-publish","4":"has-post-thumbnail","6":"product_brand-haoxi","7":"product_cat-oxigenoterapia","8":"product_tag-acessorios-medicos","9":"product_tag-bracadeira-cardioclip","10":"product_tag-bracadeira-haoxi","11":"product_tag-bracadeira-hospitalar","12":"product_tag-bracadeira-infantil","13":"product_tag-bracadeira-nylon","14":"product_tag-equipamento-pediatrico","15":"product_tag-jogo-4-pecas","16":"product_tag-medicao-pressao","17":"product_tag-pressao-arterial-infantil","18":"mbf-entry","20":"first","21":"outofstock","22":"shipping-taxable","23":"purchasable","24":"product-type-simple"},"_links":{"self":[{"href":"https:\/\/hospitalariars.com.br\/index.php\/wp-json\/wp\/v2\/product\/8607","targetHints":{"allow":["GET"]}}],"collection":[{"href":"https:\/\/hospitalariars.com.br\/index.php\/wp-json\/wp\/v2\/product"}],"about":[{"href":"https:\/\/hospitalariars.com.br\/index.php\/wp-json\/wp\/v2\/types\/product"}],"replies":[{"embeddable":true,"href":"https:\/\/hospitalariars.com.br\/index.php\/wp-json\/wp\/v2\/comments?post=8607"}],"wp:featuredmedia":[{"embeddable":true,"href":"https:\/\/hospitalariars.com.br\/index.php\/wp-json\/wp\/v2\/media\/8608"}],"wp:attachment":[{"href":"https:\/\/hospitalariars.com.br\/index.php\/wp-json\/wp\/v2\/media?parent=8607"}],"wp:term":[{"taxonomy":"product_brand","embeddable":true,"href":"https:\/\/hospitalariars.com.br\/index.php\/wp-json\/wp\/v2\/product_brand?post=8607"},{"taxonomy":"product_cat","embeddable":true,"href":"https:\/\/hospitalariars.com.br\/index.php\/wp-json\/wp\/v2\/product_cat?post=8607"},{"taxonomy":"product_tag","embeddable":true,"href":"https:\/\/hospitalariars.com.br\/index.php\/wp-json\/wp\/v2\/product_tag?post=8607"}],"curies":[{"name":"wp","href":"https:\/\/api.w.org\/{rel}","templated":true}]}}