{"id":8609,"date":"2025-07-09T14:20:25","date_gmt":"2025-07-09T17:20:25","guid":{"rendered":"https:\/\/hospitalariars.com.br\/?post_type=product&#038;p=8609"},"modified":"2026-03-27T16:03:26","modified_gmt":"2026-03-27T19:03:26","slug":"eletrodo-cardioclip-para-uso-adulto-haoxi","status":"publish","type":"product","link":"https:\/\/hospitalariars.com.br\/index.php\/produto\/eletrodo-cardioclip-para-uso-adulto-haoxi\/","title":{"rendered":"Eletrodo Cardioclip para Uso Adulto \u2013 Haoxi"},"content":{"rendered":"<p data-start=\"144\" data-end=\"480\"><strong data-start=\"144\" data-end=\"158\">Descri\u00e7\u00e3o:<\/strong><br data-start=\"158\" data-end=\"161\" \/>O Eletrodo Cardioclip para Uso Adulto \u2013 Haoxi \u00e9 indicado para monitoramento card\u00edaco, oferecendo excelente condu\u00e7\u00e3o el\u00e9trica e conforto ao paciente. Compat\u00edvel com sistemas de eletrocardiografia, possui fixa\u00e7\u00e3o segura e \u00e9 fabricado com materiais hipoalerg\u00eanicos, garantindo uso prolongado com m\u00ednimo risco de irrita\u00e7\u00e3o.<\/p>\n<p data-start=\"482\" data-end=\"512\"><strong data-start=\"482\" data-end=\"510\">Especifica\u00e7\u00f5es T\u00e9cnicas:<\/strong><\/p>\n<ul data-start=\"513\" data-end=\"717\">\n<li data-start=\"513\" data-end=\"528\">\n<p data-start=\"515\" data-end=\"528\">Uso: Adulto<\/p>\n<\/li>\n<li data-start=\"529\" data-end=\"587\">\n<p data-start=\"531\" data-end=\"587\">Aplica\u00e7\u00e3o: Monitoramento card\u00edaco e eletrocardiografia<\/p>\n<\/li>\n<li data-start=\"588\" data-end=\"626\">\n<p data-start=\"590\" data-end=\"626\">Tipo: Eletrodo adesivo descart\u00e1vel<\/p>\n<\/li>\n<li data-start=\"627\" data-end=\"666\">\n<p data-start=\"629\" data-end=\"666\">Material: Hipoalerg\u00eanico e condutor<\/p>\n<\/li>\n<li data-start=\"667\" data-end=\"700\">\n<p data-start=\"669\" data-end=\"700\">Fixa\u00e7\u00e3o: Seguro e confort\u00e1vel<\/p>\n<\/li>\n<li data-start=\"701\" data-end=\"717\">\n<p data-start=\"703\" data-end=\"717\">Marca: Haoxi<\/p>\n<\/li>\n<\/ul>\n","protected":false},"excerpt":{"rendered":"Descri\u00e7\u00e3o:O Eletrodo Cardioclip para Uso Adulto \u2013 Haoxi \u00e9 indicado para monitoramento card\u00edaco, oferecendo excelente condu\u00e7\u00e3o el\u00e9trica e&hellip;","protected":false},"featured_media":8608,"comment_status":"open","ping_status":"closed","template":"","meta":{"slim_seo":{"title":"Eletrodo Cardioclip para Uso Adulto \u2013 Haoxi - Hospitalaria RS","description":"Descri\u00e7\u00e3o: O Eletrodo Cardioclip para Uso Adulto \u2013 Haoxi \u00e9 indicado para monitoramento card\u00edaco, oferecendo excelente condu\u00e7\u00e3o el\u00e9trica e conforto ao paciente."}},"product_brand":[1065],"product_cat":[38],"product_tag":[1573,1029,1572,1571,617,1574,1071,1575,1576,1036],"class_list":{"0":"post-8609","1":"product","2":"type-product","3":"status-publish","4":"has-post-thumbnail","6":"product_brand-haoxi","7":"product_cat-oxigenoterapia","8":"product_tag-eletrocardiografia","9":"product_tag-eletrodo-adesivo","10":"product_tag-eletrodo-adulto","11":"product_tag-eletrodo-cardioclip","12":"product_tag-eletrodo-descartavel","13":"product_tag-eletrodo-haoxi","14":"product_tag-equipamento-hospitalar","15":"product_tag-material-medico","16":"product_tag-monitor-cardiaco","17":"product_tag-monitoramento-cardiaco","18":"mbf-entry","20":"first","21":"outofstock","22":"shipping-taxable","23":"purchasable","24":"product-type-simple"},"_links":{"self":[{"href":"https:\/\/hospitalariars.com.br\/index.php\/wp-json\/wp\/v2\/product\/8609","targetHints":{"allow":["GET"]}}],"collection":[{"href":"https:\/\/hospitalariars.com.br\/index.php\/wp-json\/wp\/v2\/product"}],"about":[{"href":"https:\/\/hospitalariars.com.br\/index.php\/wp-json\/wp\/v2\/types\/product"}],"replies":[{"embeddable":true,"href":"https:\/\/hospitalariars.com.br\/index.php\/wp-json\/wp\/v2\/comments?post=8609"}],"wp:featuredmedia":[{"embeddable":true,"href":"https:\/\/hospitalariars.com.br\/index.php\/wp-json\/wp\/v2\/media\/8608"}],"wp:attachment":[{"href":"https:\/\/hospitalariars.com.br\/index.php\/wp-json\/wp\/v2\/media?parent=8609"}],"wp:term":[{"taxonomy":"product_brand","embeddable":true,"href":"https:\/\/hospitalariars.com.br\/index.php\/wp-json\/wp\/v2\/product_brand?post=8609"},{"taxonomy":"product_cat","embeddable":true,"href":"https:\/\/hospitalariars.com.br\/index.php\/wp-json\/wp\/v2\/product_cat?post=8609"},{"taxonomy":"product_tag","embeddable":true,"href":"https:\/\/hospitalariars.com.br\/index.php\/wp-json\/wp\/v2\/product_tag?post=8609"}],"curies":[{"name":"wp","href":"https:\/\/api.w.org\/{rel}","templated":true}]}}