{"id":8612,"date":"2025-07-09T14:22:37","date_gmt":"2025-07-09T17:22:37","guid":{"rendered":"https:\/\/hospitalariars.com.br\/?post_type=product&#038;p=8612"},"modified":"2026-03-27T16:03:26","modified_gmt":"2026-03-27T19:03:26","slug":"eletrodo-precordial-azul-infantil-com-pera-de-silicone-haoxi","status":"publish","type":"product","link":"https:\/\/hospitalariars.com.br\/index.php\/produto\/eletrodo-precordial-azul-infantil-com-pera-de-silicone-haoxi\/","title":{"rendered":"Eletrodo Precordial Azul Infantil com Pera de Silicone \u2013 Haoxi"},"content":{"rendered":"<p data-start=\"149\" data-end=\"474\"><strong data-start=\"149\" data-end=\"163\">Descri\u00e7\u00e3o:<\/strong><br data-start=\"163\" data-end=\"166\" \/>O Eletrodo Precordial Azul Infantil com Pera de Silicone \u2013 Haoxi \u00e9 indicado para monitoramento eletrocardiogr\u00e1fico em pacientes pedi\u00e1tricos. Possui pera de silicone que garante excelente contato el\u00e9trico e conforto durante o exame. Sua cor azul facilita a identifica\u00e7\u00e3o e diferencia\u00e7\u00e3o na montagem dos cabos.<\/p>\n<p data-start=\"476\" data-end=\"506\"><strong data-start=\"476\" data-end=\"504\">Especifica\u00e7\u00f5es T\u00e9cnicas:<\/strong><\/p>\n<ul data-start=\"507\" data-end=\"754\">\n<li data-start=\"507\" data-end=\"524\">\n<p data-start=\"509\" data-end=\"524\">Uso: Infantil<\/p>\n<\/li>\n<li data-start=\"525\" data-end=\"584\">\n<p data-start=\"527\" data-end=\"584\">Aplica\u00e7\u00e3o: Monitoramento eletrocardiogr\u00e1fico precordial<\/p>\n<\/li>\n<li data-start=\"585\" data-end=\"624\">\n<p data-start=\"587\" data-end=\"624\">Tipo: Eletrodo com pera de silicone<\/p>\n<\/li>\n<li data-start=\"625\" data-end=\"638\">\n<p data-start=\"627\" data-end=\"638\">Cor: Azul<\/p>\n<\/li>\n<li data-start=\"639\" data-end=\"686\">\n<p data-start=\"641\" data-end=\"686\">Material: Silicone e componentes condutores<\/p>\n<\/li>\n<li data-start=\"687\" data-end=\"737\">\n<p data-start=\"689\" data-end=\"737\">Caracter\u00edstica: Alta sensibilidade e ader\u00eancia<\/p>\n<\/li>\n<li data-start=\"738\" data-end=\"754\">\n<p data-start=\"740\" data-end=\"754\">Marca: Haoxi<\/p>\n<\/li>\n<\/ul>\n","protected":false},"excerpt":{"rendered":"Descri\u00e7\u00e3o:O Eletrodo Precordial Azul Infantil com Pera de Silicone \u2013 Haoxi \u00e9 indicado para monitoramento eletrocardiogr\u00e1fico em pacientes&hellip;","protected":false},"featured_media":8611,"comment_status":"open","ping_status":"closed","template":"","meta":{"slim_seo":{"title":"Eletrodo Precordial Azul Infantil com Pera de Silicone \u2013 Haoxi - Hospitalaria RS","description":"Descri\u00e7\u00e3o: O Eletrodo Precordial Azul Infantil com Pera de Silicone \u2013 Haoxi \u00e9 indicado para monitoramento eletrocardiogr\u00e1fico em pacientes pedi\u00e1tricos. Possui p"}},"product_brand":[1065],"product_cat":[38],"product_tag":[1580,1583,1579,1574,1582,1581,1485,1576,1584,1578],"class_list":{"0":"post-8612","1":"product","2":"type-product","3":"status-publish","4":"has-post-thumbnail","6":"product_brand-haoxi","7":"product_cat-oxigenoterapia","8":"product_tag-acessorios-hospitalares","9":"product_tag-eletrodo-azul","10":"product_tag-eletrodo-eletrocardiografia","11":"product_tag-eletrodo-haoxi","12":"product_tag-eletrodo-precordial-infantil","13":"product_tag-eletrodo-sensivel","14":"product_tag-equipamento-medico-infantil","15":"product_tag-monitor-cardiaco","16":"product_tag-monitoramento-pediatrico","17":"product_tag-pera-silicone","18":"mbf-entry","20":"first","21":"outofstock","22":"shipping-taxable","23":"purchasable","24":"product-type-simple"},"_links":{"self":[{"href":"https:\/\/hospitalariars.com.br\/index.php\/wp-json\/wp\/v2\/product\/8612","targetHints":{"allow":["GET"]}}],"collection":[{"href":"https:\/\/hospitalariars.com.br\/index.php\/wp-json\/wp\/v2\/product"}],"about":[{"href":"https:\/\/hospitalariars.com.br\/index.php\/wp-json\/wp\/v2\/types\/product"}],"replies":[{"embeddable":true,"href":"https:\/\/hospitalariars.com.br\/index.php\/wp-json\/wp\/v2\/comments?post=8612"}],"wp:featuredmedia":[{"embeddable":true,"href":"https:\/\/hospitalariars.com.br\/index.php\/wp-json\/wp\/v2\/media\/8611"}],"wp:attachment":[{"href":"https:\/\/hospitalariars.com.br\/index.php\/wp-json\/wp\/v2\/media?parent=8612"}],"wp:term":[{"taxonomy":"product_brand","embeddable":true,"href":"https:\/\/hospitalariars.com.br\/index.php\/wp-json\/wp\/v2\/product_brand?post=8612"},{"taxonomy":"product_cat","embeddable":true,"href":"https:\/\/hospitalariars.com.br\/index.php\/wp-json\/wp\/v2\/product_cat?post=8612"},{"taxonomy":"product_tag","embeddable":true,"href":"https:\/\/hospitalariars.com.br\/index.php\/wp-json\/wp\/v2\/product_tag?post=8612"}],"curies":[{"name":"wp","href":"https:\/\/api.w.org\/{rel}","templated":true}]}}