{"id":8613,"date":"2025-07-09T14:37:05","date_gmt":"2025-07-09T17:37:05","guid":{"rendered":"https:\/\/hospitalariars.com.br\/?post_type=product&#038;p=8613"},"modified":"2026-03-27T16:03:26","modified_gmt":"2026-03-27T19:03:26","slug":"cabo-infantil-com-fibra-optica-led-para-laringoscopio-haoxi","status":"publish","type":"product","link":"https:\/\/hospitalariars.com.br\/index.php\/produto\/cabo-infantil-com-fibra-optica-led-para-laringoscopio-haoxi\/","title":{"rendered":"Cabo Infantil com Fibra \u00d3ptica LED para Laringosc\u00f3pio \u2013 Haoxi"},"content":{"rendered":"<p data-start=\"162\" data-end=\"488\"><strong data-start=\"162\" data-end=\"176\">Descri\u00e7\u00e3o:<\/strong><br data-start=\"176\" data-end=\"179\" \/>O Cabo Infantil com Fibra \u00d3ptica LED para Laringosc\u00f3pio \u2013 Haoxi \u00e9 indicado para uso em procedimentos de intuba\u00e7\u00e3o pedi\u00e1trica, proporcionando ilumina\u00e7\u00e3o intensa e precisa atrav\u00e9s de tecnologia LED. Compat\u00edvel com l\u00e2minas com fibra \u00f3ptica, oferece maior durabilidade, desempenho e seguran\u00e7a no manuseio cl\u00ednico.<\/p>\n<p data-start=\"490\" data-end=\"520\"><strong data-start=\"490\" data-end=\"518\">Especifica\u00e7\u00f5es T\u00e9cnicas:<\/strong><\/p>\n<ul data-start=\"521\" data-end=\"783\">\n<li data-start=\"521\" data-end=\"554\">\n<p data-start=\"523\" data-end=\"554\">Tipo: Cabo para laringosc\u00f3pio<\/p>\n<\/li>\n<li data-start=\"555\" data-end=\"589\">\n<p data-start=\"557\" data-end=\"589\">Tecnologia: Ilumina\u00e7\u00e3o por LED<\/p>\n<\/li>\n<li data-start=\"590\" data-end=\"626\">\n<p data-start=\"592\" data-end=\"626\">Aplica\u00e7\u00e3o: Pedi\u00e1trica \/ Infantil<\/p>\n<\/li>\n<li data-start=\"627\" data-end=\"672\">\n<p data-start=\"629\" data-end=\"672\">Compatibilidade: L\u00e2minas com fibra \u00f3ptica<\/p>\n<\/li>\n<li data-start=\"673\" data-end=\"716\">\n<p data-start=\"675\" data-end=\"716\">Material: Corpo resistente e ergon\u00f4mico<\/p>\n<\/li>\n<li data-start=\"717\" data-end=\"766\">\n<p data-start=\"719\" data-end=\"766\">Uso: M\u00e9dico-hospitalar, anestesia, emerg\u00eancia<\/p>\n<\/li>\n<li data-start=\"767\" data-end=\"783\">\n<p data-start=\"769\" data-end=\"783\">Marca: Haoxi<\/p>\n<\/li>\n<\/ul>\n","protected":false},"excerpt":{"rendered":"Descri\u00e7\u00e3o:O Cabo Infantil com Fibra \u00d3ptica LED para Laringosc\u00f3pio \u2013 Haoxi \u00e9 indicado para uso em procedimentos de&hellip;","protected":false},"featured_media":8614,"comment_status":"open","ping_status":"closed","template":"","meta":{"slim_seo":{"title":"Cabo Infantil com Fibra \u00d3ptica LED para Laringosc\u00f3pio \u2013 Haoxi - Hospitalaria RS","description":"Descri\u00e7\u00e3o: O Cabo Infantil com Fibra \u00d3ptica LED para Laringosc\u00f3pio \u2013 Haoxi \u00e9 indicado para uso em procedimentos de intuba\u00e7\u00e3o pedi\u00e1trica, proporcionando ilumina\u00e7"}},"product_brand":[1065],"product_cat":[38],"product_tag":[1428,1590,1433,1588,1587,1585,1586,1440,1589,1434],"class_list":{"0":"post-8613","1":"product","2":"type-product","3":"status-publish","4":"has-post-thumbnail","6":"product_brand-haoxi","7":"product_cat-oxigenoterapia","8":"product_tag-cabo-haoxi","9":"product_tag-cabo-infantil-laringo","10":"product_tag-cabo-laringoscopio-infantil","11":"product_tag-cabo-medico-hospitalar","12":"product_tag-equipamento-anestesia-infantil","13":"product_tag-fibra-optica-led","14":"product_tag-iluminacao-led-laringo","15":"product_tag-intubacao-pediatrica","16":"product_tag-laringoscopio-led","17":"product_tag-laringoscopio-pediatrico","18":"mbf-entry","20":"first","21":"outofstock","22":"shipping-taxable","23":"purchasable","24":"product-type-simple"},"_links":{"self":[{"href":"https:\/\/hospitalariars.com.br\/index.php\/wp-json\/wp\/v2\/product\/8613","targetHints":{"allow":["GET"]}}],"collection":[{"href":"https:\/\/hospitalariars.com.br\/index.php\/wp-json\/wp\/v2\/product"}],"about":[{"href":"https:\/\/hospitalariars.com.br\/index.php\/wp-json\/wp\/v2\/types\/product"}],"replies":[{"embeddable":true,"href":"https:\/\/hospitalariars.com.br\/index.php\/wp-json\/wp\/v2\/comments?post=8613"}],"wp:featuredmedia":[{"embeddable":true,"href":"https:\/\/hospitalariars.com.br\/index.php\/wp-json\/wp\/v2\/media\/8614"}],"wp:attachment":[{"href":"https:\/\/hospitalariars.com.br\/index.php\/wp-json\/wp\/v2\/media?parent=8613"}],"wp:term":[{"taxonomy":"product_brand","embeddable":true,"href":"https:\/\/hospitalariars.com.br\/index.php\/wp-json\/wp\/v2\/product_brand?post=8613"},{"taxonomy":"product_cat","embeddable":true,"href":"https:\/\/hospitalariars.com.br\/index.php\/wp-json\/wp\/v2\/product_cat?post=8613"},{"taxonomy":"product_tag","embeddable":true,"href":"https:\/\/hospitalariars.com.br\/index.php\/wp-json\/wp\/v2\/product_tag?post=8613"}],"curies":[{"name":"wp","href":"https:\/\/api.w.org\/{rel}","templated":true}]}}