{"id":8615,"date":"2025-07-09T14:39:51","date_gmt":"2025-07-09T17:39:51","guid":{"rendered":"https:\/\/hospitalariars.com.br\/?post_type=product&#038;p=8615"},"modified":"2026-03-27T16:03:26","modified_gmt":"2026-03-27T19:03:26","slug":"cabo-adulto-com-fibra-optica-led-para-laringoscopio-haoxi","status":"publish","type":"product","link":"https:\/\/hospitalariars.com.br\/index.php\/produto\/cabo-adulto-com-fibra-optica-led-para-laringoscopio-haoxi\/","title":{"rendered":"Cabo Adulto com Fibra \u00d3ptica LED para Laringosc\u00f3pio \u2013 Haoxi"},"content":{"rendered":"<p data-start=\"152\" data-end=\"530\"><strong data-start=\"152\" data-end=\"166\">Descri\u00e7\u00e3o:<\/strong><br data-start=\"166\" data-end=\"169\" \/>O Cabo Adulto com Fibra \u00d3ptica LED para Laringosc\u00f3pio \u2013 Haoxi \u00e9 indicado para procedimentos de intuba\u00e7\u00e3o em pacientes adultos. Com tecnologia de ilumina\u00e7\u00e3o LED integrada \u00e0 fibra \u00f3ptica, proporciona luz intensa, clara e eficiente durante o uso. Compat\u00edvel com l\u00e2minas com fibra \u00f3ptica, \u00e9 resistente, ergon\u00f4mico e ideal para ambientes hospitalares e emergenciais.<\/p>\n<p data-start=\"532\" data-end=\"562\"><strong data-start=\"532\" data-end=\"560\">Especifica\u00e7\u00f5es T\u00e9cnicas:<\/strong><\/p>\n<ul data-start=\"563\" data-end=\"842\">\n<li data-start=\"563\" data-end=\"596\">\n<p data-start=\"565\" data-end=\"596\">Tipo: Cabo para laringosc\u00f3pio<\/p>\n<\/li>\n<li data-start=\"597\" data-end=\"648\">\n<p data-start=\"599\" data-end=\"648\">Tecnologia: Ilumina\u00e7\u00e3o por LED com fibra \u00f3ptica<\/p>\n<\/li>\n<li data-start=\"649\" data-end=\"674\">\n<p data-start=\"651\" data-end=\"674\">Aplica\u00e7\u00e3o: Uso adulto<\/p>\n<\/li>\n<li data-start=\"675\" data-end=\"720\">\n<p data-start=\"677\" data-end=\"720\">Compatibilidade: L\u00e2minas com fibra \u00f3ptica<\/p>\n<\/li>\n<li data-start=\"721\" data-end=\"774\">\n<p data-start=\"723\" data-end=\"774\">Material: Estrutura resistente e design anat\u00f4mico<\/p>\n<\/li>\n<li data-start=\"775\" data-end=\"825\">\n<p data-start=\"777\" data-end=\"825\">Uso: Hospitalar, emerg\u00eancia e centro cir\u00fargico<\/p>\n<\/li>\n<li data-start=\"826\" data-end=\"842\">\n<p data-start=\"828\" data-end=\"842\">Marca: Haoxi<\/p>\n<\/li>\n<\/ul>\n","protected":false},"excerpt":{"rendered":"Descri\u00e7\u00e3o:O Cabo Adulto com Fibra \u00d3ptica LED para Laringosc\u00f3pio \u2013 Haoxi \u00e9 indicado para procedimentos de intuba\u00e7\u00e3o em&hellip;","protected":false},"featured_media":8616,"comment_status":"open","ping_status":"closed","template":"","meta":{"slim_seo":{"title":"Cabo Adulto com Fibra \u00d3ptica LED para Laringosc\u00f3pio \u2013 Haoxi - Hospitalaria RS","description":"Descri\u00e7\u00e3o: O Cabo Adulto com Fibra \u00d3ptica LED para Laringosc\u00f3pio \u2013 Haoxi \u00e9 indicado para procedimentos de intuba\u00e7\u00e3o em pacientes adultos. Com tecnologia de ilum"}},"product_brand":[1065],"product_cat":[38],"product_tag":[1591,1595,1593,1588,1596,1516,1585,1594,1431,1592],"class_list":{"0":"post-8615","1":"product","2":"type-product","3":"status-publish","4":"has-post-thumbnail","6":"product_brand-haoxi","7":"product_cat-oxigenoterapia","8":"product_tag-cabo-laringoscopio-adulto","9":"product_tag-cabo-led-haoxi","10":"product_tag-cabo-led-intubacao","11":"product_tag-cabo-medico-hospitalar","12":"product_tag-cabo-para-lamina-otica","13":"product_tag-equipamento-anestesia","14":"product_tag-fibra-optica-led","15":"product_tag-iluminacao-laringoscopio","16":"product_tag-intubacao-adulto","17":"product_tag-laringoscopio-haoxi","18":"mbf-entry","20":"first","21":"outofstock","22":"shipping-taxable","23":"purchasable","24":"product-type-simple"},"_links":{"self":[{"href":"https:\/\/hospitalariars.com.br\/index.php\/wp-json\/wp\/v2\/product\/8615","targetHints":{"allow":["GET"]}}],"collection":[{"href":"https:\/\/hospitalariars.com.br\/index.php\/wp-json\/wp\/v2\/product"}],"about":[{"href":"https:\/\/hospitalariars.com.br\/index.php\/wp-json\/wp\/v2\/types\/product"}],"replies":[{"embeddable":true,"href":"https:\/\/hospitalariars.com.br\/index.php\/wp-json\/wp\/v2\/comments?post=8615"}],"wp:featuredmedia":[{"embeddable":true,"href":"https:\/\/hospitalariars.com.br\/index.php\/wp-json\/wp\/v2\/media\/8616"}],"wp:attachment":[{"href":"https:\/\/hospitalariars.com.br\/index.php\/wp-json\/wp\/v2\/media?parent=8615"}],"wp:term":[{"taxonomy":"product_brand","embeddable":true,"href":"https:\/\/hospitalariars.com.br\/index.php\/wp-json\/wp\/v2\/product_brand?post=8615"},{"taxonomy":"product_cat","embeddable":true,"href":"https:\/\/hospitalariars.com.br\/index.php\/wp-json\/wp\/v2\/product_cat?post=8615"},{"taxonomy":"product_tag","embeddable":true,"href":"https:\/\/hospitalariars.com.br\/index.php\/wp-json\/wp\/v2\/product_tag?post=8615"}],"curies":[{"name":"wp","href":"https:\/\/api.w.org\/{rel}","templated":true}]}}