{"id":8617,"date":"2025-07-09T14:44:33","date_gmt":"2025-07-09T17:44:33","guid":{"rendered":"https:\/\/hospitalariars.com.br\/?post_type=product&#038;p=8617"},"modified":"2026-03-27T16:03:26","modified_gmt":"2026-03-27T19:03:26","slug":"lamina-reta-n-00-com-fibra-optica-para-laringoscopio-haoxi","status":"publish","type":"product","link":"https:\/\/hospitalariars.com.br\/index.php\/produto\/lamina-reta-n-00-com-fibra-optica-para-laringoscopio-haoxi\/","title":{"rendered":"L\u00e2mina Reta N\u00b0 00 com Fibra \u00d3ptica para Laringosc\u00f3pio \u2013 Haoxi"},"content":{"rendered":"<p data-start=\"164\" data-end=\"564\"><strong data-start=\"164\" data-end=\"178\">Descri\u00e7\u00e3o:<\/strong><br data-start=\"178\" data-end=\"181\" \/>A L\u00e2mina Reta N\u00b0 00 com Fibra \u00d3ptica para Laringosc\u00f3pio \u2013 Haoxi \u00e9 indicada para procedimentos de intuba\u00e7\u00e3o em neonatos. Possui ilumina\u00e7\u00e3o por fibra \u00f3ptica de alta intensidade, oferecendo excelente visualiza\u00e7\u00e3o das vias a\u00e9reas superiores. Fabricada em a\u00e7o inoxid\u00e1vel, \u00e9 compat\u00edvel com cabos de laringosc\u00f3pio com tecnologia \u00f3ptica e proporciona durabilidade e seguran\u00e7a no uso cl\u00ednico.<\/p>\n<p data-start=\"566\" data-end=\"596\"><strong data-start=\"566\" data-end=\"594\">Especifica\u00e7\u00f5es T\u00e9cnicas:<\/strong><\/p>\n<ul data-start=\"597\" data-end=\"867\">\n<li data-start=\"597\" data-end=\"622\">\n<p data-start=\"599\" data-end=\"622\">Modelo: Reta (Miller)<\/p>\n<\/li>\n<li data-start=\"623\" data-end=\"641\">\n<p data-start=\"625\" data-end=\"641\">Tamanho: N\u00b0 00<\/p>\n<\/li>\n<li data-start=\"642\" data-end=\"665\">\n<p data-start=\"644\" data-end=\"665\">Aplica\u00e7\u00e3o: Neonatal<\/p>\n<\/li>\n<li data-start=\"666\" data-end=\"704\">\n<p data-start=\"668\" data-end=\"704\">Ilumina\u00e7\u00e3o: Fibra \u00f3ptica integrada<\/p>\n<\/li>\n<li data-start=\"705\" data-end=\"753\">\n<p data-start=\"707\" data-end=\"753\">Material: A\u00e7o inoxid\u00e1vel de alta resist\u00eancia<\/p>\n<\/li>\n<li data-start=\"754\" data-end=\"804\">\n<p data-start=\"756\" data-end=\"804\">Compatibilidade: Cabos com fibra \u00f3ptica padr\u00e3o<\/p>\n<\/li>\n<li data-start=\"805\" data-end=\"850\">\n<p data-start=\"807\" data-end=\"850\">Uso: Hospitalar, UTI neonatal, emerg\u00eancia<\/p>\n<\/li>\n<li data-start=\"851\" data-end=\"867\">\n<p data-start=\"853\" data-end=\"867\">Marca: Haoxi<\/p>\n<\/li>\n<\/ul>\n","protected":false},"excerpt":{"rendered":"Descri\u00e7\u00e3o:A L\u00e2mina Reta N\u00b0 00 com Fibra \u00d3ptica para Laringosc\u00f3pio \u2013 Haoxi \u00e9 indicada para procedimentos de intuba\u00e7\u00e3o&hellip;","protected":false},"featured_media":8618,"comment_status":"open","ping_status":"closed","template":"","meta":{"slim_seo":{"title":"L\u00e2mina Reta N\u00b0 00 com Fibra \u00d3ptica para Laringosc\u00f3pio \u2013 Haoxi - Hospitalaria RS","description":"Descri\u00e7\u00e3o: A L\u00e2mina Reta N\u00b0 00 com Fibra \u00d3ptica para Laringosc\u00f3pio \u2013 Haoxi \u00e9 indicada para procedimentos de intuba\u00e7\u00e3o em neonatos. Possui ilumina\u00e7\u00e3o por fibra \u00f3"}},"product_brand":[1065],"product_cat":[38],"product_tag":[1071,1599,1601,1603,1445,1602,1600,1598,1597,1444],"class_list":{"0":"post-8617","1":"product","2":"type-product","3":"status-publish","4":"has-post-thumbnail","6":"product_brand-haoxi","7":"product_cat-oxigenoterapia","8":"product_tag-equipamento-hospitalar","9":"product_tag-fibra-optica-laringoscopio","10":"product_tag-intubacao-neonato","11":"product_tag-lamina-fibra-otica","12":"product_tag-lamina-haoxi","13":"product_tag-lamina-inox","14":"product_tag-lamina-miller-00","15":"product_tag-lamina-neonatal","16":"product_tag-lamina-reta-00","17":"product_tag-laringoscopio-neonatal","18":"mbf-entry","20":"first","21":"outofstock","22":"shipping-taxable","23":"purchasable","24":"product-type-simple"},"_links":{"self":[{"href":"https:\/\/hospitalariars.com.br\/index.php\/wp-json\/wp\/v2\/product\/8617","targetHints":{"allow":["GET"]}}],"collection":[{"href":"https:\/\/hospitalariars.com.br\/index.php\/wp-json\/wp\/v2\/product"}],"about":[{"href":"https:\/\/hospitalariars.com.br\/index.php\/wp-json\/wp\/v2\/types\/product"}],"replies":[{"embeddable":true,"href":"https:\/\/hospitalariars.com.br\/index.php\/wp-json\/wp\/v2\/comments?post=8617"}],"wp:featuredmedia":[{"embeddable":true,"href":"https:\/\/hospitalariars.com.br\/index.php\/wp-json\/wp\/v2\/media\/8618"}],"wp:attachment":[{"href":"https:\/\/hospitalariars.com.br\/index.php\/wp-json\/wp\/v2\/media?parent=8617"}],"wp:term":[{"taxonomy":"product_brand","embeddable":true,"href":"https:\/\/hospitalariars.com.br\/index.php\/wp-json\/wp\/v2\/product_brand?post=8617"},{"taxonomy":"product_cat","embeddable":true,"href":"https:\/\/hospitalariars.com.br\/index.php\/wp-json\/wp\/v2\/product_cat?post=8617"},{"taxonomy":"product_tag","embeddable":true,"href":"https:\/\/hospitalariars.com.br\/index.php\/wp-json\/wp\/v2\/product_tag?post=8617"}],"curies":[{"name":"wp","href":"https:\/\/api.w.org\/{rel}","templated":true}]}}