{"id":8627,"date":"2025-07-10T13:45:04","date_gmt":"2025-07-10T16:45:04","guid":{"rendered":"https:\/\/hospitalariars.com.br\/?post_type=product&#038;p=8627"},"modified":"2026-03-27T16:03:26","modified_gmt":"2026-03-27T19:03:26","slug":"lamina-fibra-otica-reta-no-2-haoxi","status":"publish","type":"product","link":"https:\/\/hospitalariars.com.br\/index.php\/produto\/lamina-fibra-otica-reta-no-2-haoxi\/","title":{"rendered":"L\u00e2mina Reta N\u00b0 2 com Fibra \u00d3ptica para Laringosc\u00f3pio \u2013 Haoxi"},"content":{"rendered":"<h3 data-start=\"228\" data-end=\"244\">Descri\u00e7\u00e3o:<\/h3>\n<p data-start=\"245\" data-end=\"652\">A L\u00e2mina Reta N\u00b0 2 com Fibra \u00d3ptica para Laringosc\u00f3pio \u2013 Haoxi \u00e9 indicada para intuba\u00e7\u00e3o orotraqueal em crian\u00e7as maiores ou adultos com anatomia favor\u00e1vel. Possui ilumina\u00e7\u00e3o por fibra \u00f3ptica integrada, garantindo visualiza\u00e7\u00e3o eficiente da via a\u00e9rea e facilitando procedimentos anest\u00e9sicos e de emerg\u00eancia. Fabricada em a\u00e7o inoxid\u00e1vel, \u00e9 resistente, segura e compat\u00edvel com cabos com sistema de fibra \u00f3ptica.<\/p>\n<h3 data-start=\"744\" data-end=\"772\">Especifica\u00e7\u00f5es T\u00e9cnicas:<\/h3>\n<p data-start=\"774\" data-end=\"1052\">Modelo: Reta (Miller)<br data-start=\"795\" data-end=\"798\" \/>Tamanho: N\u00b0 2<br data-start=\"811\" data-end=\"814\" \/>Aplica\u00e7\u00e3o: Pedi\u00e1trico maior \/ Adulto<br data-start=\"850\" data-end=\"853\" \/>Ilumina\u00e7\u00e3o: Fibra \u00f3ptica de alta intensidade<br data-start=\"897\" data-end=\"900\" \/>Material: A\u00e7o inoxid\u00e1vel resistente<br data-start=\"935\" data-end=\"938\" \/>Compatibilidade: Cabos com sistema de fibra \u00f3ptica<br data-start=\"988\" data-end=\"991\" \/>Uso: Hospitalar, anestesia, pronto atendimento<br data-start=\"1037\" data-end=\"1040\" \/>Marca: Haoxi<\/p>\n","protected":false},"excerpt":{"rendered":"Descri\u00e7\u00e3o: A L\u00e2mina Reta N\u00b0 2 com Fibra \u00d3ptica para Laringosc\u00f3pio \u2013 Haoxi \u00e9 indicada para intuba\u00e7\u00e3o orotraqueal&hellip;","protected":false},"featured_media":8629,"comment_status":"open","ping_status":"closed","template":"","meta":{"slim_seo":{"title":"L\u00e2mina Reta N\u00b0 2 com Fibra \u00d3ptica para Laringosc\u00f3pio \u2013 Haoxi - Hospitalaria RS","description":"Descri\u00e7\u00e3o: A L\u00e2mina Reta N\u00b0 2 com Fibra \u00d3ptica para Laringosc\u00f3pio \u2013 Haoxi \u00e9 indicada para intuba\u00e7\u00e3o orotraqueal em crian\u00e7as maiores ou adultos com anatomia favo"}},"product_brand":[1065],"product_cat":[38],"product_tag":[1618,1208,1012,1617,1613,1073,1619,1616,1602,1612,1614,1615,1480,1620],"class_list":{"0":"post-8627","1":"product","2":"type-product","3":"status-publish","4":"has-post-thumbnail","6":"product_brand-haoxi","7":"product_cat-oxigenoterapia","8":"product_tag-clinica","9":"product_tag-emergencia","10":"product_tag-equipamento-medico","11":"product_tag-fibra-optica","12":"product_tag-fibra-otica","13":"product_tag-haoxi","14":"product_tag-hospitais","15":"product_tag-intubacao","16":"product_tag-lamina-inox","17":"product_tag-lamina-laringoscopio","18":"product_tag-lamina-reta-no-2","19":"product_tag-laringoscopia","20":"product_tag-material-hospitalar","21":"product_tag-produto-esterilizavel","22":"mbf-entry","24":"first","25":"outofstock","26":"shipping-taxable","27":"purchasable","28":"product-type-simple"},"_links":{"self":[{"href":"https:\/\/hospitalariars.com.br\/index.php\/wp-json\/wp\/v2\/product\/8627","targetHints":{"allow":["GET"]}}],"collection":[{"href":"https:\/\/hospitalariars.com.br\/index.php\/wp-json\/wp\/v2\/product"}],"about":[{"href":"https:\/\/hospitalariars.com.br\/index.php\/wp-json\/wp\/v2\/types\/product"}],"replies":[{"embeddable":true,"href":"https:\/\/hospitalariars.com.br\/index.php\/wp-json\/wp\/v2\/comments?post=8627"}],"wp:featuredmedia":[{"embeddable":true,"href":"https:\/\/hospitalariars.com.br\/index.php\/wp-json\/wp\/v2\/media\/8629"}],"wp:attachment":[{"href":"https:\/\/hospitalariars.com.br\/index.php\/wp-json\/wp\/v2\/media?parent=8627"}],"wp:term":[{"taxonomy":"product_brand","embeddable":true,"href":"https:\/\/hospitalariars.com.br\/index.php\/wp-json\/wp\/v2\/product_brand?post=8627"},{"taxonomy":"product_cat","embeddable":true,"href":"https:\/\/hospitalariars.com.br\/index.php\/wp-json\/wp\/v2\/product_cat?post=8627"},{"taxonomy":"product_tag","embeddable":true,"href":"https:\/\/hospitalariars.com.br\/index.php\/wp-json\/wp\/v2\/product_tag?post=8627"}],"curies":[{"name":"wp","href":"https:\/\/api.w.org\/{rel}","templated":true}]}}