{"id":8631,"date":"2025-07-10T13:53:33","date_gmt":"2025-07-10T16:53:33","guid":{"rendered":"https:\/\/hospitalariars.com.br\/?post_type=product&#038;p=8631"},"modified":"2026-03-27T16:03:25","modified_gmt":"2026-03-27T19:03:25","slug":"lamina-reta-n-3-com-fibra-optica-para-laringoscopio-haoxi","status":"publish","type":"product","link":"https:\/\/hospitalariars.com.br\/index.php\/produto\/lamina-reta-n-3-com-fibra-optica-para-laringoscopio-haoxi\/","title":{"rendered":"L\u00e2mina Reta N\u00b0 3 com Fibra \u00d3ptica para Laringosc\u00f3pio \u2013 Haoxi"},"content":{"rendered":"<h3 data-start=\"282\" data-end=\"298\">Descri\u00e7\u00e3o:<\/h3>\n<p data-start=\"299\" data-end=\"752\">A L\u00e2mina Reta N\u00b0 3 com Fibra \u00d3ptica para Laringosc\u00f3pio \u2013 Haoxi \u00e9 indicada para intuba\u00e7\u00e3o orotraqueal em pacientes adultos.<br data-start=\"421\" data-end=\"424\" \/>Conta com ilumina\u00e7\u00e3o por fibra \u00f3ptica integrada, que permite excelente visualiza\u00e7\u00e3o da via a\u00e9rea.<br data-start=\"521\" data-end=\"524\" \/>Facilita procedimentos em ambientes hospitalares, anestesia e pronto atendimento.<br data-start=\"605\" data-end=\"608\" \/>\u00c9 fabricada em a\u00e7o inoxid\u00e1vel de alta resist\u00eancia, proporcionando maior durabilidade.<br data-start=\"693\" data-end=\"696\" \/>Compat\u00edvel com cabos padr\u00e3o com sistema de fibra \u00f3ptica.<\/p>\n<h3 data-start=\"759\" data-end=\"787\">Especifica\u00e7\u00f5es T\u00e9cnicas:<\/h3>\n<p data-start=\"789\" data-end=\"1048\">Modelo: Reta (Miller)<br data-start=\"810\" data-end=\"813\" \/>Tamanho: N\u00b0 3<br data-start=\"826\" data-end=\"829\" \/>Aplica\u00e7\u00e3o: Adulto<br data-start=\"846\" data-end=\"849\" \/>Ilumina\u00e7\u00e3o: Fibra \u00f3ptica de alta intensidade<br data-start=\"893\" data-end=\"896\" \/>Material: A\u00e7o inoxid\u00e1vel resistente<br data-start=\"931\" data-end=\"934\" \/>Compatibilidade: Cabos com sistema de fibra \u00f3ptica<br data-start=\"984\" data-end=\"987\" \/>Uso: Hospitalar, anestesia, pronto atendimento<br data-start=\"1033\" data-end=\"1036\" \/>Marca: Haoxi<\/p>\n","protected":false},"excerpt":{"rendered":"Descri\u00e7\u00e3o: A L\u00e2mina Reta N\u00b0 3 com Fibra \u00d3ptica para Laringosc\u00f3pio \u2013 Haoxi \u00e9 indicada para intuba\u00e7\u00e3o orotraqueal&hellip;","protected":false},"featured_media":8633,"comment_status":"open","ping_status":"closed","template":"","meta":{"slim_seo":{"title":"L\u00e2mina Reta N\u00b0 3 com Fibra \u00d3ptica para Laringosc\u00f3pio \u2013 Haoxi - Hospitalaria RS","description":"Descri\u00e7\u00e3o: A L\u00e2mina Reta N\u00b0 3 com Fibra \u00d3ptica para Laringosc\u00f3pio \u2013 Haoxi \u00e9 indicada para intuba\u00e7\u00e3o orotraqueal em pacientes adultos. Conta com ilumina\u00e7\u00e3o por f"}},"product_brand":[1065],"product_cat":[38],"product_tag":[937,1112,1618,1625,1012,1613,1073,1624,1612,1621,1623,1622,1480,1627,1626],"class_list":{"0":"post-8631","1":"product","2":"type-product","3":"status-publish","4":"has-post-thumbnail","6":"product_brand-haoxi","7":"product_cat-oxigenoterapia","8":"product_tag-aco-inoxidavel","9":"product_tag-anestesia","10":"product_tag-clinica","11":"product_tag-emergencia-medica","12":"product_tag-equipamento-medico","13":"product_tag-fibra-otica","14":"product_tag-haoxi","15":"product_tag-intubacao-orotraqueal","16":"product_tag-lamina-laringoscopio","17":"product_tag-lamina-reta-no-3","18":"product_tag-laringoscopia-adulto","19":"product_tag-laringoscopio-fibra-optica","20":"product_tag-material-hospitalar","21":"product_tag-produtos-reutilizaveis","22":"product_tag-pronto-atendimento","23":"mbf-entry","25":"first","26":"outofstock","27":"shipping-taxable","28":"purchasable","29":"product-type-simple"},"_links":{"self":[{"href":"https:\/\/hospitalariars.com.br\/index.php\/wp-json\/wp\/v2\/product\/8631","targetHints":{"allow":["GET"]}}],"collection":[{"href":"https:\/\/hospitalariars.com.br\/index.php\/wp-json\/wp\/v2\/product"}],"about":[{"href":"https:\/\/hospitalariars.com.br\/index.php\/wp-json\/wp\/v2\/types\/product"}],"replies":[{"embeddable":true,"href":"https:\/\/hospitalariars.com.br\/index.php\/wp-json\/wp\/v2\/comments?post=8631"}],"wp:featuredmedia":[{"embeddable":true,"href":"https:\/\/hospitalariars.com.br\/index.php\/wp-json\/wp\/v2\/media\/8633"}],"wp:attachment":[{"href":"https:\/\/hospitalariars.com.br\/index.php\/wp-json\/wp\/v2\/media?parent=8631"}],"wp:term":[{"taxonomy":"product_brand","embeddable":true,"href":"https:\/\/hospitalariars.com.br\/index.php\/wp-json\/wp\/v2\/product_brand?post=8631"},{"taxonomy":"product_cat","embeddable":true,"href":"https:\/\/hospitalariars.com.br\/index.php\/wp-json\/wp\/v2\/product_cat?post=8631"},{"taxonomy":"product_tag","embeddable":true,"href":"https:\/\/hospitalariars.com.br\/index.php\/wp-json\/wp\/v2\/product_tag?post=8631"}],"curies":[{"name":"wp","href":"https:\/\/api.w.org\/{rel}","templated":true}]}}