{"id":8636,"date":"2025-07-10T14:03:36","date_gmt":"2025-07-10T17:03:36","guid":{"rendered":"https:\/\/hospitalariars.com.br\/?post_type=product&#038;p=8636"},"modified":"2026-03-27T16:03:25","modified_gmt":"2026-03-27T19:03:25","slug":"lamina-curva-n-0-com-fibra-optica-para-laringoscopio-haoxi","status":"publish","type":"product","link":"https:\/\/hospitalariars.com.br\/index.php\/produto\/lamina-curva-n-0-com-fibra-optica-para-laringoscopio-haoxi\/","title":{"rendered":"L\u00e2mina Curva N\u00b0 0 com Fibra \u00d3ptica para Laringosc\u00f3pio \u2013 Haoxi"},"content":{"rendered":"<p data-start=\"82\" data-end=\"609\">Descri\u00e7\u00e3o:<br data-start=\"92\" data-end=\"95\" \/>A L\u00e2mina Curva N\u00b0 0 com Fibra \u00d3ptica para Laringosc\u00f3pio \u2013 Haoxi \u00e9 indicada para intuba\u00e7\u00e3o orotraqueal em rec\u00e9m-natos e beb\u00eas.<br data-start=\"220\" data-end=\"223\" \/>Conta com ilumina\u00e7\u00e3o por fibra \u00f3ptica integrada, proporcionando excelente visualiza\u00e7\u00e3o da via a\u00e9rea mesmo em condi\u00e7\u00f5es dif\u00edceis.<br data-start=\"351\" data-end=\"354\" \/>Ideal para uso em anestesia, emerg\u00eancia e unidades de terapia intensiva neonatais.<br data-start=\"436\" data-end=\"439\" \/>Fabricada em a\u00e7o inoxid\u00e1vel, oferece alta resist\u00eancia, durabilidade e seguran\u00e7a durante o procedimento.<br data-start=\"542\" data-end=\"545\" \/>Compat\u00edvel com cabos padr\u00e3o que possuem sistema de fibra \u00f3ptica.<\/p>\n<p data-start=\"611\" data-end=\"922\">Especifica\u00e7\u00f5es T\u00e9cnicas:<br data-start=\"635\" data-end=\"638\" \/>Modelo: Curva (Macintosh)<br data-start=\"663\" data-end=\"666\" \/>Tamanho: N\u00b0 0<br data-start=\"679\" data-end=\"682\" \/>Aplica\u00e7\u00e3o: Neonatal \/ Rec\u00e9m-nato<br data-start=\"714\" data-end=\"717\" \/>Ilumina\u00e7\u00e3o: Fibra \u00f3ptica de alta intensidade<br data-start=\"761\" data-end=\"764\" \/>Material: A\u00e7o inoxid\u00e1vel resistente<br data-start=\"799\" data-end=\"802\" \/>Compatibilidade: Cabos com sistema de fibra \u00f3ptica<br data-start=\"852\" data-end=\"855\" \/>Uso: Hospitalar, anestesia, emerg\u00eancia, UTI neonatal<br data-start=\"907\" data-end=\"910\" \/>Marca: Haoxi<\/p>\n","protected":false},"excerpt":{"rendered":"Descri\u00e7\u00e3o:A L\u00e2mina Curva N\u00b0 0 com Fibra \u00d3ptica para Laringosc\u00f3pio \u2013 Haoxi \u00e9 indicada para intuba\u00e7\u00e3o orotraqueal em&hellip;","protected":false},"featured_media":8637,"comment_status":"open","ping_status":"closed","template":"","meta":{"slim_seo":{"title":"L\u00e2mina Curva N\u00b0 0 com Fibra \u00d3ptica para Laringosc\u00f3pio \u2013 Haoxi - Hospitalaria RS","description":"Descri\u00e7\u00e3o: A L\u00e2mina Curva N\u00b0 0 com Fibra \u00d3ptica para Laringosc\u00f3pio \u2013 Haoxi \u00e9 indicada para intuba\u00e7\u00e3o orotraqueal em rec\u00e9m-natos e beb\u00eas. Conta com ilumina\u00e7\u00e3o po"}},"product_brand":[1065],"product_cat":[38],"product_tag":[937,1112,1618,1625,1012,1617,1073,1624,1629,1612,1630,1622,1480,1627,1626,1225],"class_list":{"0":"post-8636","1":"product","2":"type-product","3":"status-publish","4":"has-post-thumbnail","6":"product_brand-haoxi","7":"product_cat-oxigenoterapia","8":"product_tag-aco-inoxidavel","9":"product_tag-anestesia","10":"product_tag-clinica","11":"product_tag-emergencia-medica","12":"product_tag-equipamento-medico","13":"product_tag-fibra-optica","14":"product_tag-haoxi","15":"product_tag-intubacao-orotraqueal","16":"product_tag-lamina-curva-no-0","17":"product_tag-lamina-laringoscopio","18":"product_tag-laringoscopia-neonatal","19":"product_tag-laringoscopio-fibra-optica","20":"product_tag-material-hospitalar","21":"product_tag-produtos-reutilizaveis","22":"product_tag-pronto-atendimento","23":"product_tag-uti-neonatal","24":"mbf-entry","26":"first","27":"outofstock","28":"shipping-taxable","29":"purchasable","30":"product-type-simple"},"_links":{"self":[{"href":"https:\/\/hospitalariars.com.br\/index.php\/wp-json\/wp\/v2\/product\/8636","targetHints":{"allow":["GET"]}}],"collection":[{"href":"https:\/\/hospitalariars.com.br\/index.php\/wp-json\/wp\/v2\/product"}],"about":[{"href":"https:\/\/hospitalariars.com.br\/index.php\/wp-json\/wp\/v2\/types\/product"}],"replies":[{"embeddable":true,"href":"https:\/\/hospitalariars.com.br\/index.php\/wp-json\/wp\/v2\/comments?post=8636"}],"wp:featuredmedia":[{"embeddable":true,"href":"https:\/\/hospitalariars.com.br\/index.php\/wp-json\/wp\/v2\/media\/8637"}],"wp:attachment":[{"href":"https:\/\/hospitalariars.com.br\/index.php\/wp-json\/wp\/v2\/media?parent=8636"}],"wp:term":[{"taxonomy":"product_brand","embeddable":true,"href":"https:\/\/hospitalariars.com.br\/index.php\/wp-json\/wp\/v2\/product_brand?post=8636"},{"taxonomy":"product_cat","embeddable":true,"href":"https:\/\/hospitalariars.com.br\/index.php\/wp-json\/wp\/v2\/product_cat?post=8636"},{"taxonomy":"product_tag","embeddable":true,"href":"https:\/\/hospitalariars.com.br\/index.php\/wp-json\/wp\/v2\/product_tag?post=8636"}],"curies":[{"name":"wp","href":"https:\/\/api.w.org\/{rel}","templated":true}]}}