{"id":8644,"date":"2025-07-10T14:30:49","date_gmt":"2025-07-10T17:30:49","guid":{"rendered":"https:\/\/hospitalariars.com.br\/?post_type=product&#038;p=8644"},"modified":"2026-03-27T16:03:25","modified_gmt":"2026-03-27T19:03:25","slug":"lamina-curva-n-4-com-fibra-optica-para-laringoscopio-haoxi","status":"publish","type":"product","link":"https:\/\/hospitalariars.com.br\/index.php\/produto\/lamina-curva-n-4-com-fibra-optica-para-laringoscopio-haoxi\/","title":{"rendered":"L\u00e2mina Curva N\u00b0 4 com Fibra \u00d3ptica para Laringosc\u00f3pio \u2013 Haoxi"},"content":{"rendered":"<p data-start=\"86\" data-end=\"620\"><strong data-start=\"86\" data-end=\"100\">Descri\u00e7\u00e3o:<\/strong><br data-start=\"100\" data-end=\"103\" \/><strong data-start=\"103\" data-end=\"170\">A L\u00e2mina Curva N\u00b0 4 com Fibra \u00d3ptica para Laringosc\u00f3pio \u2013 Haoxi<\/strong> \u00e9 indicada para intuba\u00e7\u00e3o orotraqueal em adultos, especialmente em pacientes que necessitam de maior alcance e manuseio facilitado.<br data-start=\"302\" data-end=\"305\" \/>Possui ilumina\u00e7\u00e3o por fibra \u00f3ptica integrada, garantindo visualiza\u00e7\u00e3o eficaz da via a\u00e9rea durante procedimentos anest\u00e9sicos, emergenciais e em UTI.<br data-start=\"452\" data-end=\"455\" \/>Produzida em a\u00e7o inoxid\u00e1vel, proporciona resist\u00eancia, durabilidade e seguran\u00e7a no uso hospitalar.<br data-start=\"552\" data-end=\"555\" \/>Compat\u00edvel com cabos padr\u00e3o que utilizam sistema de fibra \u00f3ptica.<\/p>\n<p data-start=\"622\" data-end=\"909\">Especifica\u00e7\u00f5es T\u00e9cnicas:<br data-start=\"646\" data-end=\"649\" \/>Modelo: Curva (Macintosh)<br data-start=\"674\" data-end=\"677\" \/>Tamanho: N\u00b0 4<br data-start=\"690\" data-end=\"693\" \/>Aplica\u00e7\u00e3o: Adulto<br data-start=\"710\" data-end=\"713\" \/>Ilumina\u00e7\u00e3o: Fibra \u00f3ptica de alta intensidade<br data-start=\"757\" data-end=\"760\" \/>Material: A\u00e7o inoxid\u00e1vel resistente<br data-start=\"795\" data-end=\"798\" \/>Compatibilidade: Cabos com sistema de fibra \u00f3ptica<br data-start=\"848\" data-end=\"851\" \/>Uso: Hospitalar, anestesia, emerg\u00eancia, UTI<br data-start=\"894\" data-end=\"897\" \/>Marca: Haoxi<\/p>\n","protected":false},"excerpt":{"rendered":"Descri\u00e7\u00e3o:A L\u00e2mina Curva N\u00b0 4 com Fibra \u00d3ptica para Laringosc\u00f3pio \u2013 Haoxi \u00e9 indicada para intuba\u00e7\u00e3o orotraqueal em&hellip;","protected":false},"featured_media":8645,"comment_status":"open","ping_status":"closed","template":"","meta":{"slim_seo":{"title":"L\u00e2mina Curva N\u00b0 4 com Fibra \u00d3ptica para Laringosc\u00f3pio \u2013 Haoxi - Hospitalaria RS","description":"Descri\u00e7\u00e3o: A L\u00e2mina Curva N\u00b0 4 com Fibra \u00d3ptica para Laringosc\u00f3pio \u2013 Haoxi \u00e9 indicada para intuba\u00e7\u00e3o orotraqueal em adultos, especialmente em pacientes que nece"}},"product_brand":[1065],"product_cat":[38],"product_tag":[937,1112,1618,1625,1012,1617,1073,1624,1636,1612,1623,1622,1480,1627,1626,1141],"class_list":{"0":"post-8644","1":"product","2":"type-product","3":"status-publish","4":"has-post-thumbnail","6":"product_brand-haoxi","7":"product_cat-oxigenoterapia","8":"product_tag-aco-inoxidavel","9":"product_tag-anestesia","10":"product_tag-clinica","11":"product_tag-emergencia-medica","12":"product_tag-equipamento-medico","13":"product_tag-fibra-optica","14":"product_tag-haoxi","15":"product_tag-intubacao-orotraqueal","16":"product_tag-lamina-curva-no-4","17":"product_tag-lamina-laringoscopio","18":"product_tag-laringoscopia-adulto","19":"product_tag-laringoscopio-fibra-optica","20":"product_tag-material-hospitalar","21":"product_tag-produtos-reutilizaveis","22":"product_tag-pronto-atendimento","23":"product_tag-uti","24":"mbf-entry","26":"first","27":"outofstock","28":"shipping-taxable","29":"purchasable","30":"product-type-simple"},"_links":{"self":[{"href":"https:\/\/hospitalariars.com.br\/index.php\/wp-json\/wp\/v2\/product\/8644","targetHints":{"allow":["GET"]}}],"collection":[{"href":"https:\/\/hospitalariars.com.br\/index.php\/wp-json\/wp\/v2\/product"}],"about":[{"href":"https:\/\/hospitalariars.com.br\/index.php\/wp-json\/wp\/v2\/types\/product"}],"replies":[{"embeddable":true,"href":"https:\/\/hospitalariars.com.br\/index.php\/wp-json\/wp\/v2\/comments?post=8644"}],"wp:featuredmedia":[{"embeddable":true,"href":"https:\/\/hospitalariars.com.br\/index.php\/wp-json\/wp\/v2\/media\/8645"}],"wp:attachment":[{"href":"https:\/\/hospitalariars.com.br\/index.php\/wp-json\/wp\/v2\/media?parent=8644"}],"wp:term":[{"taxonomy":"product_brand","embeddable":true,"href":"https:\/\/hospitalariars.com.br\/index.php\/wp-json\/wp\/v2\/product_brand?post=8644"},{"taxonomy":"product_cat","embeddable":true,"href":"https:\/\/hospitalariars.com.br\/index.php\/wp-json\/wp\/v2\/product_cat?post=8644"},{"taxonomy":"product_tag","embeddable":true,"href":"https:\/\/hospitalariars.com.br\/index.php\/wp-json\/wp\/v2\/product_tag?post=8644"}],"curies":[{"name":"wp","href":"https:\/\/api.w.org\/{rel}","templated":true}]}}