{"id":8674,"date":"2025-07-17T10:17:34","date_gmt":"2025-07-17T13:17:34","guid":{"rendered":"https:\/\/hospitalariars.com.br\/?post_type=product&#038;p=8674"},"modified":"2026-03-27T16:03:25","modified_gmt":"2026-03-27T19:03:25","slug":"alcool-70o-inpm-6l-01un-zeppelin","status":"publish","type":"product","link":"https:\/\/hospitalariars.com.br\/index.php\/produto\/alcool-70o-inpm-6l-01un-zeppelin\/","title":{"rendered":"\u00c1lcool 70\u00ba INPM 6L &#8211; 01un &#8211;  Zeppelin"},"content":{"rendered":"<h3 data-start=\"247\" data-end=\"275\"><strong data-start=\"251\" data-end=\"275\">Descri\u00e7\u00e3o Comercial:<\/strong><\/h3>\n<p data-start=\"276\" data-end=\"585\">O \u00c1lcool Et\u00edlico 70\u00ba INPM da Zeppelin \u00e9 um desinfetante hospitalar de alta efic\u00e1cia indicado para higieniza\u00e7\u00e3o e antissepsia de superf\u00edcies fixas e equipamentos. Ideal para uso profissional em cl\u00ednicas, hospitais, consult\u00f3rios e ambientes que exigem alto padr\u00e3o de limpeza e controle microbiol\u00f3gico.<\/p>\n<p data-start=\"587\" data-end=\"739\">Sua formula\u00e7\u00e3o na concentra\u00e7\u00e3o de 70% proporciona a\u00e7\u00e3o r\u00e1pida contra v\u00edrus, bact\u00e9rias e fungos, garantindo a seguran\u00e7a sanit\u00e1ria no ambiente hospitalar.<\/p>\n<h3 data-start=\"746\" data-end=\"778\"><strong data-start=\"750\" data-end=\"778\">Especifica\u00e7\u00f5es T\u00e9cnicas:<\/strong><\/h3>\n<ul data-start=\"779\" data-end=\"1196\">\n<li data-start=\"779\" data-end=\"802\">\n<p data-start=\"781\" data-end=\"802\"><strong data-start=\"781\" data-end=\"791\">Marca:<\/strong> Zeppelin<\/p>\n<\/li>\n<li data-start=\"803\" data-end=\"841\">\n<p data-start=\"805\" data-end=\"841\"><strong data-start=\"805\" data-end=\"814\">Tipo:<\/strong> \u00c1lcool Et\u00edlico<\/p>\n<\/li>\n<li data-start=\"803\" data-end=\"841\">\n<p data-start=\"805\" data-end=\"841\"><strong data-start=\"844\" data-end=\"861\">Concentra\u00e7\u00e3o:<\/strong> 70\u00ba INPM<\/p>\n<\/li>\n<li data-start=\"873\" data-end=\"897\">\n<p data-start=\"875\" data-end=\"897\"><strong data-start=\"875\" data-end=\"886\">Volume:<\/strong> 6 litros<\/p>\n<\/li>\n<li data-start=\"898\" data-end=\"941\">\n<p data-start=\"900\" data-end=\"941\"><strong data-start=\"900\" data-end=\"915\">Finalidade:<\/strong> Desinfetante hospitalar<\/p>\n<\/li>\n<li data-start=\"1020\" data-end=\"1095\">\n<p data-start=\"1022\" data-end=\"1095\"><strong data-start=\"1022\" data-end=\"1036\">Indica\u00e7\u00e3o:<\/strong> Higieniza\u00e7\u00e3o de superf\u00edcies fixas e artigos n\u00e3o cr\u00edticos<\/p>\n<\/li>\n<li data-start=\"1096\" data-end=\"1126\">\n<p data-start=\"1098\" data-end=\"1126\"><strong data-start=\"1098\" data-end=\"1116\">Estado f\u00edsico:<\/strong> L\u00edquido<\/p>\n<\/li>\n<li data-start=\"1127\" data-end=\"1169\">\n<p data-start=\"1129\" data-end=\"1169\"><strong data-start=\"1129\" data-end=\"1143\">Embalagem:<\/strong> Gal\u00e3o pl\u00e1stico com al\u00e7a<\/p>\n<\/li>\n<li data-start=\"1170\" data-end=\"1196\">\n<p data-start=\"1172\" data-end=\"1196\"><strong data-start=\"1172\" data-end=\"1192\">Registro ANVISA:<\/strong> Sim<\/p>\n<\/li>\n<\/ul>\n","protected":false},"excerpt":{"rendered":"Descri\u00e7\u00e3o Comercial: O \u00c1lcool Et\u00edlico 70\u00ba INPM da Zeppelin \u00e9 um desinfetante hospitalar de alta efic\u00e1cia indicado para&hellip;","protected":false},"featured_media":8675,"comment_status":"open","ping_status":"closed","template":"","meta":{"slim_seo":{"title":"\u00c1lcool 70\u00ba INPM 6L - 01un - Zeppelin - Hospitalaria RS","description":"Descri\u00e7\u00e3o Comercial: O \u00c1lcool Et\u00edlico 70\u00ba INPM da Zeppelin \u00e9 um desinfetante hospitalar de alta efic\u00e1cia indicado para higieniza\u00e7\u00e3o e antissepsia de superf\u00edcies"}},"product_brand":[195],"product_cat":[36],"product_tag":[1648,1650,1652,1649,1651,1653],"class_list":{"0":"post-8674","1":"product","2":"type-product","3":"status-publish","4":"has-post-thumbnail","6":"product_brand-zeppelinn","7":"product_cat-materiais-de-consumo","8":"product_tag-alcool-70-hospitalar","9":"product_tag-alcool-70-zeppelin","10":"product_tag-alcool-etilico-hidratado-70","11":"product_tag-desinfetante-hospitalar","12":"product_tag-galao-alcool-6l","13":"product_tag-higienizacao-hospitalar","14":"mbf-entry","16":"first","17":"outofstock","18":"sale","19":"shipping-taxable","20":"purchasable","21":"product-type-simple"},"_links":{"self":[{"href":"https:\/\/hospitalariars.com.br\/index.php\/wp-json\/wp\/v2\/product\/8674","targetHints":{"allow":["GET"]}}],"collection":[{"href":"https:\/\/hospitalariars.com.br\/index.php\/wp-json\/wp\/v2\/product"}],"about":[{"href":"https:\/\/hospitalariars.com.br\/index.php\/wp-json\/wp\/v2\/types\/product"}],"replies":[{"embeddable":true,"href":"https:\/\/hospitalariars.com.br\/index.php\/wp-json\/wp\/v2\/comments?post=8674"}],"wp:featuredmedia":[{"embeddable":true,"href":"https:\/\/hospitalariars.com.br\/index.php\/wp-json\/wp\/v2\/media\/8675"}],"wp:attachment":[{"href":"https:\/\/hospitalariars.com.br\/index.php\/wp-json\/wp\/v2\/media?parent=8674"}],"wp:term":[{"taxonomy":"product_brand","embeddable":true,"href":"https:\/\/hospitalariars.com.br\/index.php\/wp-json\/wp\/v2\/product_brand?post=8674"},{"taxonomy":"product_cat","embeddable":true,"href":"https:\/\/hospitalariars.com.br\/index.php\/wp-json\/wp\/v2\/product_cat?post=8674"},{"taxonomy":"product_tag","embeddable":true,"href":"https:\/\/hospitalariars.com.br\/index.php\/wp-json\/wp\/v2\/product_tag?post=8674"}],"curies":[{"name":"wp","href":"https:\/\/api.w.org\/{rel}","templated":true}]}}