{"id":8692,"date":"2025-07-22T16:01:41","date_gmt":"2025-07-22T19:01:41","guid":{"rendered":"https:\/\/hospitalariars.com.br\/?post_type=product&#038;p=8692"},"modified":"2026-03-27T16:03:25","modified_gmt":"2026-03-27T19:03:25","slug":"pinca-kelly-hemostatica-14cm-reta-abc","status":"publish","type":"product","link":"https:\/\/hospitalariars.com.br\/index.php\/produto\/pinca-kelly-hemostatica-14cm-reta-abc\/","title":{"rendered":"Pin\u00e7a Kelly Hemost\u00e1tica 14cm Reta &#8211; Abc"},"content":{"rendered":"<h2><strong>Caracter\u00edsticas da Pin\u00e7a Kelly<\/strong><\/h2>\n<p>A\u00a0Pin\u00e7a Kelly \u00e9 uma pin\u00e7a tipo hemost\u00e1tica utilizados principalmente para fixar grandes vasos sangu\u00edneos ou manipular tecidos pesados, tamb\u00e9m podem ser usados para dissec\u00e7\u00e3o de tecidos moles. As mand\u00edbulas da Pin\u00e7a Kelly tem 1\/3 do comprimento das hastes e as serrilhas s\u00e3o 1\/2 do comprimento das mand\u00edbulas. Produto de alt\u00edssima qualidade confeccionado em A\u00e7o Inoxid\u00e1vel Cir\u00fargico. Qualidade verificada para garantir imperfei\u00e7\u00f5es, como arestas ou rebarbas indesejadas, reduzindo o risco de infec\u00e7\u00e3o e contamina\u00e7\u00e3o cruzada.<\/p>\n<h3><strong>Especifica\u00e7\u00f5es T\u00e9cnicas<\/strong><\/h3>\n<p>Modelo da Ponta: Reta<br \/>\nTamanhos Dispon\u00edveis:<\/p>\n<ul>\n<li>14 cm<\/li>\n<\/ul>\n<p>F\u00e1cil limpeza e esteriliza\u00e7\u00e3o.<\/p>\n<p>Todos nossos instrumentos cir\u00fargicos s\u00e3o embalados individualmente, com os dados de identifica\u00e7\u00e3o, proced\u00eancia e rastreabilidade.<\/p>\n<p>Garantia de 10 anos contra defeitos de fabrica\u00e7\u00e3o.<\/p>\n<p><strong>Cerifica\u00e7\u00f5es:<\/strong>\u00a0Fabricado de acordo com Padr\u00f5es Internacionais de Qualidade, Normas da ABNT, CE.<\/p>\n","protected":false},"excerpt":{"rendered":"Caracter\u00edsticas da Pin\u00e7a Kelly A\u00a0Pin\u00e7a Kelly \u00e9 uma pin\u00e7a tipo hemost\u00e1tica utilizados principalmente para fixar grandes vasos sangu\u00edneos&hellip;","protected":false},"featured_media":8694,"comment_status":"open","ping_status":"closed","template":"","meta":{"slim_seo":{"title":"Pin\u00e7a Kelly Hemost\u00e1tica 14cm Reta - Abc - Hospitalaria RS","description":"Caracter\u00edsticas da Pin\u00e7a Kelly A\u00a0Pin\u00e7a Kelly \u00e9 uma pin\u00e7a tipo hemost\u00e1tica utilizados principalmente para fixar grandes vasos sangu\u00edneos ou manipular tecidos pes"}},"product_brand":[630],"product_cat":[35],"product_tag":[1657,1660,1658,1656,1654,1655,1659],"class_list":{"0":"post-8692","1":"product","2":"type-product","3":"status-publish","4":"has-post-thumbnail","6":"product_brand-abc","7":"product_cat-instrumentos-cirurgicos","8":"product_tag-instrumento-cirurgico-kelly","9":"product_tag-instrumento-com-certificacao-ce","10":"product_tag-pinca-de-disseccao","11":"product_tag-pinca-hemostatica-kelly","12":"product_tag-pinca-kelly","13":"product_tag-pinca-kelly-reta","14":"product_tag-pinca-para-vasos-sanguineos","15":"mbf-entry","17":"first","18":"outofstock","19":"shipping-taxable","20":"purchasable","21":"product-type-simple"},"_links":{"self":[{"href":"https:\/\/hospitalariars.com.br\/index.php\/wp-json\/wp\/v2\/product\/8692","targetHints":{"allow":["GET"]}}],"collection":[{"href":"https:\/\/hospitalariars.com.br\/index.php\/wp-json\/wp\/v2\/product"}],"about":[{"href":"https:\/\/hospitalariars.com.br\/index.php\/wp-json\/wp\/v2\/types\/product"}],"replies":[{"embeddable":true,"href":"https:\/\/hospitalariars.com.br\/index.php\/wp-json\/wp\/v2\/comments?post=8692"}],"wp:featuredmedia":[{"embeddable":true,"href":"https:\/\/hospitalariars.com.br\/index.php\/wp-json\/wp\/v2\/media\/8694"}],"wp:attachment":[{"href":"https:\/\/hospitalariars.com.br\/index.php\/wp-json\/wp\/v2\/media?parent=8692"}],"wp:term":[{"taxonomy":"product_brand","embeddable":true,"href":"https:\/\/hospitalariars.com.br\/index.php\/wp-json\/wp\/v2\/product_brand?post=8692"},{"taxonomy":"product_cat","embeddable":true,"href":"https:\/\/hospitalariars.com.br\/index.php\/wp-json\/wp\/v2\/product_cat?post=8692"},{"taxonomy":"product_tag","embeddable":true,"href":"https:\/\/hospitalariars.com.br\/index.php\/wp-json\/wp\/v2\/product_tag?post=8692"}],"curies":[{"name":"wp","href":"https:\/\/api.w.org\/{rel}","templated":true}]}}