{"id":8721,"date":"2025-07-25T15:09:28","date_gmt":"2025-07-25T18:09:28","guid":{"rendered":"https:\/\/hospitalariars.com.br\/?post_type=product&#038;p=8721"},"modified":"2026-03-27T16:03:25","modified_gmt":"2026-03-27T19:03:25","slug":"agua-destilada-para-autoclave-6-litros","status":"publish","type":"product","link":"https:\/\/hospitalariars.com.br\/index.php\/produto\/agua-destilada-para-autoclave-6-litros\/","title":{"rendered":"\u00c1gua destilada para autoclave \u2013 6 litros"},"content":{"rendered":"<p data-start=\"197\" data-end=\"211\"><strong data-start=\"197\" data-end=\"211\">Descri\u00e7\u00e3o:<\/strong><\/p>\n<p data-start=\"213\" data-end=\"516\">\u00c1gua Destilada de grau profissional, especialmente indicada para uso em autoclaves, radiadores, baterias e equipamentos sens\u00edveis que exigem \u00e1gua livre de sais e impurezas. Produto puro, sem aditivos qu\u00edmicos, garantindo maior vida \u00fatil aos dispositivos e evitando a forma\u00e7\u00e3o de res\u00edduos e incrusta\u00e7\u00f5es.<\/p>\n<p data-start=\"518\" data-end=\"615\">Ideal para cl\u00ednicas, consult\u00f3rios odontol\u00f3gicos, laborat\u00f3rios, hospitais e tamb\u00e9m uso automotivo.<\/p>\n<h3 data-start=\"887\" data-end=\"922\">\ud83d\udce6 <strong data-start=\"894\" data-end=\"922\">Especifica\u00e7\u00f5es T\u00e9cnicas:<\/strong><\/h3>\n<ul data-start=\"924\" data-end=\"1551\">\n<li data-start=\"924\" data-end=\"950\">\n<p data-start=\"926\" data-end=\"950\"><strong data-start=\"926\" data-end=\"939\">Conte\u00fado:<\/strong> 6 Litros<\/p>\n<\/li>\n<li data-start=\"951\" data-end=\"997\">\n<p data-start=\"953\" data-end=\"997\"><strong data-start=\"953\" data-end=\"962\">Tipo:<\/strong> \u00c1gua destilada grau profissional<\/p>\n<\/li>\n<li data-start=\"998\" data-end=\"1119\">\n<p data-start=\"1000\" data-end=\"1119\"><strong data-start=\"1000\" data-end=\"1022\">Indica\u00e7\u00f5es de uso:<\/strong> Autoclaves, radiadores, baterias automotivas, laborat\u00f3rios e equipamentos que exigem \u00e1gua pura<\/p>\n<\/li>\n<li data-start=\"1120\" data-end=\"1171\">\n<p data-start=\"1122\" data-end=\"1171\"><strong data-start=\"1122\" data-end=\"1133\">Pureza:<\/strong> Isenta de sais minerais e impurezas<\/p>\n<\/li>\n<li data-start=\"1172\" data-end=\"1222\">\n<p data-start=\"1174\" data-end=\"1222\"><strong data-start=\"1174\" data-end=\"1189\">Composi\u00e7\u00e3o:<\/strong> \u00c1gua purificada por destila\u00e7\u00e3o<\/p>\n<\/li>\n<li data-start=\"1223\" data-end=\"1290\">\n<p data-start=\"1225\" data-end=\"1290\"><strong data-start=\"1225\" data-end=\"1238\">Validade:<\/strong> Indeterminada (desde que armazenada corretamente)<\/p>\n<\/li>\n<li data-start=\"1291\" data-end=\"1368\">\n<p data-start=\"1293\" data-end=\"1368\"><strong data-start=\"1293\" data-end=\"1307\">Embalagem:<\/strong> Bombona pl\u00e1stica com tampa de rosca e al\u00e7a para transporte<\/p>\n<\/li>\n<li data-start=\"1369\" data-end=\"1405\">\n<p data-start=\"1371\" data-end=\"1405\"><strong data-start=\"1371\" data-end=\"1382\">Origem:<\/strong> Ind\u00fastria Brasileira<\/p>\n<\/li>\n<\/ul>\n","protected":false},"excerpt":{"rendered":"Descri\u00e7\u00e3o: \u00c1gua Destilada de grau profissional, especialmente indicada para uso em autoclaves, radiadores, baterias e equipamentos sens\u00edveis que&hellip;","protected":false},"featured_media":8723,"comment_status":"open","ping_status":"closed","template":"","meta":{"slim_seo":{"title":"\u00c1gua destilada para autoclave \u2013 6 litros - Hospitalaria RS","description":"Descri\u00e7\u00e3o: \u00c1gua Destilada de grau profissional, especialmente indicada para uso em autoclaves, radiadores, baterias e equipamentos sens\u00edveis que exigem \u00e1gua liv"}},"product_brand":[1661],"product_cat":[36],"product_tag":[1662,1663,1668,1669,1667,1664,1666,1670,1665,208],"class_list":{"0":"post-8721","1":"product","2":"type-product","3":"status-publish","4":"has-post-thumbnail","6":"product_brand-agua-destilada","7":"product_cat-materiais-de-consumo","8":"product_tag-agua-destilada-6-litros","9":"product_tag-agua-para-autoclave","10":"product_tag-agua-para-bateria","11":"product_tag-agua-para-laboratorio","12":"product_tag-agua-para-radiador","13":"product_tag-agua-purificada","14":"product_tag-agua-tecnica","15":"product_tag-produto-para-esterilizacao","16":"product_tag-sem-sais-minerais","17":"product_tag-uso-hospitalar","18":"mbf-entry","20":"first","21":"outofstock","22":"shipping-taxable","23":"purchasable","24":"product-type-simple"},"_links":{"self":[{"href":"https:\/\/hospitalariars.com.br\/index.php\/wp-json\/wp\/v2\/product\/8721","targetHints":{"allow":["GET"]}}],"collection":[{"href":"https:\/\/hospitalariars.com.br\/index.php\/wp-json\/wp\/v2\/product"}],"about":[{"href":"https:\/\/hospitalariars.com.br\/index.php\/wp-json\/wp\/v2\/types\/product"}],"replies":[{"embeddable":true,"href":"https:\/\/hospitalariars.com.br\/index.php\/wp-json\/wp\/v2\/comments?post=8721"}],"wp:featuredmedia":[{"embeddable":true,"href":"https:\/\/hospitalariars.com.br\/index.php\/wp-json\/wp\/v2\/media\/8723"}],"wp:attachment":[{"href":"https:\/\/hospitalariars.com.br\/index.php\/wp-json\/wp\/v2\/media?parent=8721"}],"wp:term":[{"taxonomy":"product_brand","embeddable":true,"href":"https:\/\/hospitalariars.com.br\/index.php\/wp-json\/wp\/v2\/product_brand?post=8721"},{"taxonomy":"product_cat","embeddable":true,"href":"https:\/\/hospitalariars.com.br\/index.php\/wp-json\/wp\/v2\/product_cat?post=8721"},{"taxonomy":"product_tag","embeddable":true,"href":"https:\/\/hospitalariars.com.br\/index.php\/wp-json\/wp\/v2\/product_tag?post=8721"}],"curies":[{"name":"wp","href":"https:\/\/api.w.org\/{rel}","templated":true}]}}