{"id":9033,"date":"2025-11-06T13:51:18","date_gmt":"2025-11-06T16:51:18","guid":{"rendered":"https:\/\/hospitalariars.com.br\/?post_type=product&#038;p=9033"},"modified":"2026-03-27T16:03:24","modified_gmt":"2026-03-27T19:03:24","slug":"seringa-hipodermica-esteril-luer-lock-sem-agulha-10-ml-rymco","status":"publish","type":"product","link":"https:\/\/hospitalariars.com.br\/index.php\/produto\/seringa-hipodermica-esteril-luer-lock-sem-agulha-10-ml-rymco\/","title":{"rendered":"Seringa hipod\u00e9rmica est\u00e9ril Luer Lock sem agulha 10 ml &#8211; RYMCO"},"content":{"rendered":"<p>SERINGA HIPOD\u00c9RMICA EST\u00c9RIL LUER LOCK SEM AGULHA 10 ml, COM EMBOLO DE SEGURAN\u00c7A<\/p>\n<p>REFERENCIA: PT037800<\/p>\n<p><strong>Descri\u00e7\u00e3o do Produto<\/strong><br data-start=\"174\" data-end=\"177\" \/>Seringa hipod\u00e9rmica est\u00e9ril de uso \u00fanico (sem agulha), indicada para aspira\u00e7\u00e3o e aplica\u00e7\u00e3o de medicamentos ou fluidos. Fabricada para uso manual seguro, oferece precis\u00e3o e facilidade no manuseio.<\/p>\n<p data-start=\"376\" data-end=\"517\"><strong data-start=\"376\" data-end=\"392\">Modo de uso:<\/strong><br data-start=\"392\" data-end=\"395\" \/>Abra a embalagem, acople a agulha, aspire o medicamento e aplique conforme o procedimento indicado. <strong>Descarte ap\u00f3s o uso<\/strong>.<\/p>\n<p data-start=\"519\" data-end=\"663\"><strong data-start=\"519\" data-end=\"534\">Precau\u00e7\u00f5es:<\/strong><br data-start=\"534\" data-end=\"537\" \/>Produto est\u00e9ril e descart\u00e1vel. Manter em local fresco e seco. N\u00e3o reutilizar nem utilizar se a embalagem estiver danificada.<\/p>\n","protected":false},"excerpt":{"rendered":"SERINGA HIPOD\u00c9RMICA EST\u00c9RIL LUER LOCK SEM AGULHA 10 ml, COM EMBOLO DE SEGURAN\u00c7A REFERENCIA: PT037800 Descri\u00e7\u00e3o do ProdutoSeringa&hellip;","protected":false},"featured_media":9035,"comment_status":"open","ping_status":"closed","template":"","meta":{"slim_seo":{"title":"Seringa hipod\u00e9rmica est\u00e9ril Luer Lock sem agulha 10 ml - RYMCO - Hospitalaria RS","description":"SERINGA HIPOD\u00c9RMICA EST\u00c9RIL LUER LOCK SEM AGULHA 10 ml, COM EMBOLO DE SEGURAN\u00c7A REFERENCIA: PT037800 Descri\u00e7\u00e3o do Produto Seringa hipod\u00e9rmica est\u00e9ril de uso \u00fani"}},"product_brand":[],"product_cat":[36],"product_tag":[],"class_list":{"0":"post-9033","1":"product","2":"type-product","3":"status-publish","4":"has-post-thumbnail","6":"product_cat-materiais-de-consumo","7":"mbf-entry","9":"first","10":"outofstock","11":"sale","12":"shipping-taxable","13":"purchasable","14":"product-type-simple"},"_links":{"self":[{"href":"https:\/\/hospitalariars.com.br\/index.php\/wp-json\/wp\/v2\/product\/9033","targetHints":{"allow":["GET"]}}],"collection":[{"href":"https:\/\/hospitalariars.com.br\/index.php\/wp-json\/wp\/v2\/product"}],"about":[{"href":"https:\/\/hospitalariars.com.br\/index.php\/wp-json\/wp\/v2\/types\/product"}],"replies":[{"embeddable":true,"href":"https:\/\/hospitalariars.com.br\/index.php\/wp-json\/wp\/v2\/comments?post=9033"}],"wp:featuredmedia":[{"embeddable":true,"href":"https:\/\/hospitalariars.com.br\/index.php\/wp-json\/wp\/v2\/media\/9035"}],"wp:attachment":[{"href":"https:\/\/hospitalariars.com.br\/index.php\/wp-json\/wp\/v2\/media?parent=9033"}],"wp:term":[{"taxonomy":"product_brand","embeddable":true,"href":"https:\/\/hospitalariars.com.br\/index.php\/wp-json\/wp\/v2\/product_brand?post=9033"},{"taxonomy":"product_cat","embeddable":true,"href":"https:\/\/hospitalariars.com.br\/index.php\/wp-json\/wp\/v2\/product_cat?post=9033"},{"taxonomy":"product_tag","embeddable":true,"href":"https:\/\/hospitalariars.com.br\/index.php\/wp-json\/wp\/v2\/product_tag?post=9033"}],"curies":[{"name":"wp","href":"https:\/\/api.w.org\/{rel}","templated":true}]}}