{"id":9041,"date":"2025-11-07T14:34:22","date_gmt":"2025-11-07T17:34:22","guid":{"rendered":"https:\/\/hospitalariars.com.br\/?post_type=product&#038;p=9041"},"modified":"2026-03-27T16:03:24","modified_gmt":"2026-03-27T19:03:24","slug":"luva-vinil-sem-po-caixa-com-100-un-descarpack","status":"publish","type":"product","link":"https:\/\/hospitalariars.com.br\/index.php\/produto\/luva-vinil-sem-po-caixa-com-100-un-descarpack\/","title":{"rendered":"Luva de vinil para procedimentos n\u00e3o cir\u00fargicos sem p\u00f3 &#8211; DESCARPACK com 100 unidades"},"content":{"rendered":"<div class=\"card__header\"><\/div>\n<div class=\"card__section\">\n<div class=\"rte text--pull\">\n<p><strong>Apresenta\u00e7\u00e3o<\/strong><\/p>\n<p data-start=\"1734\" data-end=\"1801\">Fabricada em <strong data-start=\"542\" data-end=\"582\">Policloreto de Vinila (Vinil ou PVC)<\/strong>, \u00e9 <strong data-start=\"586\" data-end=\"596\">sem p\u00f3<\/strong>, <strong data-start=\"598\" data-end=\"611\">sem l\u00e1tex<\/strong>, <strong data-start=\"613\" data-end=\"627\">ambidestra<\/strong> e <strong data-start=\"630\" data-end=\"646\">transparente<\/strong>.<br data-start=\"647\" data-end=\"650\" \/>Por ser <strong data-start=\"658\" data-end=\"701\">descart\u00e1vel, n\u00e3o est\u00e9ril e de uso \u00fanico<\/strong>, \u00e9 <strong data-start=\"705\" data-end=\"729\">proibido reprocessar<\/strong> ou reutilizar.<br data-start=\"744\" data-end=\"747\" \/>Pode ser utilizada por profissionais da <strong data-start=\"787\" data-end=\"817\">sa\u00fade, nutri\u00e7\u00e3o e est\u00e9tica<\/strong>.<\/p>\n<h4 data-start=\"825\" data-end=\"844\"><strong data-start=\"830\" data-end=\"844\">Benef\u00edcios<\/strong><\/h4>\n<ul data-start=\"846\" data-end=\"990\">\n<li data-start=\"846\" data-end=\"886\">\n<p data-start=\"848\" data-end=\"886\">Sem p\u00f3 e sem l\u00e1tex (hipoalerg\u00eanica);<\/p>\n<\/li>\n<li data-start=\"887\" data-end=\"918\">\n<p data-start=\"889\" data-end=\"918\">F\u00e1cil coloca\u00e7\u00e3o e retirada;<\/p>\n<\/li>\n<li data-start=\"919\" data-end=\"934\">\n<p data-start=\"921\" data-end=\"934\">Ambidestra;<\/p>\n<\/li>\n<li data-start=\"935\" data-end=\"990\">\n<p data-start=\"937\" data-end=\"990\">Aprovada pelo INMETRO e com CA de prote\u00e7\u00e3o qu\u00edmica.<\/p>\n<\/li>\n<\/ul>\n<p data-start=\"937\" data-end=\"990\"><strong data-start=\"1002\" data-end=\"1017\">Modo de Uso<\/strong><\/p>\n<ol data-start=\"1019\" data-end=\"1280\">\n<li data-start=\"1019\" data-end=\"1060\">\n<p data-start=\"1022\" data-end=\"1060\">Retire an\u00e9is, pulseiras ou rel\u00f3gios;<\/p>\n<\/li>\n<li data-start=\"1061\" data-end=\"1096\">\n<p data-start=\"1064\" data-end=\"1096\">Higienize e seque bem as m\u00e3os;<\/p>\n<\/li>\n<li data-start=\"1097\" data-end=\"1129\">\n<p data-start=\"1100\" data-end=\"1129\">Escolha o tamanho adequado;<\/p>\n<\/li>\n<li data-start=\"1130\" data-end=\"1190\">\n<p data-start=\"1133\" data-end=\"1190\">Verifique a integridade da luva e calce cuidadosamente;<\/p>\n<\/li>\n<li data-start=\"1191\" data-end=\"1237\">\n<p data-start=\"1194\" data-end=\"1237\">Ap\u00f3s o uso, descarte em local apropriado;<\/p>\n<\/li>\n<li data-start=\"1238\" data-end=\"1280\">\n<p data-start=\"1241\" data-end=\"1280\">Realize novamente a higiene das m\u00e3os.<\/p>\n<\/li>\n<\/ol>\n<p data-start=\"1282\" data-end=\"1338\"><strong data-start=\"1282\" data-end=\"1338\">N\u00e3o reutilizar ou esterilizar. PROIBIDO REPROCESSAR.<\/strong><\/p>\n<\/div>\n<\/div>\n","protected":false},"excerpt":{"rendered":"Apresenta\u00e7\u00e3o Fabricada em Policloreto de Vinila (Vinil ou PVC), \u00e9 sem p\u00f3, sem l\u00e1tex, ambidestra e transparente.Por ser&hellip;","protected":false},"featured_media":9042,"comment_status":"open","ping_status":"closed","template":"","meta":{"slim_seo":{"title":"Luva de vinil para procedimentos n\u00e3o cir\u00fargicos sem p\u00f3 - DESCARPACK com 100 unidades - Hospitalaria RS","description":"Apresenta\u00e7\u00e3o Fabricada em Policloreto de Vinila (Vinil ou PVC) , \u00e9 sem p\u00f3 , sem l\u00e1tex , ambidestra e transparente . Por ser descart\u00e1vel, n\u00e3o est\u00e9ril e de uso \u00fan"}},"product_brand":[1679],"product_cat":[36],"product_tag":[785,787,792],"class_list":{"0":"post-9041","1":"product","2":"type-product","3":"status-publish","4":"has-post-thumbnail","6":"product_brand-descarpack","7":"product_cat-materiais-de-consumo","8":"product_tag-luva-com-registro-anvisa-e-ca","9":"product_tag-luva-para-procedimentos-nao-cirurgicos","10":"product_tag-luva-vinil-nao-cirurgica-uso-unico","11":"mbf-entry","13":"first","14":"outofstock","15":"sale","16":"shipping-taxable","17":"purchasable","18":"product-type-variable"},"_links":{"self":[{"href":"https:\/\/hospitalariars.com.br\/index.php\/wp-json\/wp\/v2\/product\/9041","targetHints":{"allow":["GET"]}}],"collection":[{"href":"https:\/\/hospitalariars.com.br\/index.php\/wp-json\/wp\/v2\/product"}],"about":[{"href":"https:\/\/hospitalariars.com.br\/index.php\/wp-json\/wp\/v2\/types\/product"}],"replies":[{"embeddable":true,"href":"https:\/\/hospitalariars.com.br\/index.php\/wp-json\/wp\/v2\/comments?post=9041"}],"wp:featuredmedia":[{"embeddable":true,"href":"https:\/\/hospitalariars.com.br\/index.php\/wp-json\/wp\/v2\/media\/9042"}],"wp:attachment":[{"href":"https:\/\/hospitalariars.com.br\/index.php\/wp-json\/wp\/v2\/media?parent=9041"}],"wp:term":[{"taxonomy":"product_brand","embeddable":true,"href":"https:\/\/hospitalariars.com.br\/index.php\/wp-json\/wp\/v2\/product_brand?post=9041"},{"taxonomy":"product_cat","embeddable":true,"href":"https:\/\/hospitalariars.com.br\/index.php\/wp-json\/wp\/v2\/product_cat?post=9041"},{"taxonomy":"product_tag","embeddable":true,"href":"https:\/\/hospitalariars.com.br\/index.php\/wp-json\/wp\/v2\/product_tag?post=9041"}],"curies":[{"name":"wp","href":"https:\/\/api.w.org\/{rel}","templated":true}]}}