{"id":9047,"date":"2025-11-07T14:51:02","date_gmt":"2025-11-07T17:51:02","guid":{"rendered":"https:\/\/hospitalariars.com.br\/?post_type=product&#038;p=9047"},"modified":"2026-03-27T16:03:24","modified_gmt":"2026-03-27T19:03:24","slug":"luva-latex-com-po-caixa-com-100-un-descarpack","status":"publish","type":"product","link":"https:\/\/hospitalariars.com.br\/index.php\/produto\/luva-latex-com-po-caixa-com-100-un-descarpack\/","title":{"rendered":"Luva L\u00e1tex Com P\u00f3 &#8211; Caixa com 100 un &#8211; Descarpack"},"content":{"rendered":"<div class=\"card__header\">\n<h2 class=\"card__title heading h3\">Descri\u00e7\u00e3o<\/h2>\n<\/div>\n<div class=\"card__section\">\n<div class=\"rte text--pull\">\n<p>A\u00a0<strong>Luva para Procedimentos N\u00e3o Cir\u00fargicos com P\u00f3 da Descarpack<\/strong> \u00e9 uma luva de l\u00e1tex descart\u00e1vel, voltada para a utiliza\u00e7\u00e3o por profissionais da sa\u00fade em procedimentos n\u00e3o invasivos e n\u00e3o est\u00e9reis. A luva foi concebida para impedir o contato do usu\u00e1rio contra o risco de contamina\u00e7\u00f5es por l\u00edquidos ou fluidos.<\/p>\n<p>A\u00a0<strong>Luva de L\u00e1tex <\/strong>\u00e9\u00a0indicada para uso por profissionais da sa\u00fade em hospitais, consult\u00f3rios ou cl\u00ednicas m\u00e9dicas, assim como em cl\u00ednicas de odontologia ou veterin\u00e1rias. A luva atua formando uma barreira f\u00edsica, protegendo o usu\u00e1rio contra eventuais contamina\u00e7\u00f5es.<\/p>\n<h2>Benef\u00edcios<\/h2>\n<ul>\n<li>Composta de l\u00e1tex de borracha natural e amido de milho;<\/li>\n<li>Lubrificada com p\u00f3 bioabsorv\u00edvel;<\/li>\n<li>Ambidestra e com superf\u00edcie lisa;<\/li>\n<li>Oferece maior resist\u00eancia com redu\u00e7\u00e3o de fadiga;<\/li>\n<li>Certificado pelo INMETRO;<\/li>\n<li>Possui Certificado de Aprova\u00e7\u00e3o (CA) do Minist\u00e9rio do Trabalho;<\/li>\n<li>Produto n\u00e3o est\u00e9ril, descart\u00e1vel e de uso \u00fanico.<\/li>\n<\/ul>\n<h2>Modo de Uso<\/h2>\n<ul>\n<li>Verifique o tamanho adequado para suas m\u00e3os conforme indica\u00e7\u00e3o;<\/li>\n<li>Verifique a integridade da embalagem;<\/li>\n<li>Realize a higiene das m\u00e3os, assegure que as m\u00e3os estejam limpas e secas para o passo seguinte;<\/li>\n<li>Retire a luva da embalagem o mais pr\u00f3ximo poss\u00edvel do momento do uso;<\/li>\n<li>Calce a luva cuidadosamente, sem an\u00e9is, pulseiras, rel\u00f3gios ou outros acess\u00f3rios que possam perfurar o produto;<\/li>\n<li>Ap\u00f3s o uso, retire a luva e descarte-a imediatamente em local adequado;<\/li>\n<li>Realize a higiene das m\u00e3os;<\/li>\n<li>N\u00e3o reutilizar ou esterilizar ap\u00f3s o uso.<\/li>\n<li>PROIBIDO REPROCESSAR.<\/li>\n<\/ul>\n<h2>Instru\u00e7\u00f5es de uso:<\/h2>\n<div class=\"productFullDetail-rootAccordion-UmL\">\n<div class=\"productFullDetail-rootSection-ULp\">\n<div>\n<div class=\"productFullDetail-rootRichText-gvS\">1) Retire das m\u00e3os todos os objetos ou acess\u00f3rios que possam causar o rompimento das luvas durante o uso, tais como an\u00e9is, pulseiras ou rel\u00f3gios;<br \/>\n2) Lave e seque as m\u00e3os, e ent\u00e3o prossiga com a antissepsia das mesmas;<br \/>\n3) Escolha a luva mais adequada para o tamanho das suas m\u00e3os;<br \/>\n4) Verifique, antes de cal\u00e7ar as luvas, se h\u00e1 imperfei\u00e7\u00f5es como rasgos ou furos;<br \/>\n5) Calce as luvas, e utilize-as durante procedimentos n\u00e3o invasivos;<br \/>\n6) Ap\u00f3s o uso, descarte as luvas em local apropriado;<br \/>\n7) Fa\u00e7a a higieniza\u00e7\u00e3o das m\u00e3os.<\/div>\n<\/div>\n<\/div>\n<div>\n<ul>\n<li>Produto n\u00e3o est\u00e9ril, descart\u00e1vel e de uso \u00fanico.<\/li>\n<\/ul>\n<\/div>\n<\/div>\n<\/div>\n<\/div>\n","protected":false},"excerpt":{"rendered":"Descri\u00e7\u00e3o A\u00a0Luva para Procedimentos N\u00e3o Cir\u00fargicos com P\u00f3 da Descarpack \u00e9 uma luva de l\u00e1tex descart\u00e1vel, voltada para&hellip;","protected":false},"featured_media":9052,"comment_status":"open","ping_status":"closed","template":"","meta":{"slim_seo":{"title":"Luva L\u00e1tex Com P\u00f3 - Caixa com 100 un - Descarpack - Hospitalaria RS","description":"Descri\u00e7\u00e3o A\u00a0 Luva para Procedimentos N\u00e3o Cir\u00fargicos com P\u00f3 da Descarpack \u00e9 uma luva de l\u00e1tex descart\u00e1vel, voltada para a utiliza\u00e7\u00e3o por profissionais da sa\u00fade e"}},"product_brand":[1679],"product_cat":[36],"product_tag":[276,274,273,275,277],"class_list":{"0":"post-9047","1":"product","2":"type-product","3":"status-publish","4":"has-post-thumbnail","6":"product_brand-descarpack","7":"product_cat-materiais-de-consumo","8":"product_tag-luva-ambidestra-natural","9":"product_tag-luva-com-po-bioabsorvivel","10":"product_tag-luva-de-latex-nao-esterilizada","11":"product_tag-luva-descartavel-nao-cirurgica","12":"product_tag-protecao-contra-riscos-biologicos","13":"mbf-entry","15":"first","16":"outofstock","17":"sale","18":"shipping-taxable","19":"purchasable","20":"product-type-variable"},"_links":{"self":[{"href":"https:\/\/hospitalariars.com.br\/index.php\/wp-json\/wp\/v2\/product\/9047","targetHints":{"allow":["GET"]}}],"collection":[{"href":"https:\/\/hospitalariars.com.br\/index.php\/wp-json\/wp\/v2\/product"}],"about":[{"href":"https:\/\/hospitalariars.com.br\/index.php\/wp-json\/wp\/v2\/types\/product"}],"replies":[{"embeddable":true,"href":"https:\/\/hospitalariars.com.br\/index.php\/wp-json\/wp\/v2\/comments?post=9047"}],"wp:featuredmedia":[{"embeddable":true,"href":"https:\/\/hospitalariars.com.br\/index.php\/wp-json\/wp\/v2\/media\/9052"}],"wp:attachment":[{"href":"https:\/\/hospitalariars.com.br\/index.php\/wp-json\/wp\/v2\/media?parent=9047"}],"wp:term":[{"taxonomy":"product_brand","embeddable":true,"href":"https:\/\/hospitalariars.com.br\/index.php\/wp-json\/wp\/v2\/product_brand?post=9047"},{"taxonomy":"product_cat","embeddable":true,"href":"https:\/\/hospitalariars.com.br\/index.php\/wp-json\/wp\/v2\/product_cat?post=9047"},{"taxonomy":"product_tag","embeddable":true,"href":"https:\/\/hospitalariars.com.br\/index.php\/wp-json\/wp\/v2\/product_tag?post=9047"}],"curies":[{"name":"wp","href":"https:\/\/api.w.org\/{rel}","templated":true}]}}